{"id":2,"date":"2016-06-20T07:48:11","date_gmt":"2016-06-20T07:48:11","guid":{"rendered":"http:\/\/oem.proje99.com\/?page_id=2"},"modified":"2021-11-09T15:22:32","modified_gmt":"2021-11-09T12:22:32","slug":"home","status":"publish","type":"page","link":"https:\/\/o-em.com.tr\/en\/home\/","title":{"rendered":"Home"},"content":{"rendered":"<div data-elementor-type=\"wp-page\" data-elementor-id=\"2\" class=\"elementor elementor-2\" data-elementor-post-type=\"page\">\n\t\t\t\t\t\t<section class=\"elementor-section elementor-top-section elementor-element elementor-element-bba1adf elementor-section-boxed elementor-section-height-default elementor-section-height-default wd-section-disabled\" data-id=\"bba1adf\" data-element_type=\"section\">\n\t\t\t\t\t\t<div class=\"elementor-container elementor-column-gap-default\">\n\t\t\t\t\t<div class=\"elementor-column elementor-col-100 elementor-top-column elementor-element elementor-element-170c4b8\" data-id=\"170c4b8\" data-element_type=\"column\">\n\t\t\t<div class=\"elementor-widget-wrap elementor-element-populated\">\n\t\t\t\t\t\t<div class=\"elementor-element elementor-element-22de0f1 elementor-nav-menu--dropdown-tablet elementor-nav-menu__text-align-aside elementor-nav-menu--toggle elementor-nav-menu--burger elementor-widget elementor-widget-nav-menu\" data-id=\"22de0f1\" data-element_type=\"widget\" data-settings=\"{&quot;layout&quot;:&quot;horizontal&quot;,&quot;submenu_icon&quot;:{&quot;value&quot;:&quot;&lt;i class=\\&quot;fas fa-caret-down\\&quot;&gt;&lt;\\\/i&gt;&quot;,&quot;library&quot;:&quot;fa-solid&quot;},&quot;toggle&quot;:&quot;burger&quot;}\" data-widget_type=\"nav-menu.default\">\n\t\t\t\t<div class=\"elementor-widget-container\">\n\t\t\t\t\t\t<nav class=\"elementor-nav-menu--main elementor-nav-menu__container elementor-nav-menu--layout-horizontal e--pointer-underline e--animation-fade\">\n\t\t\t\t<ul id=\"menu-1-22de0f1\" class=\"elementor-nav-menu\"><li class=\"menu-item menu-item-type-custom menu-item-object-custom menu-item-1202\"><a href=\"#\" class=\"elementor-item elementor-item-anchor\">Categories<\/a><\/li>\n<\/ul>\t\t\t<\/nav>\n\t\t\t\t\t<div class=\"elementor-menu-toggle\" role=\"button\" tabindex=\"0\" aria-label=\"Menu Toggle\" aria-expanded=\"false\">\n\t\t\t<i aria-hidden=\"true\" role=\"presentation\" class=\"elementor-menu-toggle__icon--open eicon-menu-bar\"><\/i><i aria-hidden=\"true\" role=\"presentation\" class=\"elementor-menu-toggle__icon--close eicon-close\"><\/i>\t\t\t<span class=\"elementor-screen-only\">Menu<\/span>\n\t\t<\/div>\n\t\t\t\t\t<nav class=\"elementor-nav-menu--dropdown elementor-nav-menu__container\" aria-hidden=\"true\">\n\t\t\t\t<ul id=\"menu-2-22de0f1\" class=\"elementor-nav-menu\"><li class=\"menu-item menu-item-type-custom menu-item-object-custom menu-item-1202\"><a href=\"#\" class=\"elementor-item elementor-item-anchor\" tabindex=\"-1\">Categories<\/a><\/li>\n<\/ul>\t\t\t<\/nav>\n\t\t\t\t<\/div>\n\t\t\t\t<\/div>\n\t\t\t\t\t<\/div>\n\t\t<\/div>\n\t\t\t\t\t<\/div>\n\t\t<\/section>\n\t\t\t\t<section class=\"elementor-section elementor-top-section elementor-element elementor-element-4d6ac6f6 wd-section-stretch elementor-section-boxed elementor-section-height-default elementor-section-height-default\" data-id=\"4d6ac6f6\" data-element_type=\"section\" data-settings=\"{&quot;background_background&quot;:&quot;classic&quot;,&quot;shape_divider_bottom&quot;:&quot;tilt&quot;}\">\n\t\t\t\t\t<div class=\"elementor-shape elementor-shape-bottom\" data-negative=\"false\">\n\t\t\t<svg xmlns=\"http:\/\/www.w3.org\/2000\/svg\" viewbox=\"0 0 1000 100\" preserveaspectratio=\"none\">\n\t<path class=\"elementor-shape-fill\" d=\"M0,6V0h1000v100L0,6z\"\/>\n<\/svg>\t\t<\/div>\n\t\t\t\t\t<div class=\"elementor-container elementor-column-gap-default\">\n\t\t\t\t\t<div class=\"elementor-column elementor-col-50 elementor-top-column elementor-element elementor-element-27a91910\" data-id=\"27a91910\" data-element_type=\"column\">\n\t\t\t<div class=\"elementor-widget-wrap elementor-element-populated\">\n\t\t\t\t\t\t<div class=\"elementor-element elementor-element-63f7b0b7 elementor-widget elementor-widget-wd_title\" data-id=\"63f7b0b7\" data-element_type=\"widget\" data-widget_type=\"wd_title.default\">\n\t\t\t\t<div class=\"elementor-widget-container\">\n\t\t\t\t\t<div class=\"title-wrapper set-mb-s reset-last-child wd-title-color-white wd-title-style-default wd-title-size-extra-large text-left\">\n\n\t\t\t\n\t\t\t<div class=\"liner-continer\">\n\t\t\t\t<h4 class=\"woodmart-title-container title wd-fontsize-xxxl\">IT'S TOOLS MART FOR WOODMART THEME<\/h4> \n\t\t\t\t\t\t\t<\/div>\n\n\t\t\t\t\t\t\t<div class=\"title-after_title set-cont-mb-s reset-last-child wd-fontsize-s\">\n\t\t\t\t\tNo matter what you drive - we will take care of it\t\t\t\t<\/div>\n\t\t\t\t\t<\/div>\n\t\t\t\t<\/div>\n\t\t\t\t<\/div>\n\t\t\t\t<div class=\"elementor-element elementor-element-4a64491a elementor-widget elementor-widget-wd_search\" data-id=\"4a64491a\" data-element_type=\"widget\" data-widget_type=\"wd_search.default\">\n\t\t\t\t<div class=\"elementor-widget-container\">\n\t\t\t\t\t<div class=\"wd-el-search woodmart-ajax-search woodmart-vc-ajax-search wd-color-light\">\n\t\t\t\t\t\t<div class=\"wd-search-form woodmart-search-form\">\n\t\t\t\t\t\t\t\t<form role=\"search\" method=\"get\" class=\"searchform  wd-with-cat has-categories-dropdown woodmart-ajax-search\" action=\"https:\/\/o-em.com.tr\/en\/\"  data-thumbnail=\"1\" data-price=\"1\" data-post_type=\"product\" data-count=\"12\" data-sku=\"0\" data-symbols_count=\"3\" data-trp-original-action=\"https:\/\/o-em.com.tr\/en\/\">\n\t\t\t\t\t<input type=\"text\" class=\"s\" placeholder=\"Search for products\" value=\"\" name=\"s\" aria-label=\"Search\" title=\"Search for products\" \/>\n\t\t\t\t\t<input type=\"hidden\" name=\"post_type\" value=\"product\">\n\t\t\t\t\t\t\t\t<div class=\"wd-search-cat wd-scroll search-by-category\">\n\t\t\t\t<input type=\"hidden\" name=\"product_cat\" value=\"0\">\n\t\t\t\t<a href=\"#\" rel=\"nofollow\" data-val=\"0\">\n\t\t\t\t\t<span>\n\t\t\t\t\t\tSelect category\t\t\t\t\t<\/span>\n\t\t\t\t<\/a>\n\t\t\t\t<div class=\"wd-dropdown wd-dropdown-search-cat wd-dropdown-menu wd-scroll-content wd-design-default list-wrapper\">\n\t\t\t\t\t<ul class=\"wd-sub-menu sub-menu\">\n\t\t\t\t\t\t<li style=\"display:none;\"><a href=\"#\" data-val=\"0\">Select category<\/a><\/li>\n\t\t\t\t\t\t\t<li class=\"cat-item cat-item-24\"><a class=\"pf-value\" href=\"https:\/\/o-em.com.tr\/en\/product-category\/hizalama\/\" data-val=\"hizalama\" data-title=\"H\u0130ZALAMA\" >Positioning<\/a>\n<ul class='children'>\n\t<li class=\"cat-item cat-item-116\"><a class=\"pf-value\" href=\"https:\/\/o-em.com.tr\/en\/product-category\/hizalama\/aksesuarlar\/\" data-val=\"aksesuarlar\" data-title=\"Aksesuarlar\" >Accessories<\/a>\n\t<ul class='children'>\n\t<li class=\"cat-item cat-item-378\"><a class=\"pf-value\" href=\"https:\/\/o-em.com.tr\/en\/product-category\/hizalama\/aksesuarlar\/cizgi-sinirlayici\/\" data-val=\"cizgi-sinirlayici\" data-title=\"\u00c7izgi S\u0131n\u0131rlay\u0131c\u0131\" >Line Limiter<\/a>\n<\/li>\n\t<li class=\"cat-item cat-item-125\"><a class=\"pf-value\" href=\"https:\/\/o-em.com.tr\/en\/product-category\/hizalama\/aksesuarlar\/guc-kaynaklari\/\" data-val=\"guc-kaynaklari\" data-title=\"G\u00fc\u00e7 Kaynaklar\u0131\" >Power Supply<\/a>\n<\/li>\n\t<li class=\"cat-item cat-item-130\"><a class=\"pf-value\" href=\"https:\/\/o-em.com.tr\/en\/product-category\/hizalama\/aksesuarlar\/kablo-konnektor\/\" data-val=\"kablo-konnektor\" data-title=\"Kablo - Konnekt\u00f6r\" >Cable - Connector<\/a>\n<\/li>\n\t<li class=\"cat-item cat-item-124\"><a class=\"pf-value\" href=\"https:\/\/o-em.com.tr\/en\/product-category\/hizalama\/aksesuarlar\/gozluk\/\" data-val=\"gozluk\" data-title=\"Koruyucu G\u00f6zl\u00fck\" >Safety Eyewear<\/a>\n<\/li>\n\t<li class=\"cat-item cat-item-117\"><a class=\"pf-value\" href=\"https:\/\/o-em.com.tr\/en\/product-category\/hizalama\/aksesuarlar\/aparatlar\/\" data-val=\"aparatlar\" data-title=\"Sabitleme Aparat\u0131\" >Mounting<\/a>\n<\/li>\n\t<\/ul>\n<\/li>\n\t<li class=\"cat-item cat-item-25\"><a class=\"pf-value\" href=\"https:\/\/o-em.com.tr\/en\/product-category\/hizalama\/projeksiyon\/\" data-val=\"projeksiyon\" data-title=\"Projeksiyon\" >Projection<\/a>\n\t<ul class='children'>\n\t<li class=\"cat-item cat-item-92\"><a class=\"pf-value\" href=\"https:\/\/o-em.com.tr\/en\/product-category\/hizalama\/projeksiyon\/arti-lazer\/\" data-val=\"arti-lazer\" data-title=\"Art\u0131 Lazer\" >Cross Laser<\/a>\n\t\t<ul class='children'>\n\t<li class=\"cat-item cat-item-93\"><a class=\"pf-value\" href=\"https:\/\/o-em.com.tr\/en\/product-category\/hizalama\/projeksiyon\/arti-lazer\/oem-cs\/\" data-val=\"oem-cs\" data-title=\"OEM-CS\" >OEM-CS<\/a>\n<\/li>\n\t<li class=\"cat-item cat-item-377\"><a class=\"pf-value\" href=\"https:\/\/o-em.com.tr\/en\/product-category\/hizalama\/projeksiyon\/arti-lazer\/oem-cxs\/\" data-val=\"oem-cxs\" data-title=\"OEM-CXS\" >OEM-CXS<\/a>\n<\/li>\n\t\t<\/ul>\n<\/li>\n\t<li class=\"cat-item cat-item-111\"><a class=\"pf-value\" href=\"https:\/\/o-em.com.tr\/en\/product-category\/hizalama\/projeksiyon\/cember-lazer\/\" data-val=\"cember-lazer\" data-title=\"\u00c7ember Lazer\" >Circle Laser<\/a>\n\t\t<ul class='children'>\n\t<li class=\"cat-item cat-item-112\"><a class=\"pf-value\" href=\"https:\/\/o-em.com.tr\/en\/product-category\/hizalama\/projeksiyon\/cember-lazer\/oem-rs\/\" data-val=\"oem-rs\" data-title=\"OEM-RS\" >OEM-RS<\/a>\n<\/li>\n\t\t<\/ul>\n<\/li>\n\t<li class=\"cat-item cat-item-33\"><a class=\"pf-value\" href=\"https:\/\/o-em.com.tr\/en\/product-category\/hizalama\/projeksiyon\/cizgi-lazer\/\" data-val=\"cizgi-lazer\" data-title=\"\u00c7izgi Lazer\" >Line Laser<\/a>\n\t\t<ul class='children'>\n\t<li class=\"cat-item cat-item-88\"><a class=\"pf-value\" href=\"https:\/\/o-em.com.tr\/en\/product-category\/hizalama\/projeksiyon\/cizgi-lazer\/oem-ll\/\" data-val=\"oem-ll\" data-title=\"OEM-LL\" >OEM-LL<\/a>\n<\/li>\n\t<li class=\"cat-item cat-item-85\"><a class=\"pf-value\" href=\"https:\/\/o-em.com.tr\/en\/product-category\/hizalama\/projeksiyon\/cizgi-lazer\/oem-lm\/\" data-val=\"oem-lm\" data-title=\"OEM-LM\" >OEM-LM<\/a>\n<\/li>\n\t<li class=\"cat-item cat-item-454\"><a class=\"pf-value\" href=\"https:\/\/o-em.com.tr\/en\/product-category\/hizalama\/projeksiyon\/cizgi-lazer\/oem-lmxl\/\" data-val=\"oem-lmxl\" data-title=\"OEM-LMXL\" >OEM-LMXL<\/a>\n<\/li>\n\t<li class=\"cat-item cat-item-35\"><a class=\"pf-value\" href=\"https:\/\/o-em.com.tr\/en\/product-category\/hizalama\/projeksiyon\/cizgi-lazer\/oem-ls\/\" data-val=\"oem-ls\" data-title=\"OEM-LS\" >OEM-LS<\/a>\n<\/li>\n\t<li class=\"cat-item cat-item-75\"><a class=\"pf-value\" href=\"https:\/\/o-em.com.tr\/en\/product-category\/hizalama\/projeksiyon\/cizgi-lazer\/oem-lxm\/\" data-val=\"oem-lxm\" data-title=\"OEM-LXM\" >OEM-LXM<\/a>\n<\/li>\n\t<li class=\"cat-item cat-item-34\"><a class=\"pf-value\" href=\"https:\/\/o-em.com.tr\/en\/product-category\/hizalama\/projeksiyon\/cizgi-lazer\/oem-lxs\/\" data-val=\"oem-lxs\" data-title=\"OEM-LXS\" >OEM-LXS<\/a>\n<\/li>\n\t\t<\/ul>\n<\/li>\n\t<li class=\"cat-item cat-item-98\"><a class=\"pf-value\" href=\"https:\/\/o-em.com.tr\/en\/product-category\/hizalama\/projeksiyon\/nokta-lazer\/\" data-val=\"nokta-lazer\" data-title=\"Nokta Lazer\" >Dot Laser<\/a>\n\t\t<ul class='children'>\n\t<li class=\"cat-item cat-item-99\"><a class=\"pf-value\" href=\"https:\/\/o-em.com.tr\/en\/product-category\/hizalama\/projeksiyon\/nokta-lazer\/oem-dxs\/\" data-val=\"oem-dxs\" data-title=\"OEM-DXS\" >OEM-DXS<\/a>\n<\/li>\n\t\t<\/ul>\n<\/li>\n\t<\/ul>\n<\/li>\n<\/ul>\n<\/li>\n\t\t\t\t\t<\/ul>\n\t\t\t\t<\/div>\n\t\t\t<\/div>\n\t\t\t\t\t\t\t\t<button type=\"submit\" class=\"searchsubmit\">\n\t\t\t\t\t\t<span>\n\t\t\t\t\t\t\tSearch\t\t\t\t\t\t<\/span>\n\t\t\t\t\t\t\t\t\t\t\t<\/button>\n\t\t\t\t<input type=\"hidden\" name=\"trp-form-language\" value=\"en\"\/><\/form>\n\t\t\t\t\t\t\t\t\t\t\t\t\t<div class=\"search-results-wrapper\">\n\t\t\t\t\t\t<div class=\"wd-dropdown-results wd-scroll wd-dropdown woodmart-search-results\">\n\t\t\t\t\t\t\t<div class=\"wd-scroll-content\"><\/div>\n\t\t\t\t\t\t<\/div>\n\n\t\t\t\t\t\t\t\t\t\t\t<\/div>\n\t\t\t\t\t\t\t<\/div>\n\t\t\t\t<\/div>\n\t\t\t\t<\/div>\n\t\t\t\t<\/div>\n\t\t\t\t<div class=\"elementor-element elementor-element-28d32582 color-scheme-inherit text-left elementor-widget elementor-widget-text-editor\" data-id=\"28d32582\" data-element_type=\"widget\" data-widget_type=\"text-editor.default\">\n\t\t\t\t<div class=\"elementor-widget-container\">\n\t\t\t\t\t\t\t<span style=\"color: #ffffff;\"><strong>Example search by SKU:<\/strong><\/span><strong style=\"color: #ffffff; padding: 2px 5px; background-color: #0054ac; margin-left: 5px;\">EW200-12<\/strong>\t\t\t\t\t\t<\/div>\n\t\t\t\t<\/div>\n\t\t\t\t\t<\/div>\n\t\t<\/div>\n\t\t\t\t\t<\/div>\n\t\t<\/section>\n\t\t\t\t<section class=\"elementor-section elementor-top-section elementor-element elementor-element-62c120a5 elementor-section-boxed elementor-section-height-default elementor-section-height-default wd-section-disabled\" data-id=\"62c120a5\" data-element_type=\"section\">\n\t\t\t\t\t\t<div class=\"elementor-container elementor-column-gap-extended\">\n\t\t\t\t\t<div class=\"elementor-column elementor-col-33 elementor-top-column elementor-element elementor-element-5aa7ab18\" data-id=\"5aa7ab18\" data-element_type=\"column\">\n\t\t\t<div class=\"elementor-widget-wrap elementor-element-populated\">\n\t\t\t\t\t\t<div class=\"elementor-element elementor-element-3a02ebbc elementor-widget elementor-widget-wd_banner\" data-id=\"3a02ebbc\" data-element_type=\"widget\" data-widget_type=\"wd_banner.default\">\n\t\t\t\t<div class=\"elementor-widget-container\">\n\t\t\t\t\t<div class=\"promo-banner-wrapper\">\n\t\t\t<div class=\"promo-banner banner-shadow banner-hover-zoom color-scheme-light banner-btn-size-small banner-btn-style-bordered wd-display-image with-btn banner-btn-position-hover banner-vr-align-middle banner-hr-align-center cursor-pointer\" onclick=\"window.location.href='#'\">\n\t\t\t\t<div class=\"main-wrapp-img\">\n\t\t\t\t\t\t\t\t\t\t\t<div class=\"banner-image\">\n\t\t\t\t\t\t\t<img decoding=\"async\" src=\"https:\/\/o-em.com.tr\/wp-content\/uploads\/2021\/11\/baners-car-3.jpg\" class=\"promo-banner-image\" alt=\"promo-banner-image\">\t\t\t\t\t\t<\/div>\n\t\t\t\t\t\t\t\t\t<\/div>\n\n\t\t\t\t<div class=\"wrapper-content-banner wd-fill wd-items-middle wd-justify-center\">\n\t\t\t\t\t<div class=\"content-banner text-center\">\n\t\t\t\t\t\t<div class=\"banner-title-wrap banner-title-large\">\n\t\t\t\t\t\t\t\t\t\t\t\t\t<div class=\"banner-subtitle subtitle-style-background subtitle-color-primary wd-fontsize-s\" data-elementor-setting-key=\"subtitle\">\n\t\t\t\t\t\t\t\tBEST\t\t\t\t\t\t\t<\/div>\n\t\t\t\t\t\t\n\t\t\t\t\t\t\t\t\t\t\t\t\t<h4 class=\"banner-title wd-fontsize-xl\" data-elementor-setting-key=\"title\">\n\t\t\t\t\t\t\t\tFLEXIBLE<br \/>\nSERVICE REGIME\t\t\t\t\t\t\t<\/h4>\n\t\t\t\t\t\t\t\t\t\t\t<\/div>\n\n\t\t\t\t\t\n\t\t\t\t\t\t\t\t\t\t\t<div class=\"banner-btn-wrapper\">\n\t\t\t\t\t\t\t\t\t<div class=\"wd-button-wrapper woodmart-button-wrapper text-center\" >\n\t\t\t<a class=\"btn btn-style-bordered btn-shape-rectangle btn-size-small btn-color-white btn-icon-pos-right\" >\n\t\t\t\t<span class=\"wd-btn-text\" data-elementor-setting-key=\"text\">\n\t\t\t\t\tREAD MORE\t\t\t\t<\/span>\n\n\t\t\t\t\t\t\t<\/a>\n\t\t<\/div>\n\t\t\t\t\t\t\t\t<\/div>\n\t\t\t\t\t\t\t\t\t<\/div>\n\t\t\t<\/div>\n\t\t<\/div>\n\t\t<\/div>\n\t\t\t\t<\/div>\n\t\t\t\t<\/div>\n\t\t\t\t\t<\/div>\n\t\t<\/div>\n\t\t\t\t<div class=\"elementor-column elementor-col-33 elementor-top-column elementor-element elementor-element-4e991e71\" data-id=\"4e991e71\" data-element_type=\"column\">\n\t\t\t<div class=\"elementor-widget-wrap elementor-element-populated\">\n\t\t\t\t\t\t<div class=\"elementor-element elementor-element-b118239 elementor-widget elementor-widget-wd_banner\" data-id=\"b118239\" data-element_type=\"widget\" data-widget_type=\"wd_banner.default\">\n\t\t\t\t<div class=\"elementor-widget-container\">\n\t\t\t\t\t<div class=\"promo-banner-wrapper\">\n\t\t\t<div class=\"promo-banner banner-shadow banner-hover-zoom color-scheme-light banner-btn-size-small banner-btn-style-bordered wd-display-image with-btn banner-btn-position-hover banner-vr-align-middle banner-hr-align-center cursor-pointer\" onclick=\"window.location.href='#'\">\n\t\t\t\t<div class=\"main-wrapp-img\">\n\t\t\t\t\t\t\t\t\t\t\t<div class=\"banner-image\">\n\t\t\t\t\t\t\t<img decoding=\"async\" src=\"https:\/\/o-em.com.tr\/wp-content\/uploads\/2021\/11\/baners-car-3.jpg\" class=\"promo-banner-image\" alt=\"promo-banner-image\">\t\t\t\t\t\t<\/div>\n\t\t\t\t\t\t\t\t\t<\/div>\n\n\t\t\t\t<div class=\"wrapper-content-banner wd-fill wd-items-middle wd-justify-center\">\n\t\t\t\t\t<div class=\"content-banner text-center\">\n\t\t\t\t\t\t<div class=\"banner-title-wrap banner-title-large\">\n\t\t\t\t\t\t\t\t\t\t\t\t\t<div class=\"banner-subtitle subtitle-style-background subtitle-color-primary wd-fontsize-s\" data-elementor-setting-key=\"subtitle\">\n\t\t\t\t\t\t\t\tNEW\t\t\t\t\t\t\t<\/div>\n\t\t\t\t\t\t\n\t\t\t\t\t\t\t\t\t\t\t\t\t<h4 class=\"banner-title wd-fontsize-xl\" data-elementor-setting-key=\"title\">\n\t\t\t\t\t\t\t\tEXPERT<br \/>\nVISUAL CHECK\t\t\t\t\t\t\t<\/h4>\n\t\t\t\t\t\t\t\t\t\t\t<\/div>\n\n\t\t\t\t\t\n\t\t\t\t\t\t\t\t\t\t\t<div class=\"banner-btn-wrapper\">\n\t\t\t\t\t\t\t\t\t<div class=\"wd-button-wrapper woodmart-button-wrapper text-center\" >\n\t\t\t<a class=\"btn btn-style-bordered btn-shape-rectangle btn-size-small btn-color-white btn-icon-pos-right\" >\n\t\t\t\t<span class=\"wd-btn-text\" data-elementor-setting-key=\"text\">\n\t\t\t\t\tREAD MORE\t\t\t\t<\/span>\n\n\t\t\t\t\t\t\t<\/a>\n\t\t<\/div>\n\t\t\t\t\t\t\t\t<\/div>\n\t\t\t\t\t\t\t\t\t<\/div>\n\t\t\t<\/div>\n\t\t<\/div>\n\t\t<\/div>\n\t\t\t\t<\/div>\n\t\t\t\t<\/div>\n\t\t\t\t\t<\/div>\n\t\t<\/div>\n\t\t\t\t<div class=\"elementor-column elementor-col-33 elementor-top-column elementor-element elementor-element-787d9d4b\" data-id=\"787d9d4b\" data-element_type=\"column\">\n\t\t\t<div class=\"elementor-widget-wrap elementor-element-populated\">\n\t\t\t\t\t\t<div class=\"elementor-element elementor-element-18b58e96 elementor-widget elementor-widget-wd_banner\" data-id=\"18b58e96\" data-element_type=\"widget\" data-widget_type=\"wd_banner.default\">\n\t\t\t\t<div class=\"elementor-widget-container\">\n\t\t\t\t\t<div class=\"promo-banner-wrapper\">\n\t\t\t<div class=\"promo-banner banner-shadow banner-hover-zoom color-scheme-light banner-btn-size-small banner-btn-style-bordered wd-display-image with-btn banner-btn-position-hover banner-vr-align-middle banner-hr-align-center cursor-pointer\" onclick=\"window.location.href='#'\">\n\t\t\t\t<div class=\"main-wrapp-img\">\n\t\t\t\t\t\t\t\t\t\t\t<div class=\"banner-image\">\n\t\t\t\t\t\t\t<img decoding=\"async\" src=\"https:\/\/o-em.com.tr\/wp-content\/uploads\/2021\/11\/baners-car-3.jpg\" class=\"promo-banner-image\" alt=\"promo-banner-image\">\t\t\t\t\t\t<\/div>\n\t\t\t\t\t\t\t\t\t<\/div>\n\n\t\t\t\t<div class=\"wrapper-content-banner wd-fill wd-items-middle wd-justify-center\">\n\t\t\t\t\t<div class=\"content-banner text-center\">\n\t\t\t\t\t\t<div class=\"banner-title-wrap banner-title-large\">\n\t\t\t\t\t\t\t\t\t\t\t\t\t<div class=\"banner-subtitle subtitle-style-background subtitle-color-primary wd-fontsize-s\" data-elementor-setting-key=\"subtitle\">\n\t\t\t\t\t\t\t\tHOT\t\t\t\t\t\t\t<\/div>\n\t\t\t\t\t\t\n\t\t\t\t\t\t\t\t\t\t\t\t\t<h4 class=\"banner-title wd-fontsize-xl\" data-elementor-setting-key=\"title\">\n\t\t\t\t\t\t\t\tSUMMER<br \/>\nHEALTH CHECK\t\t\t\t\t\t\t<\/h4>\n\t\t\t\t\t\t\t\t\t\t\t<\/div>\n\n\t\t\t\t\t\n\t\t\t\t\t\t\t\t\t\t\t<div class=\"banner-btn-wrapper\">\n\t\t\t\t\t\t\t\t\t<div class=\"wd-button-wrapper woodmart-button-wrapper text-center\" >\n\t\t\t<a class=\"btn btn-style-bordered btn-shape-rectangle btn-size-small btn-color-white btn-icon-pos-right\" >\n\t\t\t\t<span class=\"wd-btn-text\" data-elementor-setting-key=\"text\">\n\t\t\t\t\tREAD MORE\t\t\t\t<\/span>\n\n\t\t\t\t\t\t\t<\/a>\n\t\t<\/div>\n\t\t\t\t\t\t\t\t<\/div>\n\t\t\t\t\t\t\t\t\t<\/div>\n\t\t\t<\/div>\n\t\t<\/div>\n\t\t<\/div>\n\t\t\t\t<\/div>\n\t\t\t\t<\/div>\n\t\t\t\t\t<\/div>\n\t\t<\/div>\n\t\t\t\t\t<\/div>\n\t\t<\/section>\n\t\t\t\t<\/div>","protected":false},"excerpt":{"rendered":"<p>IT&#8217;S TOOLS MART FOR WOODMART THEME No matter what you drive &#8211; we will take care of it Select category<\/p>","protected":false},"author":1,"featured_media":0,"parent":0,"menu_order":0,"comment_status":"closed","ping_status":"closed","template":"elementor_canvas","meta":{"footnotes":""},"_links":{"self":[{"href":"https:\/\/o-em.com.tr\/en\/wp-json\/wp\/v2\/pages\/2"}],"collection":[{"href":"https:\/\/o-em.com.tr\/en\/wp-json\/wp\/v2\/pages"}],"about":[{"href":"https:\/\/o-em.com.tr\/en\/wp-json\/wp\/v2\/types\/page"}],"author":[{"embeddable":true,"href":"https:\/\/o-em.com.tr\/en\/wp-json\/wp\/v2\/users\/1"}],"replies":[{"embeddable":true,"href":"https:\/\/o-em.com.tr\/en\/wp-json\/wp\/v2\/comments?post=2"}],"version-history":[{"count":0,"href":"https:\/\/o-em.com.tr\/en\/wp-json\/wp\/v2\/pages\/2\/revisions"}],"wp:attachment":[{"href":"https:\/\/o-em.com.tr\/en\/wp-json\/wp\/v2\/media?parent=2"}],"curies":[{"name":"wp","href":"https:\/\/api.w.org\/{rel}","templated":true}]}}