{"id":7062,"date":"2022-03-23T13:39:00","date_gmt":"2022-03-23T10:39:00","guid":{"rendered":"http:\/\/oem.proje99.com\/?page_id=7062"},"modified":"2022-03-23T13:46:58","modified_gmt":"2022-03-23T10:46:58","slug":"geri-odeme-ve-iade-politikasi","status":"publish","type":"page","link":"https:\/\/o-em.com.tr\/en\/geri-odeme-ve-iade-politikasi\/","title":{"rendered":"Refund and Return Policy"},"content":{"rendered":"<h3>Genel Bak\u0131\u015f<\/h3>\r\n\r\n\r\n\r\n<p>Geri \u00f6deme ve iade politikam\u0131z 30 g\u00fcn s\u00fcrer. Sat\u0131n alma i\u015fleminizin \u00fczerinden 30 g\u00fcn ge\u00e7tiyse size tam bir geri \u00f6deme veya de\u011fi\u015fim sunam\u0131yoruz.<\/p>\r\n\r\n\r\n\r\n<p>\u0130adeye uygun olmak i\u00e7in, \u00f6\u011fenizin kullan\u0131lmam\u0131\u015f ve ald\u0131\u011f\u0131n\u0131z durumda olmas\u0131 gerekir. Ayr\u0131ca orijinal ambalaj\u0131nda \u200b\u200bolmal\u0131d\u0131r.<\/p>\r\n\r\n\r\n\r\n<p>\u00c7e\u015fitli mal t\u00fcrleri iade edilmekten muaft\u0131r. G\u0131da, \u00e7i\u00e7ek, gazete, dergi gibi \u00e7abuk bozulan \u00fcr\u00fcnler iade edilemez. Ayr\u0131ca \u00f6zel veya s\u0131hhi \u00fcr\u00fcnler, tehlikeli maddeler veya yan\u0131c\u0131 s\u0131v\u0131lar veya gazlar olan \u00fcr\u00fcnleri de kabul etmiyoruz.<\/p>\r\n\r\n\r\n\r\n<p>\u0130lave iade edilmeyen \u00fcr\u00fcnler:<\/p>\r\n\r\n\r\n\r\n<ul>\r\n<li>Hediye kartlar\u0131<\/li>\r\n<li>\u0130ndirilebilir yaz\u0131l\u0131m \u00fcr\u00fcnleri<\/li>\r\n<li>Baz\u0131 sa\u011fl\u0131k ve ki\u015fisel bak\u0131m \u00fcr\u00fcnleri<\/li>\r\n<\/ul>\r\n\r\n\r\n\r\n<p>\u0130adenizi tamamlamak i\u00e7in bir makbuz veya sat\u0131n alma kan\u0131t\u0131 talep ediyoruz.<\/p>\r\n\r\n\r\n\r\n<p>L\u00fctfen sat\u0131n ald\u0131\u011f\u0131n\u0131z \u00fcr\u00fcn\u00fc \u00fcreticiye geri g\u00f6ndermeyin.<\/p>\r\n\r\n\r\n\r\n<p>Yaln\u0131zca k\u0131smi geri \u00f6demelerin verildi\u011fi belirli durumlar vard\u0131r:<\/p>\r\n\r\n\r\n\r\n<ul>\r\n<li>Belirgin kullan\u0131m belirtileri olan rezervasyon yapt\u0131r\u0131n<\/li>\r\n<li>CD, DVD, VHS kaset, yaz\u0131l\u0131m, video oyunu, kaset veya a\u00e7\u0131lm\u0131\u015f plak.<\/li>\r\n<li>Orijinal durumunda olmayan herhangi bir \u00f6\u011fe, bizim hatam\u0131zdan kaynaklanmayan nedenlerle hasarl\u0131 veya eksik par\u00e7alar.<\/li>\r\n<li>Teslimattan 30 g\u00fcn sonra iade edilen t\u00fcm \u00fcr\u00fcnler<\/li>\r\n<\/ul>\r\n\r\n\r\n\r\n<h2>Geri \u00d6demeler<\/h2>\r\n\r\n\r\n\r\n<p>\u0130adeniz al\u0131nd\u0131ktan ve incelendikten sonra, iade edilen \u00f6\u011fenizi ald\u0131\u011f\u0131m\u0131z\u0131 bildirmek i\u00e7in size bir e-posta g\u00f6nderece\u011fiz. Ayr\u0131ca geri \u00f6demenizin onayland\u0131\u011f\u0131n\u0131 veya reddedildi\u011fini size bildirece\u011fiz.<\/p>\r\n\r\n\r\n\r\n<p>Onaylan\u0131rsan\u0131z, geri \u00f6demeniz i\u015fleme koyulur ve belirli bir g\u00fcn i\u00e7inde kredi kart\u0131n\u0131za veya orijinal \u00f6deme y\u00f6nteminize otomatik olarak bir kredi uygulan\u0131r.<\/p>\r\n\r\n\r\n\r\n<b>Gecikmi\u015f veya eksik geri \u00f6demeler<\/b>\r\n\r\n\r\n\r\n<p>Hen\u00fcz geri \u00f6deme almad\u0131ysan\u0131z, \u00f6nce banka hesab\u0131n\u0131z\u0131 tekrar kontrol edin.<\/p>\r\n\r\n\r\n\r\n<p>Ard\u0131ndan kredi kart\u0131 \u015firketinizle ileti\u015fime ge\u00e7in, geri \u00f6demenizin resmi olarak yay\u0131nlanmas\u0131 biraz zaman alabilir.<\/p>\r\n\r\n\r\n\r\n<p>Sonra bankan\u0131zla ileti\u015fime ge\u00e7in. Geri \u00f6demenin yay\u0131nlanmas\u0131ndan \u00f6nce genellikle bir i\u015flem s\u00fcresi vard\u0131r.<\/p>\r\n\r\n\r\n\r\n<p>T\u00fcm bunlar\u0131 yapt\u0131ysan\u0131z ve hala geri \u00f6demenizi almad\u0131ysan\u0131z, l\u00fctfen support@o-em.com.tr adresinden bizimle ileti\u015fime ge\u00e7in.<\/p>\r\n\r\n\r\n\r\n<b>\u0130ndirimli \u00fcr\u00fcnler<\/b>\r\n\r\n\r\n\r\n<p>Yaln\u0131zca normal fiyatl\u0131 \u00fcr\u00fcnler i\u00e7in para iadesi yap\u0131labilir. \u0130ndirimli \u00fcr\u00fcnler i\u00e7in geri \u00f6deme yap\u0131lamaz.<\/p>\r\n\r\n\r\n\r\n<h2>Takaslar<\/h2>\r\n\r\n\r\n\r\n<p>\u00d6\u011feleri yaln\u0131zca kusurlu veya hasarl\u0131ysa de\u011fi\u015ftiririz. Ayn\u0131 \u00fcr\u00fcnle de\u011fi\u015ftirmeniz gerekiyorsa, bize support@o-em.com.tr adresine bir e-posta g\u00f6nderin ve \u00f6\u011fenizi \u015fu adrese g\u00f6nderin: Yenido\u011fan Mh. Abdi \u0130pek\u00e7i Cd. 1.Eminta\u015f San. Sit. No:74\/1\/1B36 Bayrampa\u015fa \u0130stanbul \/ T\u00dcRK\u0130YE.<\/p>\r\n\r\n\r\n\r\n<h2>Hediyeler<\/h2>\r\n\r\n\r\n\r\n<p>\u00dcr\u00fcn sat\u0131n al\u0131nd\u0131\u011f\u0131nda hediye olarak i\u015faretlendiyse ve do\u011frudan size g\u00f6nderildiyse, iadenizin de\u011feri kadar bir hediye kredisi al\u0131rs\u0131n\u0131z. \u0130ade edilen \u00fcr\u00fcn al\u0131nd\u0131ktan sonra size bir hediye sertifikas\u0131 g\u00f6nderilecektir.<\/p>\r\n\r\n\r\n\r\n<p>\u00dcr\u00fcn sat\u0131n al\u0131nd\u0131\u011f\u0131nda hediye olarak i\u015faretlenmemi\u015fse veya hediyeyi veren, sipari\u015fi size daha sonra vermek \u00fczere kendisine g\u00f6ndermi\u015fse, hediyeyi veren ki\u015fiye bir geri \u00f6deme g\u00f6nderece\u011fiz ve onlar iadenizi \u00f6\u011freneceklerdir. <\/p>\r\n\r\n\r\n\r\n<h2>Nakliye iadeleri<\/h2>\r\n\r\n\r\n\r\n<p>\u00dcr\u00fcn\u00fcn\u00fcz\u00fc iade etmek i\u00e7in \u00fcr\u00fcn\u00fcn\u00fcz\u00fc \u015fu adrese postalamal\u0131s\u0131n\u0131z: Yenido\u011fan Mh. Abdi \u0130pek\u00e7i Cd. 1.Eminta\u015f San. Sit. No:74\/1\/1B36 Bayrampa\u015fa \u0130stanbul \/ T\u00dcRK\u0130YE.<\/p>\r\n\r\n\r\n\r\n<p>\u00d6\u011fenizi iade etmek i\u00e7in kendi nakliye masraflar\u0131n\u0131z\u0131 \u00f6demekten siz sorumlu olacaks\u0131n\u0131z. Nakliye masraflar\u0131 iade edilmez. Bir geri \u00f6deme al\u0131rsan\u0131z, iade nakliye \u00fccreti geri \u00f6demenizden d\u00fc\u015f\u00fclecektir.<\/p>\r\n\r\n\r\n\r\n<p>Ya\u015fad\u0131\u011f\u0131n\u0131z yere ba\u011fl\u0131 olarak, de\u011fi\u015ftirilen \u00fcr\u00fcn\u00fcn\u00fcz\u00fcn size ula\u015fmas\u0131 i\u00e7in ge\u00e7en s\u00fcre de\u011fi\u015febilir.<\/p>\r\n\r\n\r\n\r\n<p>Daha pahal\u0131 \u00fcr\u00fcnleri iade ediyorsan\u0131z, izlenebilir bir nakliye hizmeti kullanmay\u0131 veya nakliye sigortas\u0131 sat\u0131n almay\u0131 d\u00fc\u015f\u00fcnebilirsiniz. \u0130ade etti\u011finiz \u00fcr\u00fcn\u00fc alaca\u011f\u0131m\u0131z\u0131 garanti etmiyoruz.<\/p>\r\n\r\n\r\n\r\n<h2>Yard\u0131ma m\u0131 ihtiyac\u0131n\u0131z var?","protected":false},"excerpt":{"rendered":"","protected":false},"author":1,"featured_media":0,"parent":0,"menu_order":0,"comment_status":"closed","ping_status":"closed","template":"","meta":{"footnotes":""},"_links":{"self":[{"href":"https:\/\/o-em.com.tr\/en\/wp-json\/wp\/v2\/pages\/7062"}],"collection":[{"href":"https:\/\/o-em.com.tr\/en\/wp-json\/wp\/v2\/pages"}],"about":[{"href":"https:\/\/o-em.com.tr\/en\/wp-json\/wp\/v2\/types\/page"}],"author":[{"embeddable":true,"href":"https:\/\/o-em.com.tr\/en\/wp-json\/wp\/v2\/users\/1"}],"replies":[{"embeddable":true,"href":"https:\/\/o-em.com.tr\/en\/wp-json\/wp\/v2\/comments?post=7062"}],"version-history":[{"count":5,"href":"https:\/\/o-em.com.tr\/en\/wp-json\/wp\/v2\/pages\/7062\/revisions"}],"predecessor-version":[{"id":8795,"href":"https:\/\/o-em.com.tr\/en\/wp-json\/wp\/v2\/pages\/7062\/revisions\/8795"}],"wp:attachment":[{"href":"https:\/\/o-em.com.tr\/en\/wp-json\/wp\/v2\/media?parent=7062"}],"curies":[{"name":"wp","href":"https:\/\/api.w.org\/{rel}","templated":true}]}}