{"id":7747,"date":"2021-12-09T15:51:42","date_gmt":"2021-12-09T12:51:42","guid":{"rendered":"https:\/\/oem.proje99.com\/?page_id=7747"},"modified":"2021-12-30T17:54:39","modified_gmt":"2021-12-30T14:54:39","slug":"kurumsal","status":"publish","type":"page","link":"https:\/\/o-em.com.tr\/en\/kurumsal\/","title":{"rendered":"About Us"},"content":{"rendered":"<div data-elementor-type=\"wp-page\" data-elementor-id=\"7747\" class=\"elementor elementor-7747\" data-elementor-post-type=\"page\">\n\t\t\t\t\t\t<section class=\"elementor-section elementor-top-section elementor-element elementor-element-4cc5e2b0 elementor-section-content-middle elementor-section-boxed elementor-section-height-default elementor-section-height-default wd-section-disabled\" data-id=\"4cc5e2b0\" data-element_type=\"section\">\n\t\t\t\t\t\t<div class=\"elementor-container elementor-column-gap-default\">\n\t\t\t\t\t<div class=\"elementor-column elementor-col-50 elementor-top-column elementor-element elementor-element-3b15f2a5\" data-id=\"3b15f2a5\" data-element_type=\"column\">\n\t\t\t<div class=\"elementor-widget-wrap elementor-element-populated\">\n\t\t\t\t\t\t<div class=\"elementor-element elementor-element-243ff2d elementor-widget elementor-widget-image\" data-id=\"243ff2d\" data-element_type=\"widget\" data-widget_type=\"image.default\">\n\t\t\t\t<div class=\"elementor-widget-container\">\n\t\t\t\t\t\t\t\t\t\t\t\t\t<img fetchpriority=\"high\" decoding=\"async\" width=\"487\" height=\"893\" src=\"https:\/\/o-em.com.tr\/wp-content\/uploads\/2021\/12\/oem-hakkimizda-rotated.jpg\" class=\"attachment-full size-full wp-image-7751\" alt=\"\" \/>\t\t\t\t\t\t\t\t\t\t\t\t\t<\/div>\n\t\t\t\t<\/div>\n\t\t\t\t\t<\/div>\n\t\t<\/div>\n\t\t\t\t<div class=\"elementor-column elementor-col-50 elementor-top-column elementor-element elementor-element-66f7537a\" data-id=\"66f7537a\" data-element_type=\"column\" data-settings=\"{&quot;background_background&quot;:&quot;classic&quot;}\">\n\t\t\t<div class=\"elementor-widget-wrap elementor-element-populated\">\n\t\t\t\t\t\t<div class=\"elementor-element elementor-element-152ed4b3 elementor-widget elementor-widget-wd_title\" data-id=\"152ed4b3\" data-element_type=\"widget\" data-widget_type=\"wd_title.default\">\n\t\t\t\t<div class=\"elementor-widget-container\">\n\t\t\t\t\t<div class=\"title-wrapper set-mb-s reset-last-child wd-title-color-default wd-title-style-default wd-title-size-default text-left\">\n\n\t\t\t\n\t\t\t<div class=\"liner-continer\">\n\t\t\t\t<h4 class=\"woodmart-title-container title wd-fontsize-l wd-underline-colored\">As <u>OEM Laser <\/u> Family<\/h4> \n\t\t\t\t\t\t\t<\/div>\n\n\t\t\t\t\t<\/div>\n\t\t\t\t<\/div>\n\t\t\t\t<\/div>\n\t\t\t\t<div class=\"elementor-element elementor-element-d65815d color-scheme-inherit text-left elementor-widget elementor-widget-text-editor\" data-id=\"d65815d\" data-element_type=\"widget\" data-widget_type=\"text-editor.default\">\n\t\t\t\t<div class=\"elementor-widget-container\">\n\t\t\t\t\t\t\t<p>\u00a0Since 2014, it has been developing and producing professional alignment lasers and accessories in accordance with world standards in the positioning industry, and in order to provide process efficiency, profitability and time savings, it is in constant contact with the customer with its highly skilled, experienced and customer-oriented OEM Laser technical support team, providing detailed analysis. <strong>After evaluations and evaluations, we offer customized solutions according to customer demands with an innovative and intuitive approach. In addition, as a result of test studies carried out in German T\u00dcV Rheinland laboratories, our products comply with the basic requirements of EN55011:2016+A1+A11 and EN55032:2015+A11 European Directives and harmonized standards. conformity has been approved and based on these reports, our organization has been entitled to issue a CE certificate of conformity with the OEM Laser brand.<\/strong> to provide specific solutions with an innovative and intuitive approach after detailed analysis and evaluations.<\/p><p>As a result of the product testing accomplished <strong>Alman T\u00dcV Rheinland laboratuvarlar\u0131nda<\/strong> by T\u00dcV Rheinland Germany laboratories, our products have been approved to comply with the basic requirements of the EN55011:2016+A1+A11 and EN55032:2015+A11 European Directives and harmonized standards, and based on these reports, our company has been entitled to declare Certificate of Confirmity with the OEM Laser brand.<\/p><p>Beyond all the other points we focus on, customer satisfaction will always be our main mission, customer demands will always be our top priority.  We are pleased that our solution partners think of us as a reliable solution partner who performs all the attention and capabilities necessary to realize their projects, rather than a supplier. We will continue to improve professional solutions with OEM Laser assurance and to keep customer satisfaction at the highest level with close support services before and after sales.\nBest Regards, <strong>.<\/strong>.<\/p>\t\t\t\t\t\t<\/div>\n\t\t\t\t<\/div>\n\t\t\t\t<div class=\"elementor-element elementor-element-7e339dc6 elementor-widget__width-auto elementor-widget elementor-widget-wd_button\" data-id=\"7e339dc6\" data-element_type=\"widget\" data-widget_type=\"wd_button.default\">\n\t\t\t\t<div class=\"elementor-widget-container\">\n\t\t\t\t\t<div class=\"wd-button-wrapper woodmart-button-wrapper text-center\" >\n\t\t\t<a class=\"btn btn-style-default btn-shape-round btn-size-default btn-color-black btn-icon-pos-right\"  href=\"https:\/\/o-em.com.tr\/en\/magaza\/?wmc-currency=EUR\">\n\t\t\t\t<span class=\"wd-btn-text\" data-elementor-setting-key=\"text\">\n\t\t\t\t\tPRODUCTS\t\t\t\t<\/span>\n\n\t\t\t\t\t\t\t<\/a>\n\t\t<\/div>\n\t\t\t\t<\/div>\n\t\t\t\t<\/div>\n\t\t\t\t<div class=\"elementor-element elementor-element-78bfccbc elementor-widget__width-auto elementor-widget elementor-widget-wd_button\" data-id=\"78bfccbc\" data-element_type=\"widget\" data-widget_type=\"wd_button.default\">\n\t\t\t\t<div class=\"elementor-widget-container\">\n\t\t\t\t\t<div class=\"wd-button-wrapper woodmart-button-wrapper text-center\" >\n\t\t\t<a class=\"btn btn-style-bordered btn-shape-round btn-size-default btn-color-default btn-icon-pos-right\"  href=\"https:\/\/o-em.com.tr\/en\/iletisim\/?wmc-currency=EUR\">\n\t\t\t\t<span class=\"wd-btn-text\" data-elementor-setting-key=\"text\">\n\t\t\t\t\tCONTACT\t\t\t\t<\/span>\n\n\t\t\t\t\t\t\t<\/a>\n\t\t<\/div>\n\t\t\t\t<\/div>\n\t\t\t\t<\/div>\n\t\t\t\t\t<\/div>\n\t\t<\/div>\n\t\t\t\t\t<\/div>\n\t\t<\/section>\n\t\t\t\t<\/div>","protected":false},"excerpt":{"rendered":"<p>Oktay Otomasyon Elektronik M\u00fchendislik San. ve Tic. A.\u015e. ailesi olarak, OEM Lazer markas\u0131yla \u00a02014 y\u0131l\u0131ndan beri pozisyonlama end\u00fcstrisinde d\u00fcnya standartlar\u0131na<\/p>","protected":false},"author":1,"featured_media":0,"parent":0,"menu_order":0,"comment_status":"closed","ping_status":"closed","template":"","meta":{"footnotes":""},"_links":{"self":[{"href":"https:\/\/o-em.com.tr\/en\/wp-json\/wp\/v2\/pages\/7747"}],"collection":[{"href":"https:\/\/o-em.com.tr\/en\/wp-json\/wp\/v2\/pages"}],"about":[{"href":"https:\/\/o-em.com.tr\/en\/wp-json\/wp\/v2\/types\/page"}],"author":[{"embeddable":true,"href":"https:\/\/o-em.com.tr\/en\/wp-json\/wp\/v2\/users\/1"}],"replies":[{"embeddable":true,"href":"https:\/\/o-em.com.tr\/en\/wp-json\/wp\/v2\/comments?post=7747"}],"version-history":[{"count":0,"href":"https:\/\/o-em.com.tr\/en\/wp-json\/wp\/v2\/pages\/7747\/revisions"}],"wp:attachment":[{"href":"https:\/\/o-em.com.tr\/en\/wp-json\/wp\/v2\/media?parent=7747"}],"curies":[{"name":"wp","href":"https:\/\/api.w.org\/{rel}","templated":true}]}}