{"id":7758,"date":"2021-12-09T16:02:56","date_gmt":"2021-12-09T13:02:56","guid":{"rendered":"https:\/\/oem.proje99.com\/?page_id=7758"},"modified":"2021-12-16T01:33:39","modified_gmt":"2021-12-15T22:33:39","slug":"kalite-politikasi","status":"publish","type":"page","link":"https:\/\/o-em.com.tr\/en\/kalite-politikasi\/","title":{"rendered":"Quality Policy"},"content":{"rendered":"<div data-elementor-type=\"wp-page\" data-elementor-id=\"7758\" class=\"elementor elementor-7758\" data-elementor-post-type=\"page\">\n\t\t\t\t\t\t<section class=\"elementor-section elementor-top-section elementor-element elementor-element-66758237 elementor-section-content-middle elementor-section-boxed elementor-section-height-default elementor-section-height-default wd-section-disabled\" data-id=\"66758237\" data-element_type=\"section\">\n\t\t\t\t\t\t<div class=\"elementor-container elementor-column-gap-default\">\n\t\t\t\t\t<div class=\"elementor-column elementor-col-50 elementor-top-column elementor-element elementor-element-605783ff\" data-id=\"605783ff\" data-element_type=\"column\">\n\t\t\t<div class=\"elementor-widget-wrap elementor-element-populated\">\n\t\t\t\t\t\t<div class=\"elementor-element elementor-element-8f62ca3 elementor-widget elementor-widget-image\" data-id=\"8f62ca3\" data-element_type=\"widget\" data-widget_type=\"image.default\">\n\t\t\t\t<div class=\"elementor-widget-container\">\n\t\t\t\t\t\t\t\t\t\t\t\t\t<img fetchpriority=\"high\" decoding=\"async\" width=\"500\" height=\"320\" src=\"https:\/\/o-em.com.tr\/wp-content\/uploads\/2021\/11\/oem-web-gorsel-500x320-02.jpg\" class=\"attachment-large size-large wp-image-6838\" alt=\"\" srcset=\"https:\/\/o-em.com.tr\/wp-content\/uploads\/2021\/11\/oem-web-gorsel-500x320-02.jpg 500w, https:\/\/o-em.com.tr\/wp-content\/uploads\/2021\/11\/oem-web-gorsel-500x320-02-300x192.jpg 300w, https:\/\/o-em.com.tr\/wp-content\/uploads\/2021\/11\/oem-web-gorsel-500x320-02-150x96.jpg 150w\" sizes=\"(max-width: 500px) 100vw, 500px\" \/>\t\t\t\t\t\t\t\t\t\t\t\t\t<\/div>\n\t\t\t\t<\/div>\n\t\t\t\t\t<\/div>\n\t\t<\/div>\n\t\t\t\t<div class=\"elementor-column elementor-col-50 elementor-top-column elementor-element elementor-element-16682e9a\" data-id=\"16682e9a\" data-element_type=\"column\" data-settings=\"{&quot;background_background&quot;:&quot;classic&quot;}\">\n\t\t\t<div class=\"elementor-widget-wrap elementor-element-populated\">\n\t\t\t\t\t\t<div class=\"elementor-element elementor-element-64a13e85 elementor-widget elementor-widget-wd_title\" data-id=\"64a13e85\" data-element_type=\"widget\" data-widget_type=\"wd_title.default\">\n\t\t\t\t<div class=\"elementor-widget-container\">\n\t\t\t\t\t<div class=\"title-wrapper set-mb-s reset-last-child wd-title-color-default wd-title-style-default wd-title-size-default text-left\">\n\n\t\t\t\n\t\t\t<div class=\"liner-continer\">\n\t\t\t\t<h4 class=\"woodmart-title-container title wd-fontsize-l wd-underline-colored\"><u>As OEM Laser <\/u> family<\/h4> \n\t\t\t\t\t\t\t<\/div>\n\n\t\t\t\t\t\t\t<div class=\"title-after_title set-cont-mb-s reset-last-child wd-fontsize-xs\">\n\t\t\t\t\tIn terms of quality management; Based on the principles of customer orientation, leadership, people's participation, process approach, continuous improvement, realistic approach on decision making and mutually benefits on supplier relationship, our company's Quality Management System has a documentation system prepared in accordance with International Quality Management System standards based on the principles of meeting the demands of the service offered and ensuring continuity.<br>As Oktay Automation family, we press ahead continuing to work with the aim of always being one of the leading companies in the sector in which we cary on a business with our knowledge and experience.\t\t\t\t<\/div>\n\t\t\t\t\t<\/div>\n\t\t\t\t<\/div>\n\t\t\t\t<\/div>\n\t\t\t\t\t<\/div>\n\t\t<\/div>\n\t\t\t\t\t<\/div>\n\t\t<\/section>\n\t\t\t\t<\/div>","protected":false},"excerpt":{"rendered":"<p>Oktay Otomasyon ailesi olarak; Kalite y\u00f6netiminde; m\u00fc\u015fteri odakl\u0131l\u0131k, liderlik, insanlar\u0131n kat\u0131l\u0131mc\u0131l\u0131\u011f\u0131, proses yakla\u015f\u0131m\u0131, s\u00fcrekli iyile\u015ftirme, karar vermede ger\u00e7ek\u00e7i yakla\u015f\u0131m ve<\/p>","protected":false},"author":1,"featured_media":0,"parent":0,"menu_order":0,"comment_status":"closed","ping_status":"closed","template":"","meta":{"footnotes":""},"_links":{"self":[{"href":"https:\/\/o-em.com.tr\/en\/wp-json\/wp\/v2\/pages\/7758"}],"collection":[{"href":"https:\/\/o-em.com.tr\/en\/wp-json\/wp\/v2\/pages"}],"about":[{"href":"https:\/\/o-em.com.tr\/en\/wp-json\/wp\/v2\/types\/page"}],"author":[{"embeddable":true,"href":"https:\/\/o-em.com.tr\/en\/wp-json\/wp\/v2\/users\/1"}],"replies":[{"embeddable":true,"href":"https:\/\/o-em.com.tr\/en\/wp-json\/wp\/v2\/comments?post=7758"}],"version-history":[{"count":0,"href":"https:\/\/o-em.com.tr\/en\/wp-json\/wp\/v2\/pages\/7758\/revisions"}],"wp:attachment":[{"href":"https:\/\/o-em.com.tr\/en\/wp-json\/wp\/v2\/media?parent=7758"}],"curies":[{"name":"wp","href":"https:\/\/api.w.org\/{rel}","templated":true}]}}