{"id":7765,"date":"2021-12-09T16:09:58","date_gmt":"2021-12-09T13:09:58","guid":{"rendered":"https:\/\/oem.proje99.com\/?page_id=7765"},"modified":"2022-01-06T19:28:23","modified_gmt":"2022-01-06T16:28:23","slug":"kvkk","status":"publish","type":"page","link":"https:\/\/o-em.com.tr\/en\/kvkk\/","title":{"rendered":"PDDL"},"content":{"rendered":"<div data-elementor-type=\"wp-page\" data-elementor-id=\"7765\" class=\"elementor elementor-7765\" data-elementor-post-type=\"page\">\n\t\t\t\t\t\t<section class=\"elementor-section elementor-top-section elementor-element elementor-element-d73eea9 elementor-section-boxed elementor-section-height-default elementor-section-height-default wd-section-disabled\" data-id=\"d73eea9\" data-element_type=\"section\">\n\t\t\t\t\t\t<div class=\"elementor-container elementor-column-gap-default\">\n\t\t\t\t\t<div class=\"elementor-column elementor-col-100 elementor-top-column elementor-element elementor-element-1d8bbb2\" data-id=\"1d8bbb2\" data-element_type=\"column\">\n\t\t\t<div class=\"elementor-widget-wrap elementor-element-populated\">\n\t\t\t\t\t\t<div class=\"elementor-element elementor-element-a36366d color-scheme-inherit text-left elementor-widget elementor-widget-text-editor\" data-id=\"a36366d\" data-element_type=\"widget\" data-widget_type=\"text-editor.default\">\n\t\t\t\t<div class=\"elementor-widget-container\">\n\t\t\t\t\t\t\t<h2><b>Personal Data Protection Law Clarification Letter<\/b><\/h2>\n<p><span style=\"font-weight: 400;\">Oktay Otomasyon Elektronik M\u00fchendislik San. ve Tic. A.\u015e.<\/span><\/p>\n<ol>\n<li><b> LOGIN<\/b><span style=\"font-weight: 400;\"><br><\/span><span style=\"font-weight: 400;\"><br><\/span><span style=\"font-weight: 400;\">Ki\u015fisel verilerinizin g\u00fcvenli\u011fi ve\/veya korunmas\u0131 hususu&nbsp;<\/span>Oktay Otomasyon Elektronik M\u00fchendislik San. ve Tic. A.\u015e.<br><ol style=\"margin-top: 0px; margin-bottom: var(--list-mb); padding-left: var(--li-pl); font-style: normal; font-variant-ligatures: normal; font-variant-caps: normal; font-weight: 400; font-family: Roboto, sans-serif; font-size: 14px; --list-mb:20px; --li-mb:10px; --li-pl:17px;\"><\/ol>\n<\/li>\n<\/ol>\n<p><span style=\"font-weight: 400;\">&nbsp;olarak \u00f6nceliklerimiz aras\u0131ndad\u0131r. Bu bilin\u00e7le, \u015eirket olarak \u00fcr\u00fcn ve hizmetlerimizden faydalanan ki\u015filer dahil, \u015eirket ile ili\u015fkili t\u00fcm \u015fah\u0131slara ait her t\u00fcrl\u00fc ki\u015fisel verilerin 6698 say\u0131l\u0131 Ki\u015fisel Verilerin Korunmas\u0131 Kanunu (\u201cKVK Kanunu\u201d)\u2019na uygun olarak i\u015flenerek, muhafaza edilmesine b\u00fcy\u00fck \u00f6nem vermekteyiz. Bu do\u011frultuda, KVK Kanunu\u2019nda tan\u0131ml\u0131 \u015fekli ile \u201cVeri Sorumlusu\u201d s\u0131fat\u0131yla ve yine KVK Kanunu\u2019nun 10. Maddesi ile Ki\u015fisel Verilerin Korunmas\u0131 Kurulu\u2019nca 10 MART 2018 tarihinde 30356 say\u0131l\u0131 Resmi Gazete\u2019de yay\u0131mlanan Ayd\u0131nlatma Y\u00fck\u00fcml\u00fcl\u00fc\u011f\u00fcn\u00fcn Yerine Getirilmesinde Uyulacak Usul Ve Esaslar Hakk\u0131nda Tebli\u011f (\u201cTebli\u011f\u201d)\u2019e uygun olarak, ki\u015fisel verilerin elde edilmesi s\u0131ras\u0131nda ki\u015fisel veri sahiplerini ayd\u0131nlatma g\u00f6revini yerine getirmek i\u00e7in; \u015eirketimiz taraf\u0131ndan ki\u015fisel veri sahiplerine ki\u015fisel verilerinin elde edilmesi s\u0131ras\u0131nda \u015eirketimizin kimli\u011fi, ki\u015fisel verilerin hangi ama\u00e7la i\u015flenece\u011fi, i\u015flenen ki\u015fisel verilerin kimlere ve hangi ama\u00e7la aktar\u0131labilece\u011fi, ki\u015fisel veri toplaman\u0131n y\u00f6ntemi ve hukuki sebebi ile ki\u015fisel veri sahibinin KVK Kanunu\u2019nun 11inci maddesi kapsam\u0131nda sahip oldu\u011fu haklara ili\u015fkin bu bilgilendirmeyi sunar\u0131z.<\/span><span style=\"font-weight: 400;\"><br><\/span><span style=\"font-weight: 400;\">\u0130\u015fbu Ayd\u0131nlatma Metninde ge\u00e7en \u201cbiz\u201d ve \u201cbizim\u201d gibi ifadeler, aksi a\u00e7\u0131k\u00e7a belirtilmedik\u00e7e,&nbsp;<\/span><span style=\"font-size: 14px; font-weight: 400; color: var( --e-global-color-text );\">Oktay Otomasyon Elektronik M\u00fchendislik San. ve Tic. A.\u015e.<\/span><\/p>\n<ol style=\"margin-bottom: var(--list-mb); padding-left: var(--li-pl); font-style: normal; font-variant-ligatures: normal; font-variant-caps: normal; font-weight: 400; font-family: Roboto, sans-serif; font-size: 14px; --list-mb:20px; --li-mb:10px; --li-pl:17px;\"><\/ol>\n<p><span style=\"font-weight: 400;\">&nbsp;It is used to express.<\/span><span style=\"font-weight: 400;\"><br><\/span><span style=\"font-weight: 400;\"><br><\/span><b>PERSONAL DATA<\/b><span style=\"font-weight: 400;\"><br><\/span><span style=\"font-weight: 400;\"><br><\/span><b>Personal Data Definition<\/b><span style=\"font-weight: 400;\"><br><\/span><span style=\"font-weight: 400;\"><br><\/span><span style=\"font-weight: 400;\">Within the framework of KVK Law article 3\/I(d), \u201cpersonal data\u201d means all kinds of information regarding real persons with an identified or identifiable identity. In this context, personal data; means any information relating to a specific or identifiable natural person. For example; your name, surname, T.C. your identity number, address, phone number, e-mail address, date of birth, IP number you have access to, information about the transactions you have made, etc. information about you is your personal data. In addition, according to the KVK Law; people's race, ethnic origin, political thought, philosophical belief, religion, sect or other beliefs, clothing, association, foundation, union, etc. membership, health, sexual life, criminal conviction and security measures, biometric and genetic data, etc. data are special categories of personal data. In this context, anonymous information, anonymized information and other data that cannot be associated with a specific person are not considered personal data in accordance with our Company's Policy on this matter.<\/span><span style=\"font-weight: 400;\"><br><\/span><span style=\"font-weight: 400;\"><br><\/span><b>The Concept of Processing Personal Data<\/b><span style=\"font-weight: 400;\"><br><\/span><span style=\"font-weight: 400;\"><br><\/span><span style=\"font-weight: 400;\">Processing of personal data within the framework of Article 3\/I(e) of the KVK Law, obtaining, recording, storing, preserving, changing, rearranging personal data fully or partially automatically or non-automatically provided that it is a part of any data recording system, It refers to all kinds of operations performed on data such as disclosure, transfer, takeover, making available, classifying or preventing its use.<\/span><span style=\"font-weight: 400;\"><br><\/span><span style=\"font-weight: 400;\"><br><\/span><b>3. SCOPE OF LIGHTING<\/b><span style=\"font-weight: 400;\"><br><\/span><span style=\"font-weight: 400;\"><br><\/span><b>3.1. Identity of Data Controller<\/b><span style=\"font-weight: 400;\"><br><\/span><span style=\"font-weight: 400;\"><br><\/span><span style=\"font-weight: 400;\">KVK Kanunu\u2019na g\u00f6re, \u201cVeri Sorumlusu\u201d ki\u015fisel verilerin i\u015fleme ama\u00e7lar\u0131n\u0131 ve vas\u0131talar\u0131n\u0131 belirleyen, veri kay\u0131t sisteminin kurulmas\u0131ndan ve y\u00f6netilmesinden sorumlu olan ger\u00e7ek veya t\u00fczel ki\u015fiyi ifade etti\u011finden, KVK Kanunu uyar\u0131nca Muhatap \u201cVeri Sorumlusu\u201d olan&nbsp;<\/span><span style=\"font-size: 14px; font-weight: 400; color: var( --e-global-color-text );\">Oktay Otomasyon Elektronik M\u00fchendislik San. ve Tic. A.\u015e.<\/span><\/p><ol style=\"margin-bottom: var(--list-mb); padding-left: var(--li-pl); font-style: normal; font-variant-ligatures: normal; font-variant-caps: normal; font-weight: 400; font-family: Roboto, sans-serif; font-size: 14px; --list-mb:20px; --li-mb:10px; --li-pl:17px;\"><\/ol>\n<p><span style=\"font-weight: 400;\">&nbsp;Corporate Credentials are as follows:<\/span><span style=\"font-weight: 400;\"><br><\/span><span style=\"font-weight: 400;\"><br><\/span><b>Trade Registry Number: 193616-5<\/b><\/p>\n<p><b>Vergi Dairesi: Bayrampa\u015fa<\/b><\/p>\n<p><b>Tax Number: 6380558353<\/b><\/p>\n<p><b>Merkez Adresi: Yenido\u011fan Mah. Abdi \u0130pek\u00e7i Cad. 1.Eminta\u015f San. Sit. No:74-1\/1B36 Bayrampa\u015fa, \u0130STANBUL T\u00dcRK\u0130YE<\/b><\/p>\n<p><b>Telefon:&nbsp; 0212 577 25 67<\/b><\/p>\n<p><b>Faks:&nbsp; 0212 501 22 20<\/b><\/p>\n<p><b>Website: www.o-em.com.tr<\/b><\/p>\n<p><b>Email Address: info@o-em.com.tr<\/b><span style=\"font-weight: 400;\"><br><\/span><span style=\"font-weight: 400;\"><br><\/span><b>3.2. Collection, Processing and Processing Purposes of Personal Data<\/b><span style=\"font-weight: 400;\"><br><\/span><span style=\"font-weight: 400;\"><br><\/span><span style=\"font-weight: 400;\">Your Personal Data may vary depending on the service, product or commercial activity provided by our Company; automatically or non-automatically, offices, branches, dealers, call center, website, social media channels, mobile applications and similar means orally, in writing or electronically.<\/span><span style=\"font-weight: 400;\"><br><\/span><span style=\"font-weight: 400;\"><br><\/span><span style=\"font-weight: 400;\">K.V.K. Law Article 5.2 and Article 6.3, for the purposes of fulfilling our legal obligations, establishing or performing a contract, fulfilling our legal obligations, establishing, exercising or protecting a right and protecting our legitimate interests without harming your fundamental rights and freedoms, and without your express consent in terms of personal data you have made public. can be processed. Again, your personal data, within the scope of the purposes specified in this Clarification Text, K.V.K. It can also be processed with the condition of obtaining your explicit consent within the scope of Article 5.1 and Article 6.2 of the Law. You can procure all of our products without being included in our other membership\/loyalty program\/programs, especially the Shoploji membership\/loyalty program. On the other hand, since our Shoploji membership\/Loyalty program and other loyalty programs and our memberships offer special advantages to their members, you expressly consent to the processing of your Personal Data, except in exceptional circumstances, together with your participation in the programs\/membership in order to benefit from the program\/membership advantages.<\/span><span style=\"font-weight: 400;\"><br><\/span><span style=\"font-weight: 400;\"><br><\/span><span style=\"font-weight: 400;\">Your collected personal data, the work required by our business units to take advantage of the products and services offered by our Company, the products and services offered by our Company are customized according to your tastes, usage habits and needs, and recommended to you, (Administrative operations for communication carried out by our company, ensuring the physical security and control of the company's locations, business partner\/customer\/supplier (authorized or employees) evaluation processes, legal compliance process, financial affairs, etc..), Determination of our company's commercial and business strategies It is\/will be processed within the scope of the personal data processing conditions and purposes specified in Articles 5 and 6 of the KVK Law and in accordance with other applicable legal regulations for the purposes of ensuring the implementation and implementation of our Company's human resources policies. Truck.<\/span><span style=\"font-weight: 400;\"><br><\/span><span style=\"font-weight: 400;\"><br><\/span><b>3.3. To Whom and For What Purpose the Personal Data Processed Can Be Transferred to Domestic and\/or Abroad<\/b><span style=\"font-weight: 400;\"><br><\/span><span style=\"font-weight: 400;\"><br><\/span><span style=\"font-weight: 400;\">Your Personal Data Collected; Our business units carry out the necessary work to benefit you from the products and services offered by our company, customize the products and services offered by our company according to your tastes, usage habits and needs, and offer you the legal and commercial security of our company and those who have a business relationship with our company (by our company Administrative operations for the communication carried out, ensuring the physical security and supervision of the Company's locations, business partner\/customer\/supplier (authorized or employees) evaluation processes, legal compliance process, financial affairs, etc.), determination and implementation of our company's commercial and business strategies for the purposes of ensuring the execution of human resources policies,<\/span><span style=\"font-weight: 400;\"><br><\/span><span style=\"font-weight: 400;\"><br><\/span><span style=\"font-weight: 400;\">To the administrative and official authorities that need to be transferred legally, to the relevant persons and institutions in order to fulfill the legal obligations and as required by the legislation, to independent audit companies, tax consultants and other external professional consultants, lawyers, insurance companies, partners, services received due to legal obligations and within the framework of legal limitations. or to the domestic or foreign third parties, our shareholders, business partners, suppliers, legally authorized public institutions and private persons, both within the framework of the personal data processing conditions and purposes specified in Articles 8 and 9 of the KVK Law, as well as other legal transferred\/can be transferred within the scope of legislation.<\/span><span style=\"font-weight: 400;\"><br><\/span><span style=\"font-weight: 400;\"><br><\/span><span style=\"font-weight: 400;\">Your Personal Data Collected; To foreign countries declared to have adequate protection by the KVK Board (\u201cForeign Country with Sufficient Protection\u201d) or to foreign countries where the data controllers in Turkey and the relevant foreign country undertake in writing to provide adequate protection and where the permission of the KVK Board is granted in case of insufficient protection. (\u201cForeign Country of Data Controller Undertaking Adequate Protection\u201d) is\/can be transferred. Accordingly, our company is\/will act in accordance with the regulations stipulated in Article 9 of the KVK Law and other legal regulations.<\/span><span style=\"font-weight: 400;\"><br><\/span><span style=\"font-weight: 400;\"><br><\/span><b>3.4. Method and Legal Reason for Personal Data Collection<\/b><span style=\"font-weight: 400;\"><br><\/span><span style=\"font-weight: 400;\"><br><\/span><span style=\"font-weight: 400;\">Your personal data, our auditing and consultancy services, written\/digital applications to our Company's employees, our website, calling our phone numbers, social media, SMS channels, and other verbal, written or electronic media, automatic or non-automatic methods, and our Company's communication with you. It is obtained for the purpose of carrying out our activities, fulfilling our contractual and legal obligations between you and us by providing it through other channels that it communicates with or may contact in the future, and the personal data obtained are stored within legal periods in accordance with the relevant Legislations.<\/span><span style=\"font-weight: 400;\"><br><\/span><span style=\"font-weight: 400;\"><br><\/span><b>3.5. Rights of Personal Data Owners Enumerated in Article 11 of the KVK Law<\/b><span style=\"font-weight: 400;\"><br><\/span><span style=\"font-weight: 400;\"><br><\/span><span style=\"font-weight: 400;\">As personal data owners, if you submit your requests regarding your rights to our Company through the methods set out below in this Clarification Text, our Company will conclude the request free of charge within thirty days at the latest, depending on the nature of the request. However, if a fee is foreseen by the Personal Data Protection Board, the fee in the tariff determined by our Company will be charged. In this context, personal data owners, K.V.K. Pursuant to Article 11 of the Law;<\/span><span style=\"font-weight: 400;\"><br><\/span><span style=\"font-weight: 400;\"><br><\/span><span style=\"font-weight: 400;\">To learn whether your Personal Data is processed, to request information about it if it has been processed, to learn the purpose of processing your Personal Data and whether it is used in accordance with its purpose, to know the third parties in the country or abroad to whom your personal data is transferred, to request correction of personal data if it is incomplete or incorrectly processed, Requesting the deletion or destruction of personal data in case of disappearance of the reasons requiring the processing of personal data to be evaluated within the scope of the principles of time and legitimacy, requesting that the personal data be corrected, deleted or destroyed, notifying the third parties to whom the personal data is transferred, analyzing the processed personal data exclusively through automated systems Objection to this result if a result arises against them, request the compensation of the damage in case their Personal Data is processed unlawfully and they suffer damage due to this reason. they have the rights.<\/span><span style=\"font-weight: 400;\"><br><\/span><span style=\"font-weight: 400;\"><br><\/span><span style=\"font-weight: 400;\">Pursuant to paragraph 1 of Article 13 of the KVK Law, you may submit your request to our Company to exercise your above-mentioned rights in writing or by other methods determined by the Personal Data Protection Board. Since the Personal Data Protection Board has not determined any method at this stage, you must submit your application to our Company in writing in accordance with the KVK Law. In this context, the channels and procedures through which you will submit your application in writing to our Company within the scope of Article 11 of the KVK Law are explained below:<\/span><span style=\"font-weight: 400;\"><br><\/span><span style=\"font-weight: 400;\"><br><\/span><span style=\"font-weight: 400;\">Yukar\u0131da belirtilen haklar\u0131n\u0131z\u0131 kullanmak i\u00e7in kimli\u011finizi tespit edici gerekli bilgiler ile KVK Kanunu\u2019nun 11. maddesinde belirtilen haklardan kullanmay\u0131 talep etti\u011finiz hakk\u0131n\u0131za y\u00f6nelik a\u00e7\u0131klamalar\u0131n\u0131z\u0131 i\u00e7eren talebinizi; www.o-emlazer.com.tr adresindeki formu doldurarak, formun imzal\u0131 bir n\u00fcshas\u0131n\u0131&nbsp;<\/span><span style=\"font-size: 14px; font-weight: 400; color: var( --e-global-color-text );\">Oktay Otomasyon Elektronik M\u00fchendislik San. ve Tic. A.\u015e.<\/span><\/p>\n<ol style=\"margin-bottom: var(--list-mb); padding-left: var(--li-pl); font-style: normal; font-variant-ligatures: normal; font-variant-caps: normal; font-weight: 400; font-family: Roboto, sans-serif; font-size: 14px; --list-mb:20px; --li-mb:10px; --li-pl:17px;\"><\/ol>\n<p><span style=\"font-weight: 400;\">You can personally send the documents identifying your identity to the address, send it via a notary public or other methods specified in the KVK Law, or send the relevant form.&nbsp;<\/span><a href=\"mailto:info@o-emlazer.com.tr\"><span style=\"font-weight: 400;\">contact@o-em.com.tr<\/span><\/a><span style=\"font-weight: 400;\"> &nbsp;adresine g\u00f6nderebilirsiniz.<\/span><span style=\"font-weight: 400;\"><br><\/span><span style=\"font-weight: 400;\"><br><\/span><span style=\"font-weight: 400;\">In cases where your personal data is processed with explicit consent, we would like to emphasize that if you withdraw your explicit consent, you will be removed from the membership\/loyalty program where such explicit consent-based processing is required, and you will not be able to benefit from the advantages you have benefited from thanks to such processing as of the relevant date.<\/span><\/p>\n<ol style=\"margin-bottom: var(--list-mb); padding-left: var(--li-pl); font-style: normal; font-variant-ligatures: normal; font-variant-caps: normal; font-weight: 400; font-family: Roboto, sans-serif; font-size: 14px; --list-mb:20px; --li-mb:10px; --li-pl:17px;\"><\/ol>\n<p><\/p>\t\t\t\t\t\t<\/div>\n\t\t\t\t<\/div>\n\t\t\t\t\t<\/div>\n\t\t<\/div>\n\t\t\t\t\t<\/div>\n\t\t<\/section>\n\t\t\t\t<\/div>","protected":false},"excerpt":{"rendered":"<p>KVKK Ayd\u0131nlatma Metni Oktay Otomasyon Elektronik M\u00fchendislik San. ve Tic. A.\u015e. G\u0130R\u0130\u015e Ki\u015fisel verilerinizin g\u00fcvenli\u011fi ve\/veya korunmas\u0131 hususu&nbsp;Oktay Otomasyon Elektronik<\/p>","protected":false},"author":1,"featured_media":0,"parent":0,"menu_order":0,"comment_status":"closed","ping_status":"closed","template":"","meta":{"footnotes":""},"_links":{"self":[{"href":"https:\/\/o-em.com.tr\/en\/wp-json\/wp\/v2\/pages\/7765"}],"collection":[{"href":"https:\/\/o-em.com.tr\/en\/wp-json\/wp\/v2\/pages"}],"about":[{"href":"https:\/\/o-em.com.tr\/en\/wp-json\/wp\/v2\/types\/page"}],"author":[{"embeddable":true,"href":"https:\/\/o-em.com.tr\/en\/wp-json\/wp\/v2\/users\/1"}],"replies":[{"embeddable":true,"href":"https:\/\/o-em.com.tr\/en\/wp-json\/wp\/v2\/comments?post=7765"}],"version-history":[{"count":6,"href":"https:\/\/o-em.com.tr\/en\/wp-json\/wp\/v2\/pages\/7765\/revisions"}],"predecessor-version":[{"id":8732,"href":"https:\/\/o-em.com.tr\/en\/wp-json\/wp\/v2\/pages\/7765\/revisions\/8732"}],"wp:attachment":[{"href":"https:\/\/o-em.com.tr\/en\/wp-json\/wp\/v2\/media?parent=7765"}],"curies":[{"name":"wp","href":"https:\/\/api.w.org\/{rel}","templated":true}]}}