{"id":7771,"date":"2021-12-09T16:12:28","date_gmt":"2021-12-09T13:12:28","guid":{"rendered":"https:\/\/oem.proje99.com\/?page_id=7771"},"modified":"2021-12-09T16:13:16","modified_gmt":"2021-12-09T13:13:16","slug":"gizlilik-politikasi","status":"publish","type":"page","link":"https:\/\/o-em.com.tr\/en\/gizlilik-politikasi\/","title":{"rendered":"Privacy Policy"},"content":{"rendered":"<div data-elementor-type=\"wp-page\" data-elementor-id=\"7771\" class=\"elementor elementor-7771\" data-elementor-post-type=\"page\">\n\t\t\t\t\t\t<section class=\"elementor-section elementor-top-section elementor-element elementor-element-e80d043 elementor-section-boxed elementor-section-height-default elementor-section-height-default wd-section-disabled\" data-id=\"e80d043\" data-element_type=\"section\">\n\t\t\t\t\t\t<div class=\"elementor-container elementor-column-gap-default\">\n\t\t\t\t\t<div class=\"elementor-column elementor-col-100 elementor-top-column elementor-element elementor-element-5ddcb6e\" data-id=\"5ddcb6e\" data-element_type=\"column\">\n\t\t\t<div class=\"elementor-widget-wrap elementor-element-populated\">\n\t\t\t\t\t\t<div class=\"elementor-element elementor-element-0b0cc17 color-scheme-inherit text-left elementor-widget elementor-widget-text-editor\" data-id=\"0b0cc17\" data-element_type=\"widget\" data-widget_type=\"text-editor.default\">\n\t\t\t\t<div class=\"elementor-widget-container\">\n\t\t\t\t\t\t\t<h2><b>Privacy Policy<\/b><\/h2><p><b>PRIVACY\/COOKIES\/PERSONAL DATA PROTECTION POLICY<\/b><\/p><p><span style=\"font-weight: 400;\"><br \/><\/span><span style=\"font-weight: 400;\">Basic information on the protection of personal data transferred to Oktay Elektrik M\u00fchendislik- OEM Laser Alignment Solutions page is given below. Oktay Elektrik M\u00fchendislik- OEM Laser Alignment Solutions page, Personal Data Protection Law No. 6698 (\u201cKVKK\u201d) m. 10, we present the following explanations to the attention of our customers and third parties who use our website and\/or mobile applications, to the Oktay Elektrik M\u00fchendislik- OEM Laser Alignment Solutions page. reserves the right to update.<\/span><span style=\"font-weight: 400;\"><br \/><\/span><span style=\"font-weight: 400;\"><br \/><\/span><b>1) Legal basis for the collection of personal data<\/b><span style=\"font-weight: 400;\"><br \/><\/span><span style=\"font-weight: 400;\"><br \/><\/span><span style=\"font-weight: 400;\">There are regulations in various laws regarding the use of our customers' personal data. In the first place, the principles of protection of personal data were determined with KVKK. In addition, the Law No. 6563 on the Regulation of Electronic Commerce includes a provision on the protection of personal data. Penal sanctions are envisaged in some cases for the protection of personal data through the provisions of the Turkish Penal Code No. 5237.<\/span><span style=\"font-weight: 400;\"><br \/><\/span><span style=\"font-weight: 400;\"><br \/><\/span><span style=\"font-weight: 400;\">On the other hand, it is necessary to collect and use data in order to fulfill our obligations arising from the Consumer Protection Law No. 6502 and the Regulation on Distance Contracts.<\/span><span style=\"font-weight: 400;\"><br \/><\/span><span style=\"font-weight: 400;\"><br \/><\/span><b>2) Methods used in collecting personal data<\/b><span style=\"font-weight: 400;\"><br \/><\/span><span style=\"font-weight: 400;\"><br \/><\/span><span style=\"font-weight: 400;\">a) The data provided by our customers who make transactions on the www.o-em.com.tr website or mobile applications are processed by Oktay Elektrik M\u00fchendislik- OEM Laser Alignment Solutions in accordance with the consent of our customers and the provisions of the legislation.<\/span><span style=\"font-weight: 400;\"><br \/><\/span><span style=\"font-weight: 400;\"><br \/><\/span><span style=\"font-weight: 400;\">b) www.o-emlazer.com.tr website belonging to Oktay Elektrik M\u00fchendislik- OEM Laser Alignment Solutions is a site that uses cookies. cookie; It is a file consisting mostly of letters and numbers, which allows the device to be detected by being stored in the internet browser or hard disk of the device being used.<\/span><span style=\"font-weight: 400;\"><br \/><\/span><span style=\"font-weight: 400;\"><br \/><\/span><span style=\"font-weight: 400;\">c) www.o-em.com.tr will collect, process, share with third parties and securely store your browsing information, in order to provide better service to its visitors and within the framework of its legal obligations, provided that it is not used outside of the purposes and scope specified in the text of this Statement on the Protection of Personal Data. .<\/span><span style=\"font-weight: 400;\"><br \/><\/span><span style=\"font-weight: 400;\"><br \/><\/span><span style=\"font-weight: 400;\">d) www.o-em.com.tr cookies; log files, empty gif files, and\/or store information it collects through third-party sources to create a summary of your preferences. <\/span><a href=\"https:\/\/o-em.com.tr\/en\/?wmc-currency=EUR\"><span style=\"font-weight: 400;\">www.o-em.com.tr<\/span><\/a><span style=\"font-weight: 400;\"> In order to make special promotions, offer promotions and marketing offers, improve the content of the website or mobile application for you and\/or determine your preferences; can monitor your browsing information and\/or your usage history on the site.<\/span><span style=\"font-weight: 400;\"><br \/><\/span><span style=\"font-weight: 400;\"><br \/><\/span><span style=\"font-weight: 400;\">e) www.o-em.com.tr may match the information collected from you on the site at different times or through different methods such as information collected online and offline, and use this information together with information obtained from other sources such as third parties.<\/span><span style=\"font-weight: 400;\"><br \/><\/span><span style=\"font-weight: 400;\"><br \/><\/span><span style=\"font-weight: 400;\">f) www.o-em.com.tr uses session cookies and permanent cookies in its mobile application. The session ID cookie expires when you close your browser. Persistent cookie stays on your hard drive for a long time. You can remove persistent cookies and reject both session cookies and persistent cookies by following the instructions given in the \"help\" file of your internet browser or by visiting \"www.allaboutcookies.org\" or \"www.youronlinechoices.eu\". If you refuse persistent cookies or session cookies, you can continue to use the website, mobile application, but you may not be able to access all functions of the website, mobile application or your access may be limited.<\/span><span style=\"font-weight: 400;\"><br \/><\/span><span style=\"font-weight: 400;\"><br \/><\/span><b>3) Use of Website Cookies<\/b><span style=\"font-weight: 400;\"><br \/><\/span><span style=\"font-weight: 400;\"><br \/><\/span><span style=\"font-weight: 400;\">a) www.o-em.com.tr cookies; It uses it to remember the choices you make and to personalize your use of the website\/mobile application. This usage includes cookies that save your password and keep your website\/mobile application session open all the time, thus saving you the hassle of entering your password more than once in each visit, and cookies that remember and recognize you on subsequent visits to the website\/mobile application.<\/span><span style=\"font-weight: 400;\"><br \/><\/span><span style=\"font-weight: 400;\"><br \/><\/span><span style=\"font-weight: 400;\">b) Monitoring how you use the website\/mobile application, such as where you connect to the www.o-em.com.tr website, what content you view on the website\/mobile application, and the duration of your visit; uses it to determine how you use the website\/mobile application.<\/span><span style=\"font-weight: 400;\"><br \/><\/span><span style=\"font-weight: 400;\"><br \/><\/span><span style=\"font-weight: 400;\">c) Cookies on the www.o-em.com.tr website are used for advertising\/promotional purposes in order to present you with content and advertisements that are more appropriate to your interests and to you. In this way, when you use the website and mobile application, it offers you more suitable content, personalized campaigns and products, and does not offer you the content or opportunities that you previously stated that you do not want.<\/span><span style=\"font-weight: 400;\"><br \/><\/span><span style=\"font-weight: 400;\"><br \/><\/span><b>4) Website use of third-party cookies for advertising and retargeting<\/b><span style=\"font-weight: 400;\"><br \/><\/span><span style=\"font-weight: 400;\"><br \/><\/span><span style=\"font-weight: 400;\">www.o-em.com.tr website cookies also; may use \"advertising technology\" in order to present you with advertisements that it thinks may be of interest to you when you visit the search engines, website, mobile application and\/or websites where the website advertises. Advertising technology uses information about your previous visits to the website\/mobile application and websites\/mobile applications where the website advertises, in order to present you with tailored advertisements. When serving these ads, a unique third-party cookie may be placed in your browser so that the website can recognize you. You can remove persistent cookies and reject both session cookies and persistent cookies by following the instructions given in the \"help\" file of your internet browser or by visiting \"www.allaboutcookies.org\" or \"www.youronlinechoices.eu\".<\/span><span style=\"font-weight: 400;\"><br \/><\/span><span style=\"font-weight: 400;\"><br \/><\/span><b>5) Purposes of collecting personal data<\/b><span style=\"font-weight: 400;\"><br \/><\/span><span style=\"font-weight: 400;\"><br \/><\/span><span style=\"font-weight: 400;\">Oktay Elektrik M\u00fchendislik- OEM Laser Alignment Solutions will be able to record, store, update, disclose to third parties, transfer, classify and process your personal information in cases and to the extent permitted by the legislation.<\/span><span style=\"font-weight: 400;\"><br \/><\/span><span style=\"font-weight: 400;\"><br \/><\/span><span style=\"font-weight: 400;\">Your personal data is used for the following purposes;<\/span><span style=\"font-weight: 400;\"><br \/><\/span><span style=\"font-weight: 400;\"><br \/><\/span><span style=\"font-weight: 400;\">a) confirming the identity information of the shopper\/shopper via the website\/mobile applications,<\/span><span style=\"font-weight: 400;\"><br \/><\/span><span style=\"font-weight: 400;\"><br \/><\/span><span style=\"font-weight: 400;\">b) to record the address and other necessary information for communication,<\/span><span style=\"font-weight: 400;\"><br \/><\/span><span style=\"font-weight: 400;\"><br \/><\/span><span style=\"font-weight: 400;\">c) to communicate with our customers about the conditions, current status and updates of the contracts we have concluded under the relevant articles of the distance sales contract and the Law on the Protection of the Consumer, and to provide the necessary information,<\/span><span style=\"font-weight: 400;\"><br \/><\/span><span style=\"font-weight: 400;\"><br \/><\/span><span style=\"font-weight: 400;\">d) to arrange all records and documents that will be the basis for the transaction in electronic (internet\/mobile etc.) or paper media,<\/span><span style=\"font-weight: 400;\"><br \/><\/span><span style=\"font-weight: 400;\"><br \/><\/span><span style=\"font-weight: 400;\">e) to fulfill the obligations undertaken in accordance with the distance sales contract and the contracts we have concluded under the relevant articles of the Law on the Protection of the Consumer,<\/span><span style=\"font-weight: 400;\"><br \/><\/span><span style=\"font-weight: 400;\"><br \/><\/span><span style=\"font-weight: 400;\">f) To provide information to public officials, upon request and in accordance with the legislation, on matters related to public security,<\/span><span style=\"font-weight: 400;\"><br \/><\/span><span style=\"font-weight: 400;\"><br \/><\/span><span style=\"font-weight: 400;\">g) to provide our customers with a better shopping experience, to provide information to our customers about our products that may be of interest to our customers, \"taking into account the interests of our customers\", to convey campaigns,<\/span><span style=\"font-weight: 400;\"><br \/><\/span><span style=\"font-weight: 400;\"><br \/><\/span><span style=\"font-weight: 400;\">h) to increase customer satisfaction, to recognize our customers who shop from websites and\/or mobile applications and to use them in customer environment analysis, to use them in various marketing and advertising activities, and to organize surveys in electronic and\/or physical environment through contracted institutions in this context,<\/span><span style=\"font-weight: 400;\"><br \/><\/span><span style=\"font-weight: 400;\"><br \/><\/span><span style=\"font-weight: 400;\">i) To be able to offer suggestions to our customers by our contracted institutions and solution partners, to inform our customers about our services,<\/span><span style=\"font-weight: 400;\"><br \/><\/span><span style=\"font-weight: 400;\"><br \/><\/span><span style=\"font-weight: 400;\">j) To be able to evaluate customer complaints and suggestions regarding our services,<\/span><span style=\"font-weight: 400;\"><br \/><\/span><span style=\"font-weight: 400;\"><br \/><\/span><span style=\"font-weight: 400;\">k) to fulfill our legal obligations and to exercise our rights arising from the current legislation.<\/span><span style=\"font-weight: 400;\"><br \/><\/span><span style=\"font-weight: 400;\"><br \/><\/span><b>6) Protection of your personal data<\/b><span style=\"font-weight: 400;\"><br \/><\/span><span style=\"font-weight: 400;\"><br \/><\/span><span style=\"font-weight: 400;\">Personal data shared with Oktay Elektrik M\u00fchendislik- OEM Laser Alignment Solutions are under the supervision and control of Oktay Elektrik M\u00fchendislik- OEM Laser Alignment Solutions. Oktay Elektrik M\u00fchendislik- OEM Laser Alignment Solutions has undertaken the responsibility as data controller to establish the necessary organization and to take and adapt the technical measures in order to protect the confidentiality and integrity of the information in accordance with the provisions of the applicable legislation. Being aware of our obligation in this regard, penetration tests are carried out periodically in accordance with international and national technical standards on data privacy, and we hereby inform you that we always update our data processing policies.<\/span><span style=\"font-weight: 400;\"><br \/><\/span><span style=\"font-weight: 400;\"><br \/><\/span><b>7) Sharing of your personal data<\/b><span style=\"font-weight: 400;\"><br \/><\/span><span style=\"font-weight: 400;\"><br \/><\/span><span style=\"font-weight: 400;\">The sharing of personal data of our customers with third parties takes place within the framework of the consent of the customers and as a rule, personal data is not transferred to third parties without the consent of our customers.<\/span><span style=\"font-weight: 400;\"><br \/><\/span><span style=\"font-weight: 400;\"><br \/><\/span><span style=\"font-weight: 400;\">However, due to and limited to our legal obligations, personal data is shared with courts and other public institutions. In addition, personal data is transferred to contracted third parties in order to provide the services we undertake and to control the quality of the services provided.<\/span><span style=\"font-weight: 400;\"><br \/><\/span><span style=\"font-weight: 400;\"><br \/><\/span><span style=\"font-weight: 400;\">Necessary technical and legal measures are taken to prevent violations of rights during data transfer to third parties. However, Oktay Elektrik M\u00fchendislik- OEM Laser Alignment Solutions is not responsible for any breaches that occur in the risk area, due to the data protection policies of the third party receiving the personal data and the responsibility of the third party.<\/span><span style=\"font-weight: 400;\"><br \/><\/span><span style=\"font-weight: 400;\"><br \/><\/span><span style=\"font-weight: 400;\">Your personal data, with Oktay Elektrik M\u00fchendislik- OEM Laser Alignment Solutions shareholders, our direct\/indirect domestic\/foreign affiliates, program partner institutions and organizations that we cooperate with in order to carry out our activities, domestic\/foreign individuals and institutions from which we receive data storage services in the cloud, and sending commercial electronic messages to our customers. With contracted domestic\/foreign organizations, Interbank Card Center, contracted banks and various domestic and foreign agencies, advertising companies and survey companies and other domestic\/foreign third parties and related parties within the scope of various marketing activities in order to provide you with better service and ensure customer satisfaction. can be shared with our business partners.<\/span><span style=\"font-weight: 400;\"><br \/><\/span><span style=\"font-weight: 400;\"><br \/><\/span><b>8) Your rights arising from the Personal Data Protection Law<\/b><span style=\"font-weight: 400;\"><br \/><\/span><span style=\"font-weight: 400;\"><br \/><\/span><span style=\"font-weight: 400;\">In accordance with KVKK, your personal data;<\/span><span style=\"font-weight: 400;\"><br \/><\/span><span style=\"font-weight: 400;\"><br \/><\/span><span style=\"font-weight: 400;\">a) learning whether it has been processed or not,<\/span><span style=\"font-weight: 400;\"><br \/><\/span><span style=\"font-weight: 400;\"><br \/><\/span><span style=\"font-weight: 400;\">b) requesting information if processed,<\/span><span style=\"font-weight: 400;\"><br \/><\/span><span style=\"font-weight: 400;\"><br \/><\/span><span style=\"font-weight: 400;\">c) learning the purpose of processing and whether it is used in accordance with its purpose,<\/span><span style=\"font-weight: 400;\"><br \/><\/span><span style=\"font-weight: 400;\"><br \/><\/span><span style=\"font-weight: 400;\">d) knowing the third parties to whom it was transferred in the country \/ abroad,<\/span><span style=\"font-weight: 400;\"><br \/><\/span><span style=\"font-weight: 400;\"><br \/><\/span><span style=\"font-weight: 400;\">e) to request correction if it is incomplete \/ incorrectly processed,<\/span><span style=\"font-weight: 400;\"><br \/><\/span><span style=\"font-weight: 400;\"><br \/><\/span><span style=\"font-weight: 400;\">f) To request deletion \/ destruction within the framework of the conditions stipulated in Article 7 of the KVKK,<\/span><span style=\"font-weight: 400;\"><br \/><\/span><span style=\"font-weight: 400;\"><br \/><\/span><span style=\"font-weight: 400;\">g) to request notification of the transactions made in accordance with subparagraphs (d) and (e) above, to the third parties to whom it has been transferred,<\/span><span style=\"font-weight: 400;\"><br \/><\/span><span style=\"font-weight: 400;\"><br \/><\/span><span style=\"font-weight: 400;\">h) objecting to the emergence of a result against you due to the analysis exclusively by automated systems,<\/span><span style=\"font-weight: 400;\"><br \/><\/span><span style=\"font-weight: 400;\"><br \/><\/span><span style=\"font-weight: 400;\">i) We would like to remind you that you have the right to demand the compensation of the damage in case you suffer damage due to processing in violation of the KVKK.<\/span><span style=\"font-weight: 400;\"><br \/><\/span><span style=\"font-weight: 400;\"><br \/><\/span><span style=\"font-weight: 400;\">9) Legislative changes regarding personal data<\/span><span style=\"font-weight: 400;\"><br \/><\/span><span style=\"font-weight: 400;\"><br \/><\/span><b>9) Legislative changes regarding personal data<\/b><span style=\"font-weight: 400;\"><br \/><\/span><span style=\"font-weight: 400;\"><br \/><\/span><span style=\"font-weight: 400;\">The rights you have in accordance with the KVKK are Oktay Elektrik M\u00fchendislik- OEM Laser Alignment Solutions obligations. We would like to inform you that we process your personal data with this awareness and to the extent required by the legislation, in case of legal changes, we will update this information on our page in accordance with the new legislation, and you can easily follow the updates on this page at any time.<\/span><span style=\"font-weight: 400;\"><br \/><\/span><span style=\"font-weight: 400;\"><br \/><\/span><b>10) Up-to-date and accurate keeping and storage of data<\/b><span style=\"font-weight: 400;\"><br \/><\/span><span style=\"font-weight: 400;\"><br \/><\/span><span style=\"font-weight: 400;\">In accordance with Article 4 of the KVKK, Oktay Elektrik M\u00fchendislik- OEM Laser Alignment Solutions has the obligation to keep your personal data accurate and up-to-date. In this context, in order for Oktay Elektrik M\u00fchendislik- OEM Laser Alignment Solutions to fulfill its obligations arising from the current legislation, our customers are required to share the correct and up-to-date data of Oktay Elektrik M\u00fchendislik- OEM Laser Alignment Solutions. If your data is changed in any way, we ask you to update your data by contacting us through the communication channels listed below.<\/span><span style=\"font-weight: 400;\"><br \/><\/span><span style=\"font-weight: 400;\"><br \/><\/span><b>11) Information about your personal data<\/b><span style=\"font-weight: 400;\"><br \/><\/span><span style=\"font-weight: 400;\"><br \/><\/span><span style=\"font-weight: 400;\">You can reach us at any time at info@o-em.com.tr e-mail address for any questions and comments regarding your personal data.<\/span><\/p>\t\t\t\t\t\t<\/div>\n\t\t\t\t<\/div>\n\t\t\t\t\t<\/div>\n\t\t<\/div>\n\t\t\t\t\t<\/div>\n\t\t<\/section>\n\t\t\t\t<\/div>","protected":false},"excerpt":{"rendered":"<p>Gizlilik Politikas\u0131 G\u0130ZL\u0130L\u0130K\/\u00c7EREZ\/K\u0130\u015e\u0130SEL VER\u0130LER\u0130N KORUNMASI POL\u0130T\u0130KASI Oktay Elektrik M\u00fchendislik- OEM Lazer Hizalama \u00c7\u00f6z\u00fcmleri sayfas\u0131na aktar\u0131lan ki\u015fisel verilerin korunmas\u0131 konusundaki temel<\/p>","protected":false},"author":1,"featured_media":0,"parent":0,"menu_order":0,"comment_status":"closed","ping_status":"closed","template":"","meta":{"footnotes":""},"_links":{"self":[{"href":"https:\/\/o-em.com.tr\/en\/wp-json\/wp\/v2\/pages\/7771"}],"collection":[{"href":"https:\/\/o-em.com.tr\/en\/wp-json\/wp\/v2\/pages"}],"about":[{"href":"https:\/\/o-em.com.tr\/en\/wp-json\/wp\/v2\/types\/page"}],"author":[{"embeddable":true,"href":"https:\/\/o-em.com.tr\/en\/wp-json\/wp\/v2\/users\/1"}],"replies":[{"embeddable":true,"href":"https:\/\/o-em.com.tr\/en\/wp-json\/wp\/v2\/comments?post=7771"}],"version-history":[{"count":0,"href":"https:\/\/o-em.com.tr\/en\/wp-json\/wp\/v2\/pages\/7771\/revisions"}],"wp:attachment":[{"href":"https:\/\/o-em.com.tr\/en\/wp-json\/wp\/v2\/media?parent=7771"}],"curies":[{"name":"wp","href":"https:\/\/api.w.org\/{rel}","templated":true}]}}