{"id":7785,"date":"2021-12-09T16:20:14","date_gmt":"2021-12-09T13:20:14","guid":{"rendered":"https:\/\/oem.proje99.com\/?page_id=7785"},"modified":"2025-04-15T11:17:10","modified_gmt":"2025-04-15T08:17:10","slug":"fuar-ve-etkinlikler","status":"publish","type":"page","link":"https:\/\/o-em.com.tr\/en\/fuar-ve-etkinlikler\/","title":{"rendered":"Fairs &amp; Events"},"content":{"rendered":"<div data-elementor-type=\"wp-page\" data-elementor-id=\"7785\" class=\"elementor elementor-7785\" data-elementor-post-type=\"page\">\n\t\t\t\t\t\t<section class=\"elementor-section elementor-top-section elementor-element elementor-element-031d080 elementor-section-boxed elementor-section-height-default elementor-section-height-default wd-section-disabled\" data-id=\"031d080\" data-element_type=\"section\">\n\t\t\t\t\t\t<div class=\"elementor-container elementor-column-gap-default\">\n\t\t\t\t\t<div class=\"elementor-column elementor-col-100 elementor-top-column elementor-element elementor-element-52fbfe3\" data-id=\"52fbfe3\" data-element_type=\"column\">\n\t\t\t<div class=\"elementor-widget-wrap elementor-element-populated\">\n\t\t\t\t\t\t<div class=\"elementor-element elementor-element-72b1bff elementor-headline--style-highlight elementor-widget elementor-widget-animated-headline\" data-id=\"72b1bff\" data-element_type=\"widget\" data-settings=\"{&quot;highlighted_text&quot;:&quot;D\\u00fcnyaday\\u0131z!&quot;,&quot;headline_style&quot;:&quot;highlight&quot;,&quot;marker&quot;:&quot;circle&quot;,&quot;loop&quot;:&quot;yes&quot;,&quot;highlight_animation_duration&quot;:1200,&quot;highlight_iteration_delay&quot;:8000}\" data-widget_type=\"animated-headline.default\">\n\t\t\t\t<div class=\"elementor-widget-container\">\n\t\t\t\t\t<h3 class=\"elementor-headline\">\n\t\t\t\t\t<span class=\"elementor-headline-plain-text elementor-headline-text-wrapper\">We Are<\/span>\n\t\t\t\t<span class=\"elementor-headline-dynamic-wrapper elementor-headline-text-wrapper\">\n\t\t\t\t\t<span class=\"elementor-headline-dynamic-text elementor-headline-text-active\">All Over The World<\/span>\n\t\t\t\t<\/span>\n\t\t\t\t<\/h3>\n\t\t\t\t<\/div>\n\t\t\t\t<\/div>\n\t\t\t\t<div class=\"elementor-element elementor-element-5763dad elementor-widget elementor-widget-image\" data-id=\"5763dad\" data-element_type=\"widget\" data-widget_type=\"image.default\">\n\t\t\t\t<div class=\"elementor-widget-container\">\n\t\t\t\t\t\t\t\t\t\t\t\t\t<img fetchpriority=\"high\" decoding=\"async\" width=\"819\" height=\"1024\" src=\"https:\/\/o-em.com.tr\/wp-content\/uploads\/2025\/04\/Visit-us-1-819x1024.png\" class=\"attachment-large size-large wp-image-8901\" alt=\"\" srcset=\"https:\/\/o-em.com.tr\/wp-content\/uploads\/2025\/04\/Visit-us-1-819x1024.png 819w, https:\/\/o-em.com.tr\/wp-content\/uploads\/2025\/04\/Visit-us-1-240x300.png 240w, https:\/\/o-em.com.tr\/wp-content\/uploads\/2025\/04\/Visit-us-1-768x960.png 768w, https:\/\/o-em.com.tr\/wp-content\/uploads\/2025\/04\/Visit-us-1-10x12.png 10w, https:\/\/o-em.com.tr\/wp-content\/uploads\/2025\/04\/Visit-us-1-700x875.png 700w, https:\/\/o-em.com.tr\/wp-content\/uploads\/2025\/04\/Visit-us-1-150x188.png 150w, https:\/\/o-em.com.tr\/wp-content\/uploads\/2025\/04\/Visit-us-1.png 1080w\" sizes=\"(max-width: 819px) 100vw, 819px\" \/>\t\t\t\t\t\t\t\t\t\t\t\t\t<\/div>\n\t\t\t\t<\/div>\n\t\t\t\t\t<\/div>\n\t\t<\/div>\n\t\t\t\t\t<\/div>\n\t\t<\/section>\n\t\t\t\t<section class=\"elementor-section elementor-top-section elementor-element elementor-element-c6e5bd2 elementor-section-boxed elementor-section-height-default elementor-section-height-default wd-section-disabled\" data-id=\"c6e5bd2\" data-element_type=\"section\">\n\t\t\t\t\t\t<div class=\"elementor-container elementor-column-gap-default\">\n\t\t\t\t\t<div class=\"elementor-column elementor-col-33 elementor-top-column elementor-element elementor-element-d7cc682\" data-id=\"d7cc682\" data-element_type=\"column\">\n\t\t\t<div class=\"elementor-widget-wrap elementor-element-populated\">\n\t\t\t\t\t\t<div class=\"elementor-element elementor-element-679222a elementor-widget elementor-widget-image\" data-id=\"679222a\" data-element_type=\"widget\" data-widget_type=\"image.default\">\n\t\t\t\t<div class=\"elementor-widget-container\">\n\t\t\t\t\t\t\t\t\t\t\t\t\t<img decoding=\"async\" width=\"1600\" height=\"1280\" src=\"https:\/\/o-em.com.tr\/wp-content\/uploads\/2022\/01\/salon4.jpeg\" class=\"attachment-full size-full wp-image-8499\" alt=\"\" srcset=\"https:\/\/o-em.com.tr\/wp-content\/uploads\/2022\/01\/salon4.jpeg 1600w, https:\/\/o-em.com.tr\/wp-content\/uploads\/2022\/01\/salon4-300x240.jpeg 300w, https:\/\/o-em.com.tr\/wp-content\/uploads\/2022\/01\/salon4-768x614.jpeg 768w, https:\/\/o-em.com.tr\/wp-content\/uploads\/2022\/01\/salon4-1024x819.jpeg 1024w, https:\/\/o-em.com.tr\/wp-content\/uploads\/2022\/01\/salon4-1536x1229.jpeg 1536w, https:\/\/o-em.com.tr\/wp-content\/uploads\/2022\/01\/salon4-15x12.jpeg 15w, https:\/\/o-em.com.tr\/wp-content\/uploads\/2022\/01\/salon4-700x560.jpeg 700w, https:\/\/o-em.com.tr\/wp-content\/uploads\/2022\/01\/salon4-150x120.jpeg 150w\" sizes=\"(max-width: 1600px) 100vw, 1600px\" \/>\t\t\t\t\t\t\t\t\t\t\t\t\t<\/div>\n\t\t\t\t<\/div>\n\t\t\t\t\t<\/div>\n\t\t<\/div>\n\t\t\t\t<div class=\"elementor-column elementor-col-33 elementor-top-column elementor-element elementor-element-3d758a5\" data-id=\"3d758a5\" data-element_type=\"column\">\n\t\t\t<div class=\"elementor-widget-wrap elementor-element-populated\">\n\t\t\t\t\t\t<div class=\"elementor-element elementor-element-f9f4d41 elementor-widget elementor-widget-image\" data-id=\"f9f4d41\" data-element_type=\"widget\" data-widget_type=\"image.default\">\n\t\t\t\t<div class=\"elementor-widget-container\">\n\t\t\t\t\t\t\t\t\t\t\t\t\t<img decoding=\"async\" width=\"1600\" height=\"1280\" src=\"https:\/\/o-em.com.tr\/wp-content\/uploads\/2022\/01\/tuyap.jpeg\" class=\"attachment-full size-full wp-image-8498\" alt=\"\" srcset=\"https:\/\/o-em.com.tr\/wp-content\/uploads\/2022\/01\/tuyap.jpeg 1600w, https:\/\/o-em.com.tr\/wp-content\/uploads\/2022\/01\/tuyap-300x240.jpeg 300w, https:\/\/o-em.com.tr\/wp-content\/uploads\/2022\/01\/tuyap-768x614.jpeg 768w, https:\/\/o-em.com.tr\/wp-content\/uploads\/2022\/01\/tuyap-1024x819.jpeg 1024w, https:\/\/o-em.com.tr\/wp-content\/uploads\/2022\/01\/tuyap-1536x1229.jpeg 1536w, https:\/\/o-em.com.tr\/wp-content\/uploads\/2022\/01\/tuyap-15x12.jpeg 15w, https:\/\/o-em.com.tr\/wp-content\/uploads\/2022\/01\/tuyap-700x560.jpeg 700w, https:\/\/o-em.com.tr\/wp-content\/uploads\/2022\/01\/tuyap-150x120.jpeg 150w\" sizes=\"(max-width: 1600px) 100vw, 1600px\" \/>\t\t\t\t\t\t\t\t\t\t\t\t\t<\/div>\n\t\t\t\t<\/div>\n\t\t\t\t\t<\/div>\n\t\t<\/div>\n\t\t\t\t<div class=\"elementor-column elementor-col-33 elementor-top-column elementor-element elementor-element-0c934fc\" data-id=\"0c934fc\" data-element_type=\"column\">\n\t\t\t<div class=\"elementor-widget-wrap elementor-element-populated\">\n\t\t\t\t\t\t<div class=\"elementor-element elementor-element-922e168 elementor-widget elementor-widget-image\" data-id=\"922e168\" data-element_type=\"widget\" data-widget_type=\"image.default\">\n\t\t\t\t<div class=\"elementor-widget-container\">\n\t\t\t\t\t\t\t\t\t\t\t\t\t<img loading=\"lazy\" decoding=\"async\" width=\"800\" height=\"800\" src=\"https:\/\/o-em.com.tr\/wp-content\/uploads\/2021\/12\/OEM-FUAR-03.jpg\" class=\"attachment-full size-full wp-image-7789\" alt=\"\" srcset=\"https:\/\/o-em.com.tr\/wp-content\/uploads\/2021\/12\/OEM-FUAR-03.jpg 800w, https:\/\/o-em.com.tr\/wp-content\/uploads\/2021\/12\/OEM-FUAR-03-150x150.jpg 150w, https:\/\/o-em.com.tr\/wp-content\/uploads\/2021\/12\/OEM-FUAR-03-300x300.jpg 300w, https:\/\/o-em.com.tr\/wp-content\/uploads\/2021\/12\/OEM-FUAR-03-768x768.jpg 768w, https:\/\/o-em.com.tr\/wp-content\/uploads\/2021\/12\/OEM-FUAR-03-500x500.jpg 500w, https:\/\/o-em.com.tr\/wp-content\/uploads\/2021\/12\/OEM-FUAR-03-700x700.jpg 700w\" sizes=\"(max-width: 800px) 100vw, 800px\" \/>\t\t\t\t\t\t\t\t\t\t\t\t\t<\/div>\n\t\t\t\t<\/div>\n\t\t\t\t\t<\/div>\n\t\t<\/div>\n\t\t\t\t\t<\/div>\n\t\t<\/section>\n\t\t\t\t<\/div>","protected":false},"excerpt":{"rendered":"<p>T\u00fcm D\u00fcnyaday\u0131z!<\/p>","protected":false},"author":1,"featured_media":0,"parent":0,"menu_order":0,"comment_status":"closed","ping_status":"closed","template":"","meta":{"footnotes":""},"_links":{"self":[{"href":"https:\/\/o-em.com.tr\/en\/wp-json\/wp\/v2\/pages\/7785"}],"collection":[{"href":"https:\/\/o-em.com.tr\/en\/wp-json\/wp\/v2\/pages"}],"about":[{"href":"https:\/\/o-em.com.tr\/en\/wp-json\/wp\/v2\/types\/page"}],"author":[{"embeddable":true,"href":"https:\/\/o-em.com.tr\/en\/wp-json\/wp\/v2\/users\/1"}],"replies":[{"embeddable":true,"href":"https:\/\/o-em.com.tr\/en\/wp-json\/wp\/v2\/comments?post=7785"}],"version-history":[{"count":4,"href":"https:\/\/o-em.com.tr\/en\/wp-json\/wp\/v2\/pages\/7785\/revisions"}],"predecessor-version":[{"id":8905,"href":"https:\/\/o-em.com.tr\/en\/wp-json\/wp\/v2\/pages\/7785\/revisions\/8905"}],"wp:attachment":[{"href":"https:\/\/o-em.com.tr\/en\/wp-json\/wp\/v2\/media?parent=7785"}],"curies":[{"name":"wp","href":"https:\/\/api.w.org\/{rel}","templated":true}]}}