{"id":8064,"date":"2021-12-16T01:42:26","date_gmt":"2021-12-15T22:42:26","guid":{"rendered":"https:\/\/oem.proje99.com\/?page_id=8064"},"modified":"2021-12-16T01:56:23","modified_gmt":"2021-12-15T22:56:23","slug":"lazer-siniflandirilmasi","status":"publish","type":"page","link":"https:\/\/o-em.com.tr\/en\/lazer-siniflandirilmasi\/","title":{"rendered":"Laser Classification"},"content":{"rendered":"<div data-elementor-type=\"wp-page\" data-elementor-id=\"8064\" class=\"elementor elementor-8064\" data-elementor-post-type=\"page\">\n\t\t\t\t\t\t<section class=\"elementor-section elementor-top-section elementor-element elementor-element-11e01b1 elementor-section-boxed elementor-section-height-default elementor-section-height-default wd-section-disabled\" data-id=\"11e01b1\" data-element_type=\"section\">\n\t\t\t\t\t\t<div class=\"elementor-container elementor-column-gap-default\">\n\t\t\t\t\t<div class=\"elementor-column elementor-col-100 elementor-top-column elementor-element elementor-element-d4a0c29\" data-id=\"d4a0c29\" data-element_type=\"column\">\n\t\t\t<div class=\"elementor-widget-wrap elementor-element-populated\">\n\t\t\t\t\t\t<div class=\"elementor-element elementor-element-5e8cf13 elementor-widget elementor-widget-image\" data-id=\"5e8cf13\" data-element_type=\"widget\" data-widget_type=\"image.default\">\n\t\t\t\t<div class=\"elementor-widget-container\">\n\t\t\t\t\t\t\t\t\t\t\t\t\t<img fetchpriority=\"high\" decoding=\"async\" width=\"1500\" height=\"458\" src=\"https:\/\/o-em.com.tr\/wp-content\/uploads\/2021\/12\/ikaz.jpg\" class=\"attachment-full size-full wp-image-8082\" alt=\"\" srcset=\"https:\/\/o-em.com.tr\/wp-content\/uploads\/2021\/12\/ikaz.jpg 1500w, https:\/\/o-em.com.tr\/wp-content\/uploads\/2021\/12\/ikaz-300x92.jpg 300w, https:\/\/o-em.com.tr\/wp-content\/uploads\/2021\/12\/ikaz-768x234.jpg 768w, https:\/\/o-em.com.tr\/wp-content\/uploads\/2021\/12\/ikaz-1024x313.jpg 1024w, https:\/\/o-em.com.tr\/wp-content\/uploads\/2021\/12\/ikaz-700x214.jpg 700w, https:\/\/o-em.com.tr\/wp-content\/uploads\/2021\/12\/ikaz-150x46.jpg 150w\" sizes=\"(max-width: 1500px) 100vw, 1500px\" \/>\t\t\t\t\t\t\t\t\t\t\t\t\t<\/div>\n\t\t\t\t<\/div>\n\t\t\t\t<div class=\"elementor-element elementor-element-8cd242e elementor-widget elementor-widget-heading\" data-id=\"8cd242e\" data-element_type=\"widget\" data-widget_type=\"heading.default\">\n\t\t\t\t<div class=\"elementor-widget-container\">\n\t\t\t<h2 class=\"elementor-heading-title elementor-size-default\">Laser Classes             According to      DIN EN 60825-1:2015-07<\/h2>\t\t<\/div>\n\t\t\t\t<\/div>\n\t\t\t\t<div class=\"elementor-element elementor-element-30a3972 color-scheme-inherit text-left elementor-widget elementor-widget-text-editor\" data-id=\"30a3972\" data-element_type=\"widget\" data-widget_type=\"text-editor.default\">\n\t\t\t\t<div class=\"elementor-widget-container\">\n\t\t\t\t\t\t\t<p><em>OEM Laser offers profesional positioning lasers according to international standards and declares the laser classes of the products in accordance with EN 60825-1:2015-07. <\/em><\/p><p><em>Lasers are divided into a number of classes depending upon the power or energy of the beam and the wavelength of the emitted radiation.<\/em><\/p>\t\t\t\t\t\t<\/div>\n\t\t\t\t<\/div>\n\t\t\t\t\t<\/div>\n\t\t<\/div>\n\t\t\t\t\t<\/div>\n\t\t<\/section>\n\t\t\t\t<section class=\"elementor-section elementor-top-section elementor-element elementor-element-fb72298 elementor-section-boxed elementor-section-height-default elementor-section-height-default wd-section-disabled\" data-id=\"fb72298\" data-element_type=\"section\">\n\t\t\t\t\t\t<div class=\"elementor-container elementor-column-gap-default\">\n\t\t\t\t\t<div class=\"elementor-column elementor-col-100 elementor-top-column elementor-element elementor-element-e5220a2\" data-id=\"e5220a2\" data-element_type=\"column\">\n\t\t\t<div class=\"elementor-widget-wrap elementor-element-populated\">\n\t\t\t\t\t\t<div class=\"elementor-element elementor-element-c154bbb elementor-widget-divider--view-line elementor-widget elementor-widget-divider\" data-id=\"c154bbb\" data-element_type=\"widget\" data-widget_type=\"divider.default\">\n\t\t\t\t<div class=\"elementor-widget-container\">\n\t\t\t\t\t<div class=\"elementor-divider\">\n\t\t\t<span class=\"elementor-divider-separator\">\n\t\t\t\t\t\t<\/span>\n\t\t<\/div>\n\t\t\t\t<\/div>\n\t\t\t\t<\/div>\n\t\t\t\t\t<\/div>\n\t\t<\/div>\n\t\t\t\t\t<\/div>\n\t\t<\/section>\n\t\t\t\t<section class=\"elementor-section elementor-top-section elementor-element elementor-element-fd96c25 elementor-section-boxed elementor-section-height-default elementor-section-height-default wd-section-disabled\" data-id=\"fd96c25\" data-element_type=\"section\">\n\t\t\t\t\t\t<div class=\"elementor-container elementor-column-gap-default\">\n\t\t\t\t\t<div class=\"elementor-column elementor-col-33 elementor-top-column elementor-element elementor-element-19002ca\" data-id=\"19002ca\" data-element_type=\"column\">\n\t\t\t<div class=\"elementor-widget-wrap elementor-element-populated\">\n\t\t\t\t\t\t<div class=\"elementor-element elementor-element-c3fcff9 elementor-widget elementor-widget-heading\" data-id=\"c3fcff9\" data-element_type=\"widget\" data-widget_type=\"heading.default\">\n\t\t\t\t<div class=\"elementor-widget-container\">\n\t\t\t<h2 class=\"elementor-heading-title elementor-size-default\">LASER CLASS 1<\/h2>\t\t<\/div>\n\t\t\t\t<\/div>\n\t\t\t\t<div class=\"elementor-element elementor-element-f27eb74 elementor-widget elementor-widget-image\" data-id=\"f27eb74\" data-element_type=\"widget\" data-widget_type=\"image.default\">\n\t\t\t\t<div class=\"elementor-widget-container\">\n\t\t\t\t\t\t\t\t\t\t\t\t\t<img decoding=\"async\" width=\"948\" height=\"588\" src=\"https:\/\/o-em.com.tr\/wp-content\/uploads\/2021\/12\/Safety-Marking_1_TR.png\" class=\"attachment-large size-large wp-image-8066\" alt=\"\" srcset=\"https:\/\/o-em.com.tr\/wp-content\/uploads\/2021\/12\/Safety-Marking_1_TR.png 948w, https:\/\/o-em.com.tr\/wp-content\/uploads\/2021\/12\/Safety-Marking_1_TR-300x186.png 300w, https:\/\/o-em.com.tr\/wp-content\/uploads\/2021\/12\/Safety-Marking_1_TR-768x476.png 768w, https:\/\/o-em.com.tr\/wp-content\/uploads\/2021\/12\/Safety-Marking_1_TR-700x434.png 700w, https:\/\/o-em.com.tr\/wp-content\/uploads\/2021\/12\/Safety-Marking_1_TR-150x93.png 150w\" sizes=\"(max-width: 948px) 100vw, 948px\" \/>\t\t\t\t\t\t\t\t\t\t\t\t\t<\/div>\n\t\t\t\t<\/div>\n\t\t\t\t<div class=\"elementor-element elementor-element-b84f0a0 color-scheme-inherit text-left elementor-widget elementor-widget-text-editor\" data-id=\"b84f0a0\" data-element_type=\"widget\" data-widget_type=\"text-editor.default\">\n\t\t\t\t<div class=\"elementor-widget-container\">\n\t\t\t\t\t\t\t<p><strong><em>Consept<\/em><\/strong><em> Eye-safe and accessible laser radiation is harmless for under reasonably foreseeable conditions  of  operation,  including the use of  optical  instruments (binoculars, telescopes, microscopes, magnifying glasses, but not prescription glasses) for  intrabeam  viewing.<\/em><\/p><p><strong><em>Action<\/em><\/strong><em> No additional protective equipment is required.<\/em><\/p>\t\t\t\t\t\t<\/div>\n\t\t\t\t<\/div>\n\t\t\t\t\t<\/div>\n\t\t<\/div>\n\t\t\t\t<div class=\"elementor-column elementor-col-33 elementor-top-column elementor-element elementor-element-a1281b8\" data-id=\"a1281b8\" data-element_type=\"column\">\n\t\t\t<div class=\"elementor-widget-wrap elementor-element-populated\">\n\t\t\t\t\t\t<div class=\"elementor-element elementor-element-35d16ce elementor-widget elementor-widget-heading\" data-id=\"35d16ce\" data-element_type=\"widget\" data-widget_type=\"heading.default\">\n\t\t\t\t<div class=\"elementor-widget-container\">\n\t\t\t<h2 class=\"elementor-heading-title elementor-size-default\">LASER CLASS 1M<\/h2>\t\t<\/div>\n\t\t\t\t<\/div>\n\t\t\t\t<div class=\"elementor-element elementor-element-969d275 elementor-widget elementor-widget-image\" data-id=\"969d275\" data-element_type=\"widget\" data-widget_type=\"image.default\">\n\t\t\t\t<div class=\"elementor-widget-container\">\n\t\t\t\t\t\t\t\t\t\t\t\t\t<img decoding=\"async\" width=\"948\" height=\"588\" src=\"https:\/\/o-em.com.tr\/wp-content\/uploads\/2021\/12\/Safety-Marking_2_TR.png\" class=\"attachment-large size-large wp-image-8067\" alt=\"\" srcset=\"https:\/\/o-em.com.tr\/wp-content\/uploads\/2021\/12\/Safety-Marking_2_TR.png 948w, https:\/\/o-em.com.tr\/wp-content\/uploads\/2021\/12\/Safety-Marking_2_TR-300x186.png 300w, https:\/\/o-em.com.tr\/wp-content\/uploads\/2021\/12\/Safety-Marking_2_TR-768x476.png 768w, https:\/\/o-em.com.tr\/wp-content\/uploads\/2021\/12\/Safety-Marking_2_TR-700x434.png 700w, https:\/\/o-em.com.tr\/wp-content\/uploads\/2021\/12\/Safety-Marking_2_TR-150x93.png 150w\" sizes=\"(max-width: 948px) 100vw, 948px\" \/>\t\t\t\t\t\t\t\t\t\t\t\t\t<\/div>\n\t\t\t\t<\/div>\n\t\t\t\t<div class=\"elementor-element elementor-element-cd9fc3f color-scheme-inherit text-left elementor-widget elementor-widget-text-editor\" data-id=\"cd9fc3f\" data-element_type=\"widget\" data-widget_type=\"text-editor.default\">\n\t\t\t\t<div class=\"elementor-widget-container\">\n\t\t\t\t\t\t\t<p><strong><em>Consept<\/em><\/strong><em> The accessible laser radiation in the visible spectral range of 400 nm to 700 nm for short periods of exposure (up to 0.25s) are not dangerous to the eye, as long as optical instruments (binoculars, telescopes, microscopes, magnifying glasses, \u2018but not prescription glasses\u2019) are not used.<\/em><\/p><p><strong><em>Action<\/em><\/strong><em> No additional protective equipment is required,  as  long  as no  optical  instruments  are  used.<\/em><\/p>\t\t\t\t\t\t<\/div>\n\t\t\t\t<\/div>\n\t\t\t\t\t<\/div>\n\t\t<\/div>\n\t\t\t\t<div class=\"elementor-column elementor-col-33 elementor-top-column elementor-element elementor-element-26d1aa6\" data-id=\"26d1aa6\" data-element_type=\"column\">\n\t\t\t<div class=\"elementor-widget-wrap elementor-element-populated\">\n\t\t\t\t\t\t<div class=\"elementor-element elementor-element-323fdfb elementor-widget elementor-widget-heading\" data-id=\"323fdfb\" data-element_type=\"widget\" data-widget_type=\"heading.default\">\n\t\t\t\t<div class=\"elementor-widget-container\">\n\t\t\t<h2 class=\"elementor-heading-title elementor-size-default\">LASER CLASS 2<\/h2>\t\t<\/div>\n\t\t\t\t<\/div>\n\t\t\t\t<div class=\"elementor-element elementor-element-46d88b7 elementor-widget elementor-widget-image\" data-id=\"46d88b7\" data-element_type=\"widget\" data-widget_type=\"image.default\">\n\t\t\t\t<div class=\"elementor-widget-container\">\n\t\t\t\t\t\t\t\t\t\t\t\t\t<img loading=\"lazy\" decoding=\"async\" width=\"948\" height=\"588\" src=\"https:\/\/o-em.com.tr\/wp-content\/uploads\/2021\/12\/Safety-Marking_2_TR-1.png\" class=\"attachment-large size-large wp-image-8068\" alt=\"\" srcset=\"https:\/\/o-em.com.tr\/wp-content\/uploads\/2021\/12\/Safety-Marking_2_TR-1.png 948w, https:\/\/o-em.com.tr\/wp-content\/uploads\/2021\/12\/Safety-Marking_2_TR-1-300x186.png 300w, https:\/\/o-em.com.tr\/wp-content\/uploads\/2021\/12\/Safety-Marking_2_TR-1-768x476.png 768w, https:\/\/o-em.com.tr\/wp-content\/uploads\/2021\/12\/Safety-Marking_2_TR-1-700x434.png 700w, https:\/\/o-em.com.tr\/wp-content\/uploads\/2021\/12\/Safety-Marking_2_TR-1-150x93.png 150w\" sizes=\"(max-width: 948px) 100vw, 948px\" \/>\t\t\t\t\t\t\t\t\t\t\t\t\t<\/div>\n\t\t\t\t<\/div>\n\t\t\t\t<div class=\"elementor-element elementor-element-af243d9 color-scheme-inherit text-left elementor-widget elementor-widget-text-editor\" data-id=\"af243d9\" data-element_type=\"widget\" data-widget_type=\"text-editor.default\">\n\t\t\t\t<div class=\"elementor-widget-container\">\n\t\t\t\t\t\t\t<p><strong><em>Consept<\/em><\/strong><em> Eye-safe  under  certain  conditions;  the  accessible  laser radiation  lies  solely  in  the  visible  spectral  range  (from 400  to  700  nm).  It  is  also  eye-safe  for a short accidental exposure  time (up  to  0.25 s). The upper radiant power limit on this type of device is 1 mW which corresponds to the total beam power entering the eye for a momentary exposure of 0.25 seconds. <\/em><\/p><p><strong><em>Action<\/em><\/strong><em> No additional protective equipment is required other than not staring into the beam.<\/em><\/p>\t\t\t\t\t\t<\/div>\n\t\t\t\t<\/div>\n\t\t\t\t\t<\/div>\n\t\t<\/div>\n\t\t\t\t\t<\/div>\n\t\t<\/section>\n\t\t\t\t<section class=\"elementor-section elementor-top-section elementor-element elementor-element-88eb2d2 elementor-section-boxed elementor-section-height-default elementor-section-height-default wd-section-disabled\" data-id=\"88eb2d2\" data-element_type=\"section\">\n\t\t\t\t\t\t<div class=\"elementor-container elementor-column-gap-default\">\n\t\t\t\t\t<div class=\"elementor-column elementor-col-100 elementor-top-column elementor-element elementor-element-452697a\" data-id=\"452697a\" data-element_type=\"column\">\n\t\t\t<div class=\"elementor-widget-wrap elementor-element-populated\">\n\t\t\t\t\t\t<div class=\"elementor-element elementor-element-01e83b9 elementor-widget-divider--view-line elementor-widget elementor-widget-divider\" data-id=\"01e83b9\" data-element_type=\"widget\" data-widget_type=\"divider.default\">\n\t\t\t\t<div class=\"elementor-widget-container\">\n\t\t\t\t\t<div class=\"elementor-divider\">\n\t\t\t<span class=\"elementor-divider-separator\">\n\t\t\t\t\t\t<\/span>\n\t\t<\/div>\n\t\t\t\t<\/div>\n\t\t\t\t<\/div>\n\t\t\t\t\t<\/div>\n\t\t<\/div>\n\t\t\t\t\t<\/div>\n\t\t<\/section>\n\t\t\t\t<section class=\"elementor-section elementor-top-section elementor-element elementor-element-478ca67 elementor-section-boxed elementor-section-height-default elementor-section-height-default wd-section-disabled\" data-id=\"478ca67\" data-element_type=\"section\">\n\t\t\t\t\t\t<div class=\"elementor-container elementor-column-gap-default\">\n\t\t\t\t\t<div class=\"elementor-column elementor-col-33 elementor-top-column elementor-element elementor-element-a6ae8d3\" data-id=\"a6ae8d3\" data-element_type=\"column\">\n\t\t\t<div class=\"elementor-widget-wrap elementor-element-populated\">\n\t\t\t\t\t\t<div class=\"elementor-element elementor-element-c79a624 elementor-widget elementor-widget-heading\" data-id=\"c79a624\" data-element_type=\"widget\" data-widget_type=\"heading.default\">\n\t\t\t\t<div class=\"elementor-widget-container\">\n\t\t\t<h2 class=\"elementor-heading-title elementor-size-default\">LASER CLASS 2M<\/h2>\t\t<\/div>\n\t\t\t\t<\/div>\n\t\t\t\t<div class=\"elementor-element elementor-element-95fa95e elementor-widget elementor-widget-image\" data-id=\"95fa95e\" data-element_type=\"widget\" data-widget_type=\"image.default\">\n\t\t\t\t<div class=\"elementor-widget-container\">\n\t\t\t\t\t\t\t\t\t\t\t\t\t<img loading=\"lazy\" decoding=\"async\" width=\"948\" height=\"588\" src=\"https:\/\/o-em.com.tr\/wp-content\/uploads\/2021\/12\/Safety-Marking_2M_TR.png\" class=\"attachment-large size-large wp-image-8072\" alt=\"\" srcset=\"https:\/\/o-em.com.tr\/wp-content\/uploads\/2021\/12\/Safety-Marking_2M_TR.png 948w, https:\/\/o-em.com.tr\/wp-content\/uploads\/2021\/12\/Safety-Marking_2M_TR-300x186.png 300w, https:\/\/o-em.com.tr\/wp-content\/uploads\/2021\/12\/Safety-Marking_2M_TR-768x476.png 768w, https:\/\/o-em.com.tr\/wp-content\/uploads\/2021\/12\/Safety-Marking_2M_TR-700x434.png 700w, https:\/\/o-em.com.tr\/wp-content\/uploads\/2021\/12\/Safety-Marking_2M_TR-150x93.png 150w\" sizes=\"(max-width: 948px) 100vw, 948px\" \/>\t\t\t\t\t\t\t\t\t\t\t\t\t<\/div>\n\t\t\t\t<\/div>\n\t\t\t\t<div class=\"elementor-element elementor-element-aca7d3f color-scheme-inherit text-left elementor-widget elementor-widget-text-editor\" data-id=\"aca7d3f\" data-element_type=\"widget\" data-widget_type=\"text-editor.default\">\n\t\t\t\t<div class=\"elementor-widget-container\">\n\t\t\t\t\t\t\t<p><strong><em>Consept<\/em><\/strong><em> Eye-safe under certain conditions; the accessible laser radiation lies solely in the visible spectral range (from 400 to 700 nm).  It is also eye-safe for a momentary exposure of 0.25 seconds which is protected by the eyelid closure reflex when looking into the laser radiation accidentally for a short time at random. The upper radiant power limit on this type of device is 1 mW which corresponds to the total beam power entering the eye for a momentary exposure of 0.25 seconds.<\/em><\/p><p><strong><em>Action<\/em><\/strong><em> No additional protective equipment is required, as long as no optical instruments are used.<\/em><\/p>\t\t\t\t\t\t<\/div>\n\t\t\t\t<\/div>\n\t\t\t\t\t<\/div>\n\t\t<\/div>\n\t\t\t\t<div class=\"elementor-column elementor-col-33 elementor-top-column elementor-element elementor-element-6df3029\" data-id=\"6df3029\" data-element_type=\"column\">\n\t\t\t<div class=\"elementor-widget-wrap elementor-element-populated\">\n\t\t\t\t\t\t<div class=\"elementor-element elementor-element-07efb9e elementor-widget elementor-widget-heading\" data-id=\"07efb9e\" data-element_type=\"widget\" data-widget_type=\"heading.default\">\n\t\t\t\t<div class=\"elementor-widget-container\">\n\t\t\t<h2 class=\"elementor-heading-title elementor-size-default\">LASER CLASS 3R<\/h2>\t\t<\/div>\n\t\t\t\t<\/div>\n\t\t\t\t<div class=\"elementor-element elementor-element-44ee8ba elementor-widget elementor-widget-image\" data-id=\"44ee8ba\" data-element_type=\"widget\" data-widget_type=\"image.default\">\n\t\t\t\t<div class=\"elementor-widget-container\">\n\t\t\t\t\t\t\t\t\t\t\t\t\t<img loading=\"lazy\" decoding=\"async\" width=\"948\" height=\"588\" src=\"https:\/\/o-em.com.tr\/wp-content\/uploads\/2021\/12\/Safety-Marking_3R_TR.png\" class=\"attachment-large size-large wp-image-8074\" alt=\"\" srcset=\"https:\/\/o-em.com.tr\/wp-content\/uploads\/2021\/12\/Safety-Marking_3R_TR.png 948w, https:\/\/o-em.com.tr\/wp-content\/uploads\/2021\/12\/Safety-Marking_3R_TR-300x186.png 300w, https:\/\/o-em.com.tr\/wp-content\/uploads\/2021\/12\/Safety-Marking_3R_TR-768x476.png 768w, https:\/\/o-em.com.tr\/wp-content\/uploads\/2021\/12\/Safety-Marking_3R_TR-700x434.png 700w, https:\/\/o-em.com.tr\/wp-content\/uploads\/2021\/12\/Safety-Marking_3R_TR-150x93.png 150w\" sizes=\"(max-width: 948px) 100vw, 948px\" \/>\t\t\t\t\t\t\t\t\t\t\t\t\t<\/div>\n\t\t\t\t<\/div>\n\t\t\t\t<div class=\"elementor-element elementor-element-c3fc990 color-scheme-inherit text-left elementor-widget elementor-widget-text-editor\" data-id=\"c3fc990\" data-element_type=\"widget\" data-widget_type=\"text-editor.default\">\n\t\t\t\t<div class=\"elementor-widget-container\">\n\t\t\t\t\t\t\t<p><strong><em>Consept<\/em><\/strong><em> The accessible laser radiation is dangerous for eyes. Lasers that emit in the wavelength range from 302.5 nm to 10\u2076 nm where direct intrabeam viewing is potentially hazardous. The accessible emission limit is within five times the AEL of Class 2 in the wavelength range from 400 nm to 700 nm and within five times the AEL of Class 1 for the other wavelengths.<\/em><\/p><p><strong><em>Action<\/em><\/strong><em> Poses a danger to eyes, protective goggles are recommended.<\/em><\/p>\t\t\t\t\t\t<\/div>\n\t\t\t\t<\/div>\n\t\t\t\t\t<\/div>\n\t\t<\/div>\n\t\t\t\t<div class=\"elementor-column elementor-col-33 elementor-top-column elementor-element elementor-element-1f41213\" data-id=\"1f41213\" data-element_type=\"column\">\n\t\t\t<div class=\"elementor-widget-wrap elementor-element-populated\">\n\t\t\t\t\t\t<div class=\"elementor-element elementor-element-8f32d2a elementor-widget elementor-widget-heading\" data-id=\"8f32d2a\" data-element_type=\"widget\" data-widget_type=\"heading.default\">\n\t\t\t\t<div class=\"elementor-widget-container\">\n\t\t\t<h2 class=\"elementor-heading-title elementor-size-default\">LASER CLASS 3B<\/h2>\t\t<\/div>\n\t\t\t\t<\/div>\n\t\t\t\t<div class=\"elementor-element elementor-element-45aab65 elementor-widget elementor-widget-image\" data-id=\"45aab65\" data-element_type=\"widget\" data-widget_type=\"image.default\">\n\t\t\t\t<div class=\"elementor-widget-container\">\n\t\t\t\t\t\t\t\t\t\t\t\t\t<img loading=\"lazy\" decoding=\"async\" width=\"948\" height=\"588\" src=\"https:\/\/o-em.com.tr\/wp-content\/uploads\/2021\/12\/Safety-Marking_3B_TR.png\" class=\"attachment-large size-large wp-image-8073\" alt=\"\" srcset=\"https:\/\/o-em.com.tr\/wp-content\/uploads\/2021\/12\/Safety-Marking_3B_TR.png 948w, https:\/\/o-em.com.tr\/wp-content\/uploads\/2021\/12\/Safety-Marking_3B_TR-300x186.png 300w, https:\/\/o-em.com.tr\/wp-content\/uploads\/2021\/12\/Safety-Marking_3B_TR-768x476.png 768w, https:\/\/o-em.com.tr\/wp-content\/uploads\/2021\/12\/Safety-Marking_3B_TR-700x434.png 700w, https:\/\/o-em.com.tr\/wp-content\/uploads\/2021\/12\/Safety-Marking_3B_TR-150x93.png 150w\" sizes=\"(max-width: 948px) 100vw, 948px\" \/>\t\t\t\t\t\t\t\t\t\t\t\t\t<\/div>\n\t\t\t\t<\/div>\n\t\t\t\t<div class=\"elementor-element elementor-element-5d48a52 color-scheme-inherit text-left elementor-widget elementor-widget-text-editor\" data-id=\"5d48a52\" data-element_type=\"widget\" data-widget_type=\"text-editor.default\">\n\t\t\t\t<div class=\"elementor-widget-container\">\n\t\t\t\t\t\t\t<p><strong><em>Consept<\/em><\/strong><em> Laser class 3B is dangerous for the eyes and potentially also for the skin. Persons must not be exposed to the laser beam. Viewing diffuse reflection is safe as long as the viewing distance of 13 cm at least and a viewing time of less than 10 s is guaranteed. There is a fire hazard if the laser beam comes into contact with flammable materials.<\/em><\/p><p><strong><em>Action<\/em><\/strong><em> Poses a danger to eyes and potentially to the skin, protective goggles are required.<\/em><\/p>\t\t\t\t\t\t<\/div>\n\t\t\t\t<\/div>\n\t\t\t\t\t<\/div>\n\t\t<\/div>\n\t\t\t\t\t<\/div>\n\t\t<\/section>\n\t\t\t\t<\/div>","protected":false},"excerpt":{"rendered":"<p>Laser S\u0131n\u0131flar\u0131 DIN EN 60825-1:2015-07 OEM Lazer uluslararas\u0131 standartlara g\u00f6re profesyonel lazer hizalama \u00e7\u00f6z\u00fcmleri sunar ve DIN EN 60825-1:2015-0 standartlar\u0131na<\/p>","protected":false},"author":1,"featured_media":0,"parent":0,"menu_order":0,"comment_status":"closed","ping_status":"closed","template":"","meta":{"footnotes":""},"_links":{"self":[{"href":"https:\/\/o-em.com.tr\/en\/wp-json\/wp\/v2\/pages\/8064"}],"collection":[{"href":"https:\/\/o-em.com.tr\/en\/wp-json\/wp\/v2\/pages"}],"about":[{"href":"https:\/\/o-em.com.tr\/en\/wp-json\/wp\/v2\/types\/page"}],"author":[{"embeddable":true,"href":"https:\/\/o-em.com.tr\/en\/wp-json\/wp\/v2\/users\/1"}],"replies":[{"embeddable":true,"href":"https:\/\/o-em.com.tr\/en\/wp-json\/wp\/v2\/comments?post=8064"}],"version-history":[{"count":0,"href":"https:\/\/o-em.com.tr\/en\/wp-json\/wp\/v2\/pages\/8064\/revisions"}],"wp:attachment":[{"href":"https:\/\/o-em.com.tr\/en\/wp-json\/wp\/v2\/media?parent=8064"}],"curies":[{"name":"wp","href":"https:\/\/api.w.org\/{rel}","templated":true}]}}