{"id":8093,"date":"2021-12-16T01:59:01","date_gmt":"2021-12-15T22:59:01","guid":{"rendered":"https:\/\/oem.proje99.com\/?page_id=8093"},"modified":"2021-12-16T17:03:22","modified_gmt":"2021-12-16T14:03:22","slug":"lazer-guvenligi","status":"publish","type":"page","link":"https:\/\/o-em.com.tr\/en\/lazer-guvenligi\/","title":{"rendered":"Laser Safety"},"content":{"rendered":"<div data-elementor-type=\"wp-page\" data-elementor-id=\"8093\" class=\"elementor elementor-8093\" data-elementor-post-type=\"page\">\n\t\t\t\t\t\t<section class=\"elementor-section elementor-top-section elementor-element elementor-element-5b58425 elementor-section-boxed elementor-section-height-default elementor-section-height-default wd-section-disabled\" data-id=\"5b58425\" data-element_type=\"section\">\n\t\t\t\t\t\t<div class=\"elementor-container elementor-column-gap-default\">\n\t\t\t\t\t<div class=\"elementor-column elementor-col-100 elementor-top-column elementor-element elementor-element-96b3a9c\" data-id=\"96b3a9c\" data-element_type=\"column\">\n\t\t\t<div class=\"elementor-widget-wrap elementor-element-populated\">\n\t\t\t\t\t\t<section class=\"elementor-section elementor-inner-section elementor-element elementor-element-2dce83c elementor-section-boxed elementor-section-height-default elementor-section-height-default wd-section-disabled\" data-id=\"2dce83c\" data-element_type=\"section\">\n\t\t\t\t\t\t<div class=\"elementor-container elementor-column-gap-default\">\n\t\t\t\t\t<div class=\"elementor-column elementor-col-50 elementor-inner-column elementor-element elementor-element-d877e4c\" data-id=\"d877e4c\" data-element_type=\"column\">\n\t\t\t<div class=\"elementor-widget-wrap elementor-element-populated\">\n\t\t\t\t\t\t<div class=\"elementor-element elementor-element-27a96f2 elementor-widget elementor-widget-image\" data-id=\"27a96f2\" data-element_type=\"widget\" data-widget_type=\"image.default\">\n\t\t\t\t<div class=\"elementor-widget-container\">\n\t\t\t\t\t\t\t\t\t\t\t\t\t<img fetchpriority=\"high\" decoding=\"async\" width=\"1024\" height=\"726\" src=\"https:\/\/o-em.com.tr\/wp-content\/uploads\/2021\/12\/209196-2057x1458-Work-safety-1024x726.jpg\" class=\"attachment-large size-large wp-image-8098\" alt=\"\" srcset=\"https:\/\/o-em.com.tr\/wp-content\/uploads\/2021\/12\/209196-2057x1458-Work-safety-1024x726.jpg 1024w, https:\/\/o-em.com.tr\/wp-content\/uploads\/2021\/12\/209196-2057x1458-Work-safety-300x213.jpg 300w, https:\/\/o-em.com.tr\/wp-content\/uploads\/2021\/12\/209196-2057x1458-Work-safety-768x544.jpg 768w, https:\/\/o-em.com.tr\/wp-content\/uploads\/2021\/12\/209196-2057x1458-Work-safety-1536x1089.jpg 1536w, https:\/\/o-em.com.tr\/wp-content\/uploads\/2021\/12\/209196-2057x1458-Work-safety.jpg 1600w, https:\/\/o-em.com.tr\/wp-content\/uploads\/2021\/12\/209196-2057x1458-Work-safety-700x496.jpg 700w, https:\/\/o-em.com.tr\/wp-content\/uploads\/2021\/12\/209196-2057x1458-Work-safety-150x106.jpg 150w\" sizes=\"(max-width: 1024px) 100vw, 1024px\" \/>\t\t\t\t\t\t\t\t\t\t\t\t\t<\/div>\n\t\t\t\t<\/div>\n\t\t\t\t\t<\/div>\n\t\t<\/div>\n\t\t\t\t<div class=\"elementor-column elementor-col-50 elementor-inner-column elementor-element elementor-element-90d8745\" data-id=\"90d8745\" data-element_type=\"column\">\n\t\t\t<div class=\"elementor-widget-wrap elementor-element-populated\">\n\t\t\t\t\t\t<div class=\"elementor-element elementor-element-06f59ac color-scheme-inherit text-left elementor-widget elementor-widget-text-editor\" data-id=\"06f59ac\" data-element_type=\"widget\" data-widget_type=\"text-editor.default\">\n\t\t\t\t<div class=\"elementor-widget-container\">\n\t\t\t\t\t\t\t<p>Laser safety instructions must be observed. Operators and colleagues must therefore show high attention to safety rules and be aware in case of danger to ensure work safety and prevention of accidents.<\/p>\t\t\t\t\t\t<\/div>\n\t\t\t\t<\/div>\n\t\t\t\t\t<\/div>\n\t\t<\/div>\n\t\t\t\t\t<\/div>\n\t\t<\/section>\n\t\t\t\t\t<\/div>\n\t\t<\/div>\n\t\t\t\t\t<\/div>\n\t\t<\/section>\n\t\t\t\t<section class=\"elementor-section elementor-top-section elementor-element elementor-element-271cb6f elementor-section-boxed elementor-section-height-default elementor-section-height-default wd-section-disabled\" data-id=\"271cb6f\" data-element_type=\"section\">\n\t\t\t\t\t\t<div class=\"elementor-container elementor-column-gap-default\">\n\t\t\t\t\t<div class=\"elementor-column elementor-col-100 elementor-top-column elementor-element elementor-element-5117318\" data-id=\"5117318\" data-element_type=\"column\">\n\t\t\t<div class=\"elementor-widget-wrap elementor-element-populated\">\n\t\t\t\t\t\t<div class=\"elementor-element elementor-element-2747dca elementor-widget-divider--view-line elementor-widget elementor-widget-divider\" data-id=\"2747dca\" data-element_type=\"widget\" data-widget_type=\"divider.default\">\n\t\t\t\t<div class=\"elementor-widget-container\">\n\t\t\t\t\t<div class=\"elementor-divider\">\n\t\t\t<span class=\"elementor-divider-separator\">\n\t\t\t\t\t\t<\/span>\n\t\t<\/div>\n\t\t\t\t<\/div>\n\t\t\t\t<\/div>\n\t\t\t\t<section class=\"elementor-section elementor-inner-section elementor-element elementor-element-cbfa959 elementor-section-boxed elementor-section-height-default elementor-section-height-default wd-section-disabled\" data-id=\"cbfa959\" data-element_type=\"section\">\n\t\t\t\t\t\t<div class=\"elementor-container elementor-column-gap-default\">\n\t\t\t\t\t<div class=\"elementor-column elementor-col-50 elementor-inner-column elementor-element elementor-element-5783db1\" data-id=\"5783db1\" data-element_type=\"column\">\n\t\t\t<div class=\"elementor-widget-wrap elementor-element-populated\">\n\t\t\t\t\t\t<div class=\"elementor-element elementor-element-484a4ea elementor-widget elementor-widget-image\" data-id=\"484a4ea\" data-element_type=\"widget\" data-widget_type=\"image.default\">\n\t\t\t\t<div class=\"elementor-widget-container\">\n\t\t\t\t\t\t\t\t\t\t\t\t\t<img decoding=\"async\" width=\"1024\" height=\"729\" src=\"https:\/\/o-em.com.tr\/wp-content\/uploads\/2021\/12\/ONCE-GUVENLIK-1024x729.jpg\" class=\"attachment-large size-large wp-image-8262\" alt=\"\" srcset=\"https:\/\/o-em.com.tr\/wp-content\/uploads\/2021\/12\/ONCE-GUVENLIK-1024x729.jpg 1024w, https:\/\/o-em.com.tr\/wp-content\/uploads\/2021\/12\/ONCE-GUVENLIK-300x214.jpg 300w, https:\/\/o-em.com.tr\/wp-content\/uploads\/2021\/12\/ONCE-GUVENLIK-768x547.jpg 768w, https:\/\/o-em.com.tr\/wp-content\/uploads\/2021\/12\/ONCE-GUVENLIK-1536x1094.jpg 1536w, https:\/\/o-em.com.tr\/wp-content\/uploads\/2021\/12\/ONCE-GUVENLIK-2048x1459.jpg 2048w, https:\/\/o-em.com.tr\/wp-content\/uploads\/2021\/12\/ONCE-GUVENLIK-700x499.jpg 700w, https:\/\/o-em.com.tr\/wp-content\/uploads\/2021\/12\/ONCE-GUVENLIK-150x107.jpg 150w\" sizes=\"(max-width: 1024px) 100vw, 1024px\" \/>\t\t\t\t\t\t\t\t\t\t\t\t\t<\/div>\n\t\t\t\t<\/div>\n\t\t\t\t\t<\/div>\n\t\t<\/div>\n\t\t\t\t<div class=\"elementor-column elementor-col-50 elementor-inner-column elementor-element elementor-element-346233a\" data-id=\"346233a\" data-element_type=\"column\">\n\t\t\t<div class=\"elementor-widget-wrap elementor-element-populated\">\n\t\t\t\t\t\t<div class=\"elementor-element elementor-element-15962cf color-scheme-inherit text-left elementor-widget elementor-widget-text-editor\" data-id=\"15962cf\" data-element_type=\"widget\" data-widget_type=\"text-editor.default\">\n\t\t\t\t<div class=\"elementor-widget-container\">\n\t\t\t\t\t\t\t<p>Persons on the working area must ensure have been informed in case of possible laser radiation danger. Safety instructions and user manuals must be kept in working area.<\/p>\t\t\t\t\t\t<\/div>\n\t\t\t\t<\/div>\n\t\t\t\t\t<\/div>\n\t\t<\/div>\n\t\t\t\t\t<\/div>\n\t\t<\/section>\n\t\t\t\t\t<\/div>\n\t\t<\/div>\n\t\t\t\t\t<\/div>\n\t\t<\/section>\n\t\t\t\t<section class=\"elementor-section elementor-top-section elementor-element elementor-element-b45ef80 elementor-section-boxed elementor-section-height-default elementor-section-height-default wd-section-disabled\" data-id=\"b45ef80\" data-element_type=\"section\">\n\t\t\t\t\t\t<div class=\"elementor-container elementor-column-gap-default\">\n\t\t\t\t\t<div class=\"elementor-column elementor-col-100 elementor-top-column elementor-element elementor-element-99d2189\" data-id=\"99d2189\" data-element_type=\"column\">\n\t\t\t<div class=\"elementor-widget-wrap elementor-element-populated\">\n\t\t\t\t\t\t<div class=\"elementor-element elementor-element-4fb75cc elementor-widget elementor-widget-advanced-btn\" data-id=\"4fb75cc\" data-element_type=\"widget\" data-widget_type=\"advanced-btn.default\">\n\t\t\t\t<div class=\"elementor-widget-container\">\n\t\t\t\r\n\t\t<!--====== HTML CODING START ========-->\r\n\r\n\t\t\r\n\t\t\t\t\t<div class=\"mega-uae-btn-section mega-uae-btn-section-218\" style=\"justify-content: center; display: flex;\">\r\n\t\t\t\t<a href=\"https:\/\/o-em.com.tr\/wp-content\/uploads\/2021\/12\/Lazer-Gu\u0308venlik-Siniflari.pdf\"  target=\"_blank\" style=\"color: #fff;\" class=\"mega-uae-btn button--winona\" data-text=\"\u015eimdi \u0130ND\u0130R\"> \r\n\t\t\t\t\t<span>PDF Lazer G\u00fcvenlik S\u0131n\u0131flar\u0131 \u0130ndir<\/span>\t\t\t\r\n\t\t\t\t<\/a>\r\n\t\t\t<\/div>\r\n\t\t\t<div style=\"clear: both;\"><\/div>\r\n\t\t\r\n\t\t\r\n\t\t\r\n\t\t<style>\r\n\t\t\t.mega-uae-btn-section-218 .mega-uae-btn:hover {\r\n\t\t\t\tcolor: rgb(242, 41, 91) !important;\r\n\t\t\t}\r\n\t\t\t.mega-uae-btn-section-218 .button--winona::after {\r\n\t\t\t\tcolor: rgb(242, 41, 91) !important;\r\n\t\t\t}\r\n\t\t\t.mega-uae-btn-section-218 .button--dualshade {\r\n\t\t\t\tbackground-image: linear-gradient(41deg, rgb(242, 41, 91) 0%,#fff 100%) !important;\r\n\t\t\t\tbackground: none;\r\n\t\t\t}\r\n\t\t\t.mega-uae-btn-section-218 .button--dualshade:hover {\r\n\t\t\t\tcolor: #fff !important;\r\n\t\t\t}\r\n\t\t<\/style>\r\n\r\n\t\t\t\t<\/div>\n\t\t\t\t<\/div>\n\t\t\t\t\t<\/div>\n\t\t<\/div>\n\t\t\t\t\t<\/div>\n\t\t<\/section>\n\t\t\t\t<\/div>","protected":false},"excerpt":{"rendered":"<p>Lazer g\u00fcvenlik talimatlar\u0131na uyulmas\u0131 zorunludur. \u0130\u015f g\u00fcvenli\u011finin sa\u011flanmas\u0131 ve olas\u0131 i\u015f kazalar\u0131n\u0131 \u00f6n\u00fcne ge\u00e7mek i\u00e7in \u00e7al\u0131\u015fma alan\u0131ndaki herkesin bu kurallara<\/p>","protected":false},"author":1,"featured_media":0,"parent":0,"menu_order":0,"comment_status":"closed","ping_status":"closed","template":"","meta":{"footnotes":""},"_links":{"self":[{"href":"https:\/\/o-em.com.tr\/en\/wp-json\/wp\/v2\/pages\/8093"}],"collection":[{"href":"https:\/\/o-em.com.tr\/en\/wp-json\/wp\/v2\/pages"}],"about":[{"href":"https:\/\/o-em.com.tr\/en\/wp-json\/wp\/v2\/types\/page"}],"author":[{"embeddable":true,"href":"https:\/\/o-em.com.tr\/en\/wp-json\/wp\/v2\/users\/1"}],"replies":[{"embeddable":true,"href":"https:\/\/o-em.com.tr\/en\/wp-json\/wp\/v2\/comments?post=8093"}],"version-history":[{"count":0,"href":"https:\/\/o-em.com.tr\/en\/wp-json\/wp\/v2\/pages\/8093\/revisions"}],"wp:attachment":[{"href":"https:\/\/o-em.com.tr\/en\/wp-json\/wp\/v2\/media?parent=8093"}],"curies":[{"name":"wp","href":"https:\/\/api.w.org\/{rel}","templated":true}]}}