{"id":8128,"date":"2021-12-16T10:46:58","date_gmt":"2021-12-16T07:46:58","guid":{"rendered":"https:\/\/oem.proje99.com\/?page_id=8128"},"modified":"2021-12-16T10:54:50","modified_gmt":"2021-12-16T07:54:50","slug":"mermer","status":"publish","type":"page","link":"https:\/\/o-em.com.tr\/en\/uygulamalar\/mermer\/","title":{"rendered":"Stone"},"content":{"rendered":"<div data-elementor-type=\"wp-page\" data-elementor-id=\"8128\" class=\"elementor elementor-8128\" data-elementor-post-type=\"page\">\n\t\t\t\t\t\t<section class=\"elementor-section elementor-top-section elementor-element elementor-element-46b9fb3b elementor-section-content-middle elementor-section-boxed elementor-section-height-default elementor-section-height-default wd-section-disabled\" data-id=\"46b9fb3b\" data-element_type=\"section\">\n\t\t\t\t\t\t<div class=\"elementor-container elementor-column-gap-default\">\n\t\t\t\t\t<div class=\"elementor-column elementor-col-50 elementor-top-column elementor-element elementor-element-18c797ce\" data-id=\"18c797ce\" data-element_type=\"column\">\n\t\t\t<div class=\"elementor-widget-wrap elementor-element-populated\">\n\t\t\t\t\t\t<div class=\"elementor-element elementor-element-57d93a49 elementor-widget elementor-widget-image\" data-id=\"57d93a49\" data-element_type=\"widget\" data-widget_type=\"image.default\">\n\t\t\t\t<div class=\"elementor-widget-container\">\n\t\t\t\t\t\t\t\t\t\t\t\t\t<img fetchpriority=\"high\" decoding=\"async\" width=\"1024\" height=\"1024\" src=\"https:\/\/o-em.com.tr\/wp-content\/uploads\/2021\/12\/G21_1-MERMER-1024x1024.jpg\" class=\"attachment-large size-large wp-image-7835\" alt=\"\" srcset=\"https:\/\/o-em.com.tr\/wp-content\/uploads\/2021\/12\/G21_1-MERMER-1024x1024.jpg 1024w, https:\/\/o-em.com.tr\/wp-content\/uploads\/2021\/12\/G21_1-MERMER-150x150.jpg 150w, https:\/\/o-em.com.tr\/wp-content\/uploads\/2021\/12\/G21_1-MERMER-300x300.jpg 300w, https:\/\/o-em.com.tr\/wp-content\/uploads\/2021\/12\/G21_1-MERMER-768x768.jpg 768w, https:\/\/o-em.com.tr\/wp-content\/uploads\/2021\/12\/G21_1-MERMER.jpg 1500w, https:\/\/o-em.com.tr\/wp-content\/uploads\/2021\/12\/G21_1-MERMER-1000x1000.jpg 1000w, https:\/\/o-em.com.tr\/wp-content\/uploads\/2021\/12\/G21_1-MERMER-500x500.jpg 500w, https:\/\/o-em.com.tr\/wp-content\/uploads\/2021\/12\/G21_1-MERMER-700x700.jpg 700w\" sizes=\"(max-width: 1024px) 100vw, 1024px\" \/>\t\t\t\t\t\t\t\t\t\t\t\t\t<\/div>\n\t\t\t\t<\/div>\n\t\t\t\t\t<\/div>\n\t\t<\/div>\n\t\t\t\t<div class=\"elementor-column elementor-col-50 elementor-top-column elementor-element elementor-element-3a339d22\" data-id=\"3a339d22\" data-element_type=\"column\">\n\t\t\t<div class=\"elementor-widget-wrap elementor-element-populated\">\n\t\t\t\t\t\t<div class=\"elementor-element elementor-element-44c0e6dc elementor-widget elementor-widget-wd_title\" data-id=\"44c0e6dc\" data-element_type=\"widget\" data-widget_type=\"wd_title.default\">\n\t\t\t\t<div class=\"elementor-widget-container\">\n\t\t\t\t\t<div class=\"title-wrapper set-mb-s reset-last-child wd-title-color-default wd-title-style-default wd-title-size-default text-center\">\n\n\t\t\t\n\t\t\t<div class=\"liner-continer\">\n\t\t\t\t<h4 class=\"woodmart-title-container title wd-fontsize-l\">Stone <strong>Industry<\/strong><\/h4> \n\t\t\t\t\t\t\t<\/div>\n\n\t\t\t\t\t\t\t<div class=\"title-after_title set-cont-mb-s reset-last-child wd-fontsize-xs\">\n\t\t\t\t\tProjecting a visible laser line to the cutting edge of the saw blade by utilising OEM red and green line lasers ensures precise positioning as well as fast operation to align slabs of marble onto the table on marble cutting machines. Laser can be mounted either on the saw head to align with the edge of the saw blade or can be movable in the bridge area.\t\t\t\t<\/div>\n\t\t\t\t\t<\/div>\n\t\t\t\t<\/div>\n\t\t\t\t<\/div>\n\t\t\t\t<div class=\"elementor-element elementor-element-42534edb elementor-widget elementor-widget-advanced-btn\" data-id=\"42534edb\" data-element_type=\"widget\" data-widget_type=\"advanced-btn.default\">\n\t\t\t\t<div class=\"elementor-widget-container\">\n\t\t\t\r\n\t\t<!--====== HTML CODING START ========-->\r\n\r\n\t\t\r\n\t\t\t\t\t<div class=\"mega-uae-btn-section mega-uae-btn-section-291\" style=\"justify-content: center; display: flex;\">\r\n\t\t\t\t<a href=\"https:\/\/o-em.com.tr\/en\/uygulama\/mermer\/?wmc-currency=EUR\"  style=\"color: #fff;\" class=\"mega-uae-btn button--winona\" data-text=\"Ke\u015ffet!\"> \r\n\t\t\t\t\t<span>\u00dcr\u00fcnlere Git<\/span>\t\t\t\r\n\t\t\t\t<\/a>\r\n\t\t\t<\/div>\r\n\t\t\t<div style=\"clear: both;\"><\/div>\r\n\t\t\r\n\t\t\r\n\t\t\r\n\t\t<style>\r\n\t\t\t.mega-uae-btn-section-291 .mega-uae-btn:hover {\r\n\t\t\t\tcolor: rgb(242, 41, 91) !important;\r\n\t\t\t}\r\n\t\t\t.mega-uae-btn-section-291 .button--winona::after {\r\n\t\t\t\tcolor: rgb(242, 41, 91) !important;\r\n\t\t\t}\r\n\t\t\t.mega-uae-btn-section-291 .button--dualshade {\r\n\t\t\t\tbackground-image: linear-gradient(41deg, rgb(242, 41, 91) 0%,#fff 100%) !important;\r\n\t\t\t\tbackground: none;\r\n\t\t\t}\r\n\t\t\t.mega-uae-btn-section-291 .button--dualshade:hover {\r\n\t\t\t\tcolor: #fff !important;\r\n\t\t\t}\r\n\t\t<\/style>\r\n\r\n\t\t\t\t<\/div>\n\t\t\t\t<\/div>\n\t\t\t\t\t<\/div>\n\t\t<\/div>\n\t\t\t\t\t<\/div>\n\t\t<\/section>\n\t\t\t\t<section class=\"elementor-section elementor-top-section elementor-element elementor-element-65cf0f60 elementor-section-boxed elementor-section-height-default elementor-section-height-default wd-section-disabled\" data-id=\"65cf0f60\" data-element_type=\"section\">\n\t\t\t\t\t\t<div class=\"elementor-container elementor-column-gap-default\">\n\t\t\t\t\t<div class=\"elementor-column elementor-col-33 elementor-top-column elementor-element elementor-element-21626a99\" data-id=\"21626a99\" data-element_type=\"column\">\n\t\t\t<div class=\"elementor-widget-wrap elementor-element-populated\">\n\t\t\t\t\t\t<div class=\"elementor-element elementor-element-35a76929 elementor-headline--style-highlight elementor-widget elementor-widget-animated-headline\" data-id=\"35a76929\" data-element_type=\"widget\" data-settings=\"{&quot;marker&quot;:&quot;curly&quot;,&quot;highlighted_text&quot;:&quot;K\\u00f6pr\\u00fc Kesme Makinalar\\u0131&quot;,&quot;headline_style&quot;:&quot;highlight&quot;,&quot;loop&quot;:&quot;yes&quot;,&quot;highlight_animation_duration&quot;:1200,&quot;highlight_iteration_delay&quot;:8000}\" data-widget_type=\"animated-headline.default\">\n\t\t\t\t<div class=\"elementor-widget-container\">\n\t\t\t\t\t<h3 class=\"elementor-headline\">\n\t\t\t\t<span class=\"elementor-headline-dynamic-wrapper elementor-headline-text-wrapper\">\n\t\t\t\t\t<span class=\"elementor-headline-dynamic-text elementor-headline-text-active\">Stone Bridge Cutting Machines<\/span>\n\t\t\t\t<\/span>\n\t\t\t\t<\/h3>\n\t\t\t\t<\/div>\n\t\t\t\t<\/div>\n\t\t\t\t<div class=\"elementor-element elementor-element-44b7428 elementor-widget elementor-widget-Ihover\" data-id=\"44b7428\" data-element_type=\"widget\" data-widget_type=\"Ihover.default\">\n\t\t\t\t<div class=\"elementor-widget-container\">\n\t\t\t\r\n\t\t<!--====== HTML CODING START ========-->\r\n\r\n\t\t<div class=\"ih-item circle effect7 top_to_bottom\">\r\n\t\t\t\t\t\t\t<a href=\"https:\/\/o-em.com.tr\/en\/mermer\/kopru-kesim\/?wmc-currency=EUR\" >\r\n\t\t\t\t\t\t\t\t      <div class=\"img\">\r\n\t\t      <span style=\"box-shadow: inset 0 0 0 px , 0 1px 2px rgba(0, 0, 0, .3); opacity: 0.6;\"><\/span>\r\n\t\t      \t<img fetchpriority=\"high\" decoding=\"async\" width=\"1024\" height=\"1024\" src=\"https:\/\/o-em.com.tr\/wp-content\/uploads\/2021\/12\/G21_1-MERMER-1024x1024.jpg\" class=\"attachment-large size-large wp-image-7835\" alt=\"\" srcset=\"https:\/\/o-em.com.tr\/wp-content\/uploads\/2021\/12\/G21_1-MERMER-1024x1024.jpg 1024w, https:\/\/o-em.com.tr\/wp-content\/uploads\/2021\/12\/G21_1-MERMER-150x150.jpg 150w, https:\/\/o-em.com.tr\/wp-content\/uploads\/2021\/12\/G21_1-MERMER-300x300.jpg 300w, https:\/\/o-em.com.tr\/wp-content\/uploads\/2021\/12\/G21_1-MERMER-768x768.jpg 768w, https:\/\/o-em.com.tr\/wp-content\/uploads\/2021\/12\/G21_1-MERMER.jpg 1500w, https:\/\/o-em.com.tr\/wp-content\/uploads\/2021\/12\/G21_1-MERMER-1000x1000.jpg 1000w, https:\/\/o-em.com.tr\/wp-content\/uploads\/2021\/12\/G21_1-MERMER-500x500.jpg 500w, https:\/\/o-em.com.tr\/wp-content\/uploads\/2021\/12\/G21_1-MERMER-700x700.jpg 700w\" sizes=\"(max-width: 1024px) 100vw, 1024px\" \/>\t\t      <\/div>\r\n\t\t      <div class=\"info\" style=\"background-color: #000;\">\r\n\t\t      \t<div style=\"display:table;width:100%;height:100%;\">\r\n\t\t\t    \t<div style=\"display: table-cell !important;vertical-align: middle !important;\">\r\n\t\t\t\t      \t<h3 style=\"color: #fff; text-align: center;\">\r\n\t\t\t\t      \t\tStone Bridge Cutting Machines\t\t\t\t      \t<\/h3>\r\n\t\t\t\t      \t<p style=\"color: #fff; text-align: center;\">\r\n\t\t\t\t      \t\t\t\t\t\t      \t<\/p>\r\n\t\t\t\t    <\/div>\r\n\t\t\t\t<\/div>\r\n\t\t      <\/div>\r\n\t\t    <\/a>\r\n\t\t<\/div>\t\r\n\t\t\t\t<\/div>\n\t\t\t\t<\/div>\n\t\t\t\t<div class=\"elementor-element elementor-element-5000f03 color-scheme-inherit text-left elementor-widget elementor-widget-text-editor\" data-id=\"5000f03\" data-element_type=\"widget\" data-widget_type=\"text-editor.default\">\n\t\t\t\t<div class=\"elementor-widget-container\">\n\t\t\t\t\t\t\t<p>With the OEM-LS and OEM-LM series red and green line laser to be projected on the marble slabs, you can create flawless cutting and fast working conditions by obtaining a clear image even in dark stones.<\/p>\t\t\t\t\t\t<\/div>\n\t\t\t\t<\/div>\n\t\t\t\t<div class=\"elementor-element elementor-element-6475c0c3 elementor-widget elementor-widget-advanced-btn\" data-id=\"6475c0c3\" data-element_type=\"widget\" data-widget_type=\"advanced-btn.default\">\n\t\t\t\t<div class=\"elementor-widget-container\">\n\t\t\t\r\n\t\t<!--====== HTML CODING START ========-->\r\n\r\n\t\t\r\n\t\t\t\t\t<div class=\"mega-uae-btn-section mega-uae-btn-section-96\" style=\"justify-content: center; display: flex;\">\r\n\t\t\t\t<a href=\"https:\/\/o-em.com.tr\/en\/mermer\/kopru-kesim\/?wmc-currency=EUR\"  style=\"color: #fff;\" class=\"mega-uae-btn button--winona\" data-text=\"Ke\u015ffet!\"> \r\n\t\t\t\t\t<span>\u00dcr\u00fcnlere Git<\/span>\t\t\t\r\n\t\t\t\t<\/a>\r\n\t\t\t<\/div>\r\n\t\t\t<div style=\"clear: both;\"><\/div>\r\n\t\t\r\n\t\t\r\n\t\t\r\n\t\t<style>\r\n\t\t\t.mega-uae-btn-section-96 .mega-uae-btn:hover {\r\n\t\t\t\tcolor: rgb(242, 41, 91) !important;\r\n\t\t\t}\r\n\t\t\t.mega-uae-btn-section-96 .button--winona::after {\r\n\t\t\t\tcolor: rgb(242, 41, 91) !important;\r\n\t\t\t}\r\n\t\t\t.mega-uae-btn-section-96 .button--dualshade {\r\n\t\t\t\tbackground-image: linear-gradient(41deg, rgb(242, 41, 91) 0%,#fff 100%) !important;\r\n\t\t\t\tbackground: none;\r\n\t\t\t}\r\n\t\t\t.mega-uae-btn-section-96 .button--dualshade:hover {\r\n\t\t\t\tcolor: #fff !important;\r\n\t\t\t}\r\n\t\t<\/style>\r\n\r\n\t\t\t\t<\/div>\n\t\t\t\t<\/div>\n\t\t\t\t\t<\/div>\n\t\t<\/div>\n\t\t\t\t<div class=\"elementor-column elementor-col-33 elementor-top-column elementor-element elementor-element-30639c27\" data-id=\"30639c27\" data-element_type=\"column\">\n\t\t\t<div class=\"elementor-widget-wrap elementor-element-populated\">\n\t\t\t\t\t\t<div class=\"elementor-element elementor-element-4f2d5100 elementor-headline--style-highlight elementor-widget elementor-widget-animated-headline\" data-id=\"4f2d5100\" data-element_type=\"widget\" data-settings=\"{&quot;marker&quot;:&quot;curly&quot;,&quot;highlighted_text&quot;:&quot;Yan Kesme Makinalar\\u0131&quot;,&quot;headline_style&quot;:&quot;highlight&quot;,&quot;loop&quot;:&quot;yes&quot;,&quot;highlight_animation_duration&quot;:1200,&quot;highlight_iteration_delay&quot;:8000}\" data-widget_type=\"animated-headline.default\">\n\t\t\t\t<div class=\"elementor-widget-container\">\n\t\t\t\t\t<h3 class=\"elementor-headline\">\n\t\t\t\t<span class=\"elementor-headline-dynamic-wrapper elementor-headline-text-wrapper\">\n\t\t\t\t\t<span class=\"elementor-headline-dynamic-text elementor-headline-text-active\">Stone Edge Cutting Machines<\/span>\n\t\t\t\t<\/span>\n\t\t\t\t<\/h3>\n\t\t\t\t<\/div>\n\t\t\t\t<\/div>\n\t\t\t\t<div class=\"elementor-element elementor-element-574e1621 elementor-widget elementor-widget-Ihover\" data-id=\"574e1621\" data-element_type=\"widget\" data-widget_type=\"Ihover.default\">\n\t\t\t\t<div class=\"elementor-widget-container\">\n\t\t\t\r\n\t\t<!--====== HTML CODING START ========-->\r\n\r\n\t\t<div class=\"ih-item circle effect2 left_to_right\">\r\n\t\t\t\t\t\t\t<a href=\"https:\/\/o-em.com.tr\/en\/mermer\/yan-kesme\/?wmc-currency=EUR\" >\r\n\t\t\t\t\t\t\t\t      <div class=\"img\">\r\n\t\t      <span style=\"box-shadow: inset 0 0 0 px , 0 1px 2px rgba(0, 0, 0, .3); opacity: 0.6;\"><\/span>\r\n\t\t      \t<img decoding=\"async\" width=\"1024\" height=\"1024\" src=\"https:\/\/o-em.com.tr\/wp-content\/uploads\/2021\/12\/G17_3-1024x1024.jpg\" class=\"attachment-large size-large wp-image-8130\" alt=\"\" srcset=\"https:\/\/o-em.com.tr\/wp-content\/uploads\/2021\/12\/G17_3-1024x1024.jpg 1024w, https:\/\/o-em.com.tr\/wp-content\/uploads\/2021\/12\/G17_3-150x150.jpg 150w, https:\/\/o-em.com.tr\/wp-content\/uploads\/2021\/12\/G17_3-300x300.jpg 300w, https:\/\/o-em.com.tr\/wp-content\/uploads\/2021\/12\/G17_3-768x768.jpg 768w, https:\/\/o-em.com.tr\/wp-content\/uploads\/2021\/12\/G17_3.jpg 1500w, https:\/\/o-em.com.tr\/wp-content\/uploads\/2021\/12\/G17_3-1000x1000.jpg 1000w, https:\/\/o-em.com.tr\/wp-content\/uploads\/2021\/12\/G17_3-500x500.jpg 500w, https:\/\/o-em.com.tr\/wp-content\/uploads\/2021\/12\/G17_3-700x700.jpg 700w\" sizes=\"(max-width: 1024px) 100vw, 1024px\" \/>\t\t      <\/div>\r\n\t\t      <div class=\"info\" style=\"background-color: #000;\">\r\n\t\t      \t<div style=\"display:table;width:100%;height:100%;\">\r\n\t\t\t    \t<div style=\"display: table-cell !important;vertical-align: middle !important;\">\r\n\t\t\t\t      \t<h3 style=\"color: #fff; text-align: center;\">\r\n\t\t\t\t      \t\tParallel Edgers\t\t\t\t      \t<\/h3>\r\n\t\t\t\t      \t<p style=\"color: #fff; text-align: center;\">\r\n\t\t\t\t      \t\t\t\t\t\t      \t<\/p>\r\n\t\t\t\t    <\/div>\r\n\t\t\t\t<\/div>\r\n\t\t      <\/div>\r\n\t\t    <\/a>\r\n\t\t<\/div>\t\r\n\t\t\t\t<\/div>\n\t\t\t\t<\/div>\n\t\t\t\t<div class=\"elementor-element elementor-element-741fbbff color-scheme-inherit text-left elementor-widget elementor-widget-text-editor\" data-id=\"741fbbff\" data-element_type=\"widget\" data-widget_type=\"text-editor.default\">\n\t\t\t\t<div class=\"elementor-widget-container\">\n\t\t\t\t\t\t\t<p>With the OEM-LS and OEM-LM series line laser installed onto the saw, you can cut the stone with high precision with the linear line marked on the marble, as well as make reference zone marking for the saw with the OEM-CS series plus laser.<\/p>\t\t\t\t\t\t<\/div>\n\t\t\t\t<\/div>\n\t\t\t\t<div class=\"elementor-element elementor-element-3839bb74 elementor-widget elementor-widget-advanced-btn\" data-id=\"3839bb74\" data-element_type=\"widget\" data-widget_type=\"advanced-btn.default\">\n\t\t\t\t<div class=\"elementor-widget-container\">\n\t\t\t\r\n\t\t<!--====== HTML CODING START ========-->\r\n\r\n\t\t\r\n\t\t\t\t\t<div class=\"mega-uae-btn-section mega-uae-btn-section-233\" style=\"justify-content: center; display: flex;\">\r\n\t\t\t\t<a href=\"https:\/\/o-em.com.tr\/en\/mermer\/yan-kesme\/?wmc-currency=EUR\"  style=\"color: #fff;\" class=\"mega-uae-btn button--winona\" data-text=\"Ke\u015ffet!\"> \r\n\t\t\t\t\t<span>\u00dcr\u00fcnlere Git<\/span>\t\t\t\r\n\t\t\t\t<\/a>\r\n\t\t\t<\/div>\r\n\t\t\t<div style=\"clear: both;\"><\/div>\r\n\t\t\r\n\t\t\r\n\t\t\r\n\t\t<style>\r\n\t\t\t.mega-uae-btn-section-233 .mega-uae-btn:hover {\r\n\t\t\t\tcolor: rgb(242, 41, 91) !important;\r\n\t\t\t}\r\n\t\t\t.mega-uae-btn-section-233 .button--winona::after {\r\n\t\t\t\tcolor: rgb(242, 41, 91) !important;\r\n\t\t\t}\r\n\t\t\t.mega-uae-btn-section-233 .button--dualshade {\r\n\t\t\t\tbackground-image: linear-gradient(41deg, rgb(242, 41, 91) 0%,#fff 100%) !important;\r\n\t\t\t\tbackground: none;\r\n\t\t\t}\r\n\t\t\t.mega-uae-btn-section-233 .button--dualshade:hover {\r\n\t\t\t\tcolor: #fff !important;\r\n\t\t\t}\r\n\t\t<\/style>\r\n\r\n\t\t\t\t<\/div>\n\t\t\t\t<\/div>\n\t\t\t\t\t<\/div>\n\t\t<\/div>\n\t\t\t\t<div class=\"elementor-column elementor-col-33 elementor-top-column elementor-element elementor-element-7049a83\" data-id=\"7049a83\" data-element_type=\"column\">\n\t\t\t<div class=\"elementor-widget-wrap\">\n\t\t\t\t\t\t\t<\/div>\n\t\t<\/div>\n\t\t\t\t\t<\/div>\n\t\t<\/section>\n\t\t\t\t<section class=\"elementor-section elementor-top-section elementor-element elementor-element-1155cc8e elementor-section-boxed elementor-section-height-default elementor-section-height-default wd-section-disabled\" data-id=\"1155cc8e\" data-element_type=\"section\">\n\t\t\t\t\t\t<div class=\"elementor-container elementor-column-gap-default\">\n\t\t\t\t\t<div class=\"elementor-column elementor-col-100 elementor-top-column elementor-element elementor-element-73bdc4d3\" data-id=\"73bdc4d3\" data-element_type=\"column\">\n\t\t\t<div class=\"elementor-widget-wrap elementor-element-populated\">\n\t\t\t\t\t\t<div class=\"elementor-element elementor-element-3e40975b elementor-widget-divider--view-line_icon elementor-view-default elementor-widget-divider--element-align-center elementor-widget elementor-widget-divider\" data-id=\"3e40975b\" data-element_type=\"widget\" data-widget_type=\"divider.default\">\n\t\t\t\t<div class=\"elementor-widget-container\">\n\t\t\t\t\t<div class=\"elementor-divider\">\n\t\t\t<span class=\"elementor-divider-separator\">\n\t\t\t\t\t\t\t<div class=\"elementor-icon elementor-divider__element\">\n\t\t\t\t\t<i aria-hidden=\"true\" class=\"fas fa-terminal\"><\/i><\/div>\n\t\t\t\t\t\t<\/span>\n\t\t<\/div>\n\t\t\t\t<\/div>\n\t\t\t\t<\/div>\n\t\t\t\t\t<\/div>\n\t\t<\/div>\n\t\t\t\t\t<\/div>\n\t\t<\/section>\n\t\t\t\t<\/div>","protected":false},"excerpt":{"rendered":"<p>Mermer End\u00fcstrisi Mermer kesim makinalar\u0131nda tabla \u00fczerindeki mermer levhalar\u0131n\u0131 hizalama amac\u0131yla, OEM Lazer\u2019in \u00f6zel olarak \u00fcretmi\u015f oldu\u011fu su ge\u00e7irmez ye\u015fil<\/p>","protected":false},"author":1,"featured_media":0,"parent":7819,"menu_order":0,"comment_status":"closed","ping_status":"closed","template":"","meta":{"footnotes":""},"_links":{"self":[{"href":"https:\/\/o-em.com.tr\/en\/wp-json\/wp\/v2\/pages\/8128"}],"collection":[{"href":"https:\/\/o-em.com.tr\/en\/wp-json\/wp\/v2\/pages"}],"about":[{"href":"https:\/\/o-em.com.tr\/en\/wp-json\/wp\/v2\/types\/page"}],"author":[{"embeddable":true,"href":"https:\/\/o-em.com.tr\/en\/wp-json\/wp\/v2\/users\/1"}],"replies":[{"embeddable":true,"href":"https:\/\/o-em.com.tr\/en\/wp-json\/wp\/v2\/comments?post=8128"}],"version-history":[{"count":0,"href":"https:\/\/o-em.com.tr\/en\/wp-json\/wp\/v2\/pages\/8128\/revisions"}],"up":[{"embeddable":true,"href":"https:\/\/o-em.com.tr\/en\/wp-json\/wp\/v2\/pages\/7819"}],"wp:attachment":[{"href":"https:\/\/o-em.com.tr\/en\/wp-json\/wp\/v2\/media?parent=8128"}],"curies":[{"name":"wp","href":"https:\/\/api.w.org\/{rel}","templated":true}]}}