{"id":8200,"date":"2021-12-16T13:49:37","date_gmt":"2021-12-16T10:49:37","guid":{"rendered":"https:\/\/oem.proje99.com\/?page_id=8200"},"modified":"2021-12-30T16:05:46","modified_gmt":"2021-12-30T13:05:46","slug":"kaynak","status":"publish","type":"page","link":"https:\/\/o-em.com.tr\/en\/uygulamalar\/kaynak\/","title":{"rendered":"Welding"},"content":{"rendered":"<div data-elementor-type=\"wp-page\" data-elementor-id=\"8200\" class=\"elementor elementor-8200\" data-elementor-post-type=\"page\">\n\t\t\t\t\t\t<section class=\"elementor-section elementor-top-section elementor-element elementor-element-b574a92 elementor-section-content-middle elementor-section-boxed elementor-section-height-default elementor-section-height-default wd-section-disabled\" data-id=\"b574a92\" data-element_type=\"section\">\n\t\t\t\t\t\t<div class=\"elementor-container elementor-column-gap-default\">\n\t\t\t\t\t<div class=\"elementor-column elementor-col-50 elementor-top-column elementor-element elementor-element-c0396c5\" data-id=\"c0396c5\" data-element_type=\"column\">\n\t\t\t<div class=\"elementor-widget-wrap elementor-element-populated\">\n\t\t\t\t\t\t<div class=\"elementor-element elementor-element-3503a94c elementor-widget elementor-widget-image\" data-id=\"3503a94c\" data-element_type=\"widget\" data-widget_type=\"image.default\">\n\t\t\t\t<div class=\"elementor-widget-container\">\n\t\t\t\t\t\t\t\t\t\t\t\t\t<img fetchpriority=\"high\" decoding=\"async\" width=\"1024\" height=\"1024\" src=\"https:\/\/o-em.com.tr\/wp-content\/uploads\/2021\/12\/G9_1-3-1024x1024.jpg\" class=\"attachment-large size-large wp-image-8202\" alt=\"\" srcset=\"https:\/\/o-em.com.tr\/wp-content\/uploads\/2021\/12\/G9_1-3-1024x1024.jpg 1024w, https:\/\/o-em.com.tr\/wp-content\/uploads\/2021\/12\/G9_1-3-150x150.jpg 150w, https:\/\/o-em.com.tr\/wp-content\/uploads\/2021\/12\/G9_1-3-300x300.jpg 300w, https:\/\/o-em.com.tr\/wp-content\/uploads\/2021\/12\/G9_1-3-768x768.jpg 768w, https:\/\/o-em.com.tr\/wp-content\/uploads\/2021\/12\/G9_1-3.jpg 1500w, https:\/\/o-em.com.tr\/wp-content\/uploads\/2021\/12\/G9_1-3-1000x1000.jpg 1000w, https:\/\/o-em.com.tr\/wp-content\/uploads\/2021\/12\/G9_1-3-500x500.jpg 500w, https:\/\/o-em.com.tr\/wp-content\/uploads\/2021\/12\/G9_1-3-700x700.jpg 700w\" sizes=\"(max-width: 1024px) 100vw, 1024px\" \/>\t\t\t\t\t\t\t\t\t\t\t\t\t<\/div>\n\t\t\t\t<\/div>\n\t\t\t\t\t<\/div>\n\t\t<\/div>\n\t\t\t\t<div class=\"elementor-column elementor-col-50 elementor-top-column elementor-element elementor-element-3225a0dc\" data-id=\"3225a0dc\" data-element_type=\"column\">\n\t\t\t<div class=\"elementor-widget-wrap elementor-element-populated\">\n\t\t\t\t\t\t<div class=\"elementor-element elementor-element-45a4304d elementor-widget elementor-widget-wd_title\" data-id=\"45a4304d\" data-element_type=\"widget\" data-widget_type=\"wd_title.default\">\n\t\t\t\t<div class=\"elementor-widget-container\">\n\t\t\t\t\t<div class=\"title-wrapper set-mb-s reset-last-child wd-title-color-default wd-title-style-default wd-title-size-default text-center\">\n\n\t\t\t\n\t\t\t<div class=\"liner-continer\">\n\t\t\t\t<h4 class=\"woodmart-title-container title wd-fontsize-l\">Welding <strong>Industry<\/strong><\/h4> \n\t\t\t\t\t\t\t<\/div>\n\n\t\t\t\t\t\t\t<div class=\"title-after_title set-cont-mb-s reset-last-child wd-fontsize-xs\">\n\t\t\t\t\tOEM-LS serisi mini \u00e7izgi lazer ile kaynak uygulamalar\u0131nda do\u011fru konumland\u0131rma ile y\u00fcksek hassasiyetli \u00e7al\u0131\u015fma ko\u015fullar\u0131 elde edilir ve zaman kazanc\u0131 sa\u011flan\u0131r.\t\t\t\t<\/div>\n\t\t\t\t\t<\/div>\n\t\t\t\t<\/div>\n\t\t\t\t<\/div>\n\t\t\t\t<div class=\"elementor-element elementor-element-7ed87342 elementor-widget elementor-widget-advanced-btn\" data-id=\"7ed87342\" data-element_type=\"widget\" data-widget_type=\"advanced-btn.default\">\n\t\t\t\t<div class=\"elementor-widget-container\">\n\t\t\t\r\n\t\t<!--====== HTML CODING START ========-->\r\n\r\n\t\t\r\n\t\t\t\t\t<div class=\"mega-uae-btn-section mega-uae-btn-section-286\" style=\"justify-content: center; display: flex;\">\r\n\t\t\t\t<a href=\"https:\/\/o-em.com.tr\/en\/uygulama\/kaynak\/?wmc-currency=EUR\"  style=\"color: #fff;\" class=\"mega-uae-btn button--winona\" data-text=\"Ke\u015ffet!\"> \r\n\t\t\t\t\t<span>\u00dcr\u00fcnlere Git<\/span>\t\t\t\r\n\t\t\t\t<\/a>\r\n\t\t\t<\/div>\r\n\t\t\t<div style=\"clear: both;\"><\/div>\r\n\t\t\r\n\t\t\r\n\t\t\r\n\t\t<style>\r\n\t\t\t.mega-uae-btn-section-286 .mega-uae-btn:hover {\r\n\t\t\t\tcolor: rgb(242, 41, 91) !important;\r\n\t\t\t}\r\n\t\t\t.mega-uae-btn-section-286 .button--winona::after {\r\n\t\t\t\tcolor: rgb(242, 41, 91) !important;\r\n\t\t\t}\r\n\t\t\t.mega-uae-btn-section-286 .button--dualshade {\r\n\t\t\t\tbackground-image: linear-gradient(41deg, rgb(242, 41, 91) 0%,#fff 100%) !important;\r\n\t\t\t\tbackground: none;\r\n\t\t\t}\r\n\t\t\t.mega-uae-btn-section-286 .button--dualshade:hover {\r\n\t\t\t\tcolor: #fff !important;\r\n\t\t\t}\r\n\t\t<\/style>\r\n\r\n\t\t\t\t<\/div>\n\t\t\t\t<\/div>\n\t\t\t\t\t<\/div>\n\t\t<\/div>\n\t\t\t\t\t<\/div>\n\t\t<\/section>\n\t\t\t\t<section class=\"elementor-section elementor-top-section elementor-element elementor-element-5e878a80 elementor-section-boxed elementor-section-height-default elementor-section-height-default wd-section-disabled\" data-id=\"5e878a80\" data-element_type=\"section\">\n\t\t\t\t\t\t<div class=\"elementor-container elementor-column-gap-default\">\n\t\t\t\t\t<div class=\"elementor-column elementor-col-33 elementor-top-column elementor-element elementor-element-356032b8\" data-id=\"356032b8\" data-element_type=\"column\">\n\t\t\t<div class=\"elementor-widget-wrap elementor-element-populated\">\n\t\t\t\t\t\t<div class=\"elementor-element elementor-element-4f4e18da elementor-headline--style-highlight elementor-widget elementor-widget-animated-headline\" data-id=\"4f4e18da\" data-element_type=\"widget\" data-settings=\"{&quot;marker&quot;:&quot;curly&quot;,&quot;highlighted_text&quot;:&quot;Kaynak Makinalar\\u0131&quot;,&quot;headline_style&quot;:&quot;highlight&quot;,&quot;loop&quot;:&quot;yes&quot;,&quot;highlight_animation_duration&quot;:1200,&quot;highlight_iteration_delay&quot;:8000}\" data-widget_type=\"animated-headline.default\">\n\t\t\t\t<div class=\"elementor-widget-container\">\n\t\t\t\t\t<h3 class=\"elementor-headline\">\n\t\t\t\t<span class=\"elementor-headline-dynamic-wrapper elementor-headline-text-wrapper\">\n\t\t\t\t\t<span class=\"elementor-headline-dynamic-text elementor-headline-text-active\">Welding Machines<\/span>\n\t\t\t\t<\/span>\n\t\t\t\t<\/h3>\n\t\t\t\t<\/div>\n\t\t\t\t<\/div>\n\t\t\t\t<div class=\"elementor-element elementor-element-2a1ce5de elementor-widget elementor-widget-Ihover\" data-id=\"2a1ce5de\" data-element_type=\"widget\" data-widget_type=\"Ihover.default\">\n\t\t\t\t<div class=\"elementor-widget-container\">\n\t\t\t\r\n\t\t<!--====== HTML CODING START ========-->\r\n\r\n\t\t<div class=\"ih-item circle effect2 left_to_right\">\r\n\t\t\t\t\t\t\t<a href=\"https:\/\/o-em.com.tr\/en\/kaynak\/kaynak-makinalari\/?wmc-currency=EUR\" >\r\n\t\t\t\t\t\t\t\t      <div class=\"img\">\r\n\t\t      <span style=\"box-shadow: inset 0 0 0 px , 0 1px 2px rgba(0, 0, 0, .3); opacity: 0.6;\"><\/span>\r\n\t\t      \t<img decoding=\"async\" width=\"1024\" height=\"1024\" src=\"https:\/\/o-em.com.tr\/wp-content\/uploads\/2021\/12\/kaynak-mak-1024x1024.jpg\" class=\"attachment-large size-large wp-image-8204\" alt=\"\" srcset=\"https:\/\/o-em.com.tr\/wp-content\/uploads\/2021\/12\/kaynak-mak-1024x1024.jpg 1024w, https:\/\/o-em.com.tr\/wp-content\/uploads\/2021\/12\/kaynak-mak-150x150.jpg 150w, https:\/\/o-em.com.tr\/wp-content\/uploads\/2021\/12\/kaynak-mak-300x300.jpg 300w, https:\/\/o-em.com.tr\/wp-content\/uploads\/2021\/12\/kaynak-mak-768x768.jpg 768w, https:\/\/o-em.com.tr\/wp-content\/uploads\/2021\/12\/kaynak-mak.jpg 1500w, https:\/\/o-em.com.tr\/wp-content\/uploads\/2021\/12\/kaynak-mak-1000x1000.jpg 1000w, https:\/\/o-em.com.tr\/wp-content\/uploads\/2021\/12\/kaynak-mak-500x500.jpg 500w, https:\/\/o-em.com.tr\/wp-content\/uploads\/2021\/12\/kaynak-mak-700x700.jpg 700w\" sizes=\"(max-width: 1024px) 100vw, 1024px\" \/>\t\t      <\/div>\r\n\t\t      <div class=\"info\" style=\"background-color: #000;\">\r\n\t\t      \t<div style=\"display:table;width:100%;height:100%;\">\r\n\t\t\t    \t<div style=\"display: table-cell !important;vertical-align: middle !important;\">\r\n\t\t\t\t      \t<h3 style=\"color: #fff; text-align: center;\">\r\n\t\t\t\t      \t\tWelding Machines\t\t\t\t      \t<\/h3>\r\n\t\t\t\t      \t<p style=\"color: #fff; text-align: center;\">\r\n\t\t\t\t      \t\t\t\t\t\t      \t<\/p>\r\n\t\t\t\t    <\/div>\r\n\t\t\t\t<\/div>\r\n\t\t      <\/div>\r\n\t\t    <\/a>\r\n\t\t<\/div>\t\r\n\t\t\t\t<\/div>\n\t\t\t\t<\/div>\n\t\t\t\t<div class=\"elementor-element elementor-element-7341ca55 color-scheme-inherit text-left elementor-widget elementor-widget-text-editor\" data-id=\"7341ca55\" data-element_type=\"widget\" data-widget_type=\"text-editor.default\">\n\t\t\t\t<div class=\"elementor-widget-container\">\n\t\t\t\t\t\t\t<p>Align the surface to be treated in welding machines correctly using OEM-LXS and OEM-LS series line laser.This ensures flawless workmanship and fast operation conditions.<\/p>\t\t\t\t\t\t<\/div>\n\t\t\t\t<\/div>\n\t\t\t\t<div class=\"elementor-element elementor-element-66196775 elementor-widget elementor-widget-advanced-btn\" data-id=\"66196775\" data-element_type=\"widget\" data-widget_type=\"advanced-btn.default\">\n\t\t\t\t<div class=\"elementor-widget-container\">\n\t\t\t\r\n\t\t<!--====== HTML CODING START ========-->\r\n\r\n\t\t\r\n\t\t\t\t\t<div class=\"mega-uae-btn-section mega-uae-btn-section-34\" style=\"justify-content: center; display: flex;\">\r\n\t\t\t\t<a href=\"https:\/\/o-em.com.tr\/en\/kaynak\/kaynak-makinalari\/?wmc-currency=EUR\"  style=\"color: #fff;\" class=\"mega-uae-btn button--winona\" data-text=\"Ke\u015ffet!\"> \r\n\t\t\t\t\t<span>\u00dcr\u00fcnlere Git<\/span>\t\t\t\r\n\t\t\t\t<\/a>\r\n\t\t\t<\/div>\r\n\t\t\t<div style=\"clear: both;\"><\/div>\r\n\t\t\r\n\t\t\r\n\t\t\r\n\t\t<style>\r\n\t\t\t.mega-uae-btn-section-34 .mega-uae-btn:hover {\r\n\t\t\t\tcolor: rgb(242, 41, 91) !important;\r\n\t\t\t}\r\n\t\t\t.mega-uae-btn-section-34 .button--winona::after {\r\n\t\t\t\tcolor: rgb(242, 41, 91) !important;\r\n\t\t\t}\r\n\t\t\t.mega-uae-btn-section-34 .button--dualshade {\r\n\t\t\t\tbackground-image: linear-gradient(41deg, rgb(242, 41, 91) 0%,#fff 100%) !important;\r\n\t\t\t\tbackground: none;\r\n\t\t\t}\r\n\t\t\t.mega-uae-btn-section-34 .button--dualshade:hover {\r\n\t\t\t\tcolor: #fff !important;\r\n\t\t\t}\r\n\t\t<\/style>\r\n\r\n\t\t\t\t<\/div>\n\t\t\t\t<\/div>\n\t\t\t\t\t<\/div>\n\t\t<\/div>\n\t\t\t\t<div class=\"elementor-column elementor-col-33 elementor-top-column elementor-element elementor-element-2c5f1108\" data-id=\"2c5f1108\" data-element_type=\"column\">\n\t\t\t<div class=\"elementor-widget-wrap elementor-element-populated\">\n\t\t\t\t\t\t<div class=\"elementor-element elementor-element-10a0d50b elementor-headline--style-highlight elementor-widget elementor-widget-animated-headline\" data-id=\"10a0d50b\" data-element_type=\"widget\" data-settings=\"{&quot;marker&quot;:&quot;curly&quot;,&quot;highlighted_text&quot;:&quot;Toz Alt\\u0131 Kaynak Makinalar\\u0131&quot;,&quot;headline_style&quot;:&quot;highlight&quot;,&quot;loop&quot;:&quot;yes&quot;,&quot;highlight_animation_duration&quot;:1200,&quot;highlight_iteration_delay&quot;:8000}\" data-widget_type=\"animated-headline.default\">\n\t\t\t\t<div class=\"elementor-widget-container\">\n\t\t\t\t\t<h3 class=\"elementor-headline\">\n\t\t\t\t<span class=\"elementor-headline-dynamic-wrapper elementor-headline-text-wrapper\">\n\t\t\t\t\t<span class=\"elementor-headline-dynamic-text elementor-headline-text-active\">Submerged Arc Welding<\/span>\n\t\t\t\t<\/span>\n\t\t\t\t<\/h3>\n\t\t\t\t<\/div>\n\t\t\t\t<\/div>\n\t\t\t\t<div class=\"elementor-element elementor-element-236edd0d elementor-widget elementor-widget-Ihover\" data-id=\"236edd0d\" data-element_type=\"widget\" data-widget_type=\"Ihover.default\">\n\t\t\t\t<div class=\"elementor-widget-container\">\n\t\t\t\r\n\t\t<!--====== HTML CODING START ========-->\r\n\r\n\t\t<div class=\"ih-item circle effect2 left_to_right\">\r\n\t\t\t\t\t\t\t<a href=\"https:\/\/o-em.com.tr\/en\/kaynak\/toz-alti-kaynak\/?wmc-currency=EUR\" >\r\n\t\t\t\t\t\t\t\t      <div class=\"img\">\r\n\t\t      <span style=\"box-shadow: inset 0 0 0 px , 0 1px 2px rgba(0, 0, 0, .3); opacity: 0.6;\"><\/span>\r\n\t\t      \t<img fetchpriority=\"high\" decoding=\"async\" width=\"1024\" height=\"1024\" src=\"https:\/\/o-em.com.tr\/wp-content\/uploads\/2021\/12\/G9_1-3-1024x1024.jpg\" class=\"attachment-large size-large wp-image-8202\" alt=\"\" srcset=\"https:\/\/o-em.com.tr\/wp-content\/uploads\/2021\/12\/G9_1-3-1024x1024.jpg 1024w, https:\/\/o-em.com.tr\/wp-content\/uploads\/2021\/12\/G9_1-3-150x150.jpg 150w, https:\/\/o-em.com.tr\/wp-content\/uploads\/2021\/12\/G9_1-3-300x300.jpg 300w, https:\/\/o-em.com.tr\/wp-content\/uploads\/2021\/12\/G9_1-3-768x768.jpg 768w, https:\/\/o-em.com.tr\/wp-content\/uploads\/2021\/12\/G9_1-3.jpg 1500w, https:\/\/o-em.com.tr\/wp-content\/uploads\/2021\/12\/G9_1-3-1000x1000.jpg 1000w, https:\/\/o-em.com.tr\/wp-content\/uploads\/2021\/12\/G9_1-3-500x500.jpg 500w, https:\/\/o-em.com.tr\/wp-content\/uploads\/2021\/12\/G9_1-3-700x700.jpg 700w\" sizes=\"(max-width: 1024px) 100vw, 1024px\" \/>\t\t      <\/div>\r\n\t\t      <div class=\"info\" style=\"background-color: #000;\">\r\n\t\t      \t<div style=\"display:table;width:100%;height:100%;\">\r\n\t\t\t    \t<div style=\"display: table-cell !important;vertical-align: middle !important;\">\r\n\t\t\t\t      \t<h3 style=\"color: #fff; text-align: center;\">\r\n\t\t\t\t      \t\tSubmerged Arc Welding\t\t\t\t      \t<\/h3>\r\n\t\t\t\t      \t<p style=\"color: #fff; text-align: center;\">\r\n\t\t\t\t      \t\t\t\t\t\t      \t<\/p>\r\n\t\t\t\t    <\/div>\r\n\t\t\t\t<\/div>\r\n\t\t      <\/div>\r\n\t\t    <\/a>\r\n\t\t<\/div>\t\r\n\t\t\t\t<\/div>\n\t\t\t\t<\/div>\n\t\t\t\t<div class=\"elementor-element elementor-element-de6a336 color-scheme-inherit text-left elementor-widget elementor-widget-text-editor\" data-id=\"de6a336\" data-element_type=\"widget\" data-widget_type=\"text-editor.default\">\n\t\t\t\t<div class=\"elementor-widget-container\">\n\t\t\t\t\t\t\t<p>The OEM-LXS series mini-line laser specially produced for the laser tracking system developed for submerged arc welding machines achieves very high precision working conditions in welding applications.<\/p>\t\t\t\t\t\t<\/div>\n\t\t\t\t<\/div>\n\t\t\t\t<div class=\"elementor-element elementor-element-72fd0cfc elementor-widget elementor-widget-advanced-btn\" data-id=\"72fd0cfc\" data-element_type=\"widget\" data-widget_type=\"advanced-btn.default\">\n\t\t\t\t<div class=\"elementor-widget-container\">\n\t\t\t\r\n\t\t<!--====== HTML CODING START ========-->\r\n\r\n\t\t\r\n\t\t\t\t\t<div class=\"mega-uae-btn-section mega-uae-btn-section-87\" style=\"justify-content: center; display: flex;\">\r\n\t\t\t\t<a href=\"https:\/\/o-em.com.tr\/en\/kaynak\/toz-alti-kaynak\/?wmc-currency=EUR\"  style=\"color: #fff;\" class=\"mega-uae-btn button--winona\" data-text=\"Ke\u015ffet!\"> \r\n\t\t\t\t\t<span>\u00dcr\u00fcnlere Git<\/span>\t\t\t\r\n\t\t\t\t<\/a>\r\n\t\t\t<\/div>\r\n\t\t\t<div style=\"clear: both;\"><\/div>\r\n\t\t\r\n\t\t\r\n\t\t\r\n\t\t<style>\r\n\t\t\t.mega-uae-btn-section-87 .mega-uae-btn:hover {\r\n\t\t\t\tcolor: rgb(242, 41, 91) !important;\r\n\t\t\t}\r\n\t\t\t.mega-uae-btn-section-87 .button--winona::after {\r\n\t\t\t\tcolor: rgb(242, 41, 91) !important;\r\n\t\t\t}\r\n\t\t\t.mega-uae-btn-section-87 .button--dualshade {\r\n\t\t\t\tbackground-image: linear-gradient(41deg, rgb(242, 41, 91) 0%,#fff 100%) !important;\r\n\t\t\t\tbackground: none;\r\n\t\t\t}\r\n\t\t\t.mega-uae-btn-section-87 .button--dualshade:hover {\r\n\t\t\t\tcolor: #fff !important;\r\n\t\t\t}\r\n\t\t<\/style>\r\n\r\n\t\t\t\t<\/div>\n\t\t\t\t<\/div>\n\t\t\t\t\t<\/div>\n\t\t<\/div>\n\t\t\t\t<div class=\"elementor-column elementor-col-33 elementor-top-column elementor-element elementor-element-79d97e1\" data-id=\"79d97e1\" data-element_type=\"column\">\n\t\t\t<div class=\"elementor-widget-wrap\">\n\t\t\t\t\t\t\t<\/div>\n\t\t<\/div>\n\t\t\t\t\t<\/div>\n\t\t<\/section>\n\t\t\t\t<section class=\"elementor-section elementor-top-section elementor-element elementor-element-41aecf3f elementor-section-boxed elementor-section-height-default elementor-section-height-default wd-section-disabled\" data-id=\"41aecf3f\" data-element_type=\"section\">\n\t\t\t\t\t\t<div class=\"elementor-container elementor-column-gap-default\">\n\t\t\t\t\t<div class=\"elementor-column elementor-col-100 elementor-top-column elementor-element elementor-element-1e9e4206\" data-id=\"1e9e4206\" data-element_type=\"column\">\n\t\t\t<div class=\"elementor-widget-wrap elementor-element-populated\">\n\t\t\t\t\t\t<div class=\"elementor-element elementor-element-24e33dc9 elementor-widget-divider--view-line_icon elementor-view-default elementor-widget-divider--element-align-center elementor-widget elementor-widget-divider\" data-id=\"24e33dc9\" data-element_type=\"widget\" data-widget_type=\"divider.default\">\n\t\t\t\t<div class=\"elementor-widget-container\">\n\t\t\t\t\t<div class=\"elementor-divider\">\n\t\t\t<span class=\"elementor-divider-separator\">\n\t\t\t\t\t\t\t<div class=\"elementor-icon elementor-divider__element\">\n\t\t\t\t\t<i aria-hidden=\"true\" class=\"fas fa-terminal\"><\/i><\/div>\n\t\t\t\t\t\t<\/span>\n\t\t<\/div>\n\t\t\t\t<\/div>\n\t\t\t\t<\/div>\n\t\t\t\t\t<\/div>\n\t\t<\/div>\n\t\t\t\t\t<\/div>\n\t\t<\/section>\n\t\t\t\t<\/div>","protected":false},"excerpt":{"rendered":"<p>Kaynak End\u00fcstrisi OEM-LS serisi mini \u00e7izgi lazer ile kaynak uygulamalar\u0131nda do\u011fru konumland\u0131rma ile y\u00fcksek hassasiyetli \u00e7al\u0131\u015fma ko\u015fullar\u0131 elde edilir ve<\/p>","protected":false},"author":1,"featured_media":0,"parent":7819,"menu_order":0,"comment_status":"closed","ping_status":"closed","template":"","meta":{"footnotes":""},"_links":{"self":[{"href":"https:\/\/o-em.com.tr\/en\/wp-json\/wp\/v2\/pages\/8200"}],"collection":[{"href":"https:\/\/o-em.com.tr\/en\/wp-json\/wp\/v2\/pages"}],"about":[{"href":"https:\/\/o-em.com.tr\/en\/wp-json\/wp\/v2\/types\/page"}],"author":[{"embeddable":true,"href":"https:\/\/o-em.com.tr\/en\/wp-json\/wp\/v2\/users\/1"}],"replies":[{"embeddable":true,"href":"https:\/\/o-em.com.tr\/en\/wp-json\/wp\/v2\/comments?post=8200"}],"version-history":[{"count":0,"href":"https:\/\/o-em.com.tr\/en\/wp-json\/wp\/v2\/pages\/8200\/revisions"}],"up":[{"embeddable":true,"href":"https:\/\/o-em.com.tr\/en\/wp-json\/wp\/v2\/pages\/7819"}],"wp:attachment":[{"href":"https:\/\/o-em.com.tr\/en\/wp-json\/wp\/v2\/media?parent=8200"}],"curies":[{"name":"wp","href":"https:\/\/api.w.org\/{rel}","templated":true}]}}