{"id":8211,"date":"2021-12-16T13:57:51","date_gmt":"2021-12-16T10:57:51","guid":{"rendered":"https:\/\/oem.proje99.com\/?page_id=8211"},"modified":"2021-12-16T16:29:05","modified_gmt":"2021-12-16T13:29:05","slug":"elektronik","status":"publish","type":"page","link":"https:\/\/o-em.com.tr\/en\/uygulamalar\/elektronik\/","title":{"rendered":"Electronics"},"content":{"rendered":"<div data-elementor-type=\"wp-page\" data-elementor-id=\"8211\" class=\"elementor elementor-8211\" data-elementor-post-type=\"page\">\n\t\t\t\t\t\t<section class=\"elementor-section elementor-top-section elementor-element elementor-element-3b7e539 elementor-section-content-middle elementor-section-boxed elementor-section-height-default elementor-section-height-default wd-section-disabled\" data-id=\"3b7e539\" data-element_type=\"section\">\n\t\t\t\t\t\t<div class=\"elementor-container elementor-column-gap-default\">\n\t\t\t\t\t<div class=\"elementor-column elementor-col-50 elementor-top-column elementor-element elementor-element-7dd39ec0\" data-id=\"7dd39ec0\" data-element_type=\"column\">\n\t\t\t<div class=\"elementor-widget-wrap elementor-element-populated\">\n\t\t\t\t\t\t<div class=\"elementor-element elementor-element-5c44cbbf elementor-widget elementor-widget-image\" data-id=\"5c44cbbf\" data-element_type=\"widget\" data-widget_type=\"image.default\">\n\t\t\t\t<div class=\"elementor-widget-container\">\n\t\t\t\t\t\t\t\t\t\t\t\t\t<img fetchpriority=\"high\" decoding=\"async\" width=\"1024\" height=\"1024\" src=\"https:\/\/o-em.com.tr\/wp-content\/uploads\/2021\/12\/U18-1-1024x1024.jpg\" class=\"attachment-large size-large wp-image-8214\" alt=\"\" srcset=\"https:\/\/o-em.com.tr\/wp-content\/uploads\/2021\/12\/U18-1-1024x1024.jpg 1024w, https:\/\/o-em.com.tr\/wp-content\/uploads\/2021\/12\/U18-1-150x150.jpg 150w, https:\/\/o-em.com.tr\/wp-content\/uploads\/2021\/12\/U18-1-300x300.jpg 300w, https:\/\/o-em.com.tr\/wp-content\/uploads\/2021\/12\/U18-1-768x768.jpg 768w, https:\/\/o-em.com.tr\/wp-content\/uploads\/2021\/12\/U18-1.jpg 1500w, https:\/\/o-em.com.tr\/wp-content\/uploads\/2021\/12\/U18-1-1000x1000.jpg 1000w, https:\/\/o-em.com.tr\/wp-content\/uploads\/2021\/12\/U18-1-500x500.jpg 500w, https:\/\/o-em.com.tr\/wp-content\/uploads\/2021\/12\/U18-1-700x700.jpg 700w\" sizes=\"(max-width: 1024px) 100vw, 1024px\" \/>\t\t\t\t\t\t\t\t\t\t\t\t\t<\/div>\n\t\t\t\t<\/div>\n\t\t\t\t\t<\/div>\n\t\t<\/div>\n\t\t\t\t<div class=\"elementor-column elementor-col-50 elementor-top-column elementor-element elementor-element-f6f12e7\" data-id=\"f6f12e7\" data-element_type=\"column\">\n\t\t\t<div class=\"elementor-widget-wrap elementor-element-populated\">\n\t\t\t\t\t\t<div class=\"elementor-element elementor-element-30a60c05 elementor-widget elementor-widget-wd_title\" data-id=\"30a60c05\" data-element_type=\"widget\" data-widget_type=\"wd_title.default\">\n\t\t\t\t<div class=\"elementor-widget-container\">\n\t\t\t\t\t<div class=\"title-wrapper set-mb-s reset-last-child wd-title-color-default wd-title-style-default wd-title-size-default text-center\">\n\n\t\t\t\n\t\t\t<div class=\"liner-continer\">\n\t\t\t\t<h4 class=\"woodmart-title-container title wd-fontsize-l\">Electronics <strong>Industry<\/strong><\/h4> \n\t\t\t\t\t\t\t<\/div>\n\n\t\t\t\t\t\t\t<div class=\"title-after_title set-cont-mb-s reset-last-child wd-fontsize-xs\">\n\t\t\t\t\tOEM positioning lasers are used for accurate positioning in electronic industry for inspection.\t\t\t\t<\/div>\n\t\t\t\t\t<\/div>\n\t\t\t\t<\/div>\n\t\t\t\t<\/div>\n\t\t\t\t<div class=\"elementor-element elementor-element-5239be94 elementor-widget elementor-widget-advanced-btn\" data-id=\"5239be94\" data-element_type=\"widget\" data-widget_type=\"advanced-btn.default\">\n\t\t\t\t<div class=\"elementor-widget-container\">\n\t\t\t\r\n\t\t<!--====== HTML CODING START ========-->\r\n\r\n\t\t\r\n\t\t\t\t\t<div class=\"mega-uae-btn-section mega-uae-btn-section-106\" style=\"justify-content: center; display: flex;\">\r\n\t\t\t\t<a href=\"https:\/\/o-em.com.tr\/en\/uygulama\/elektronik\/?wmc-currency=EUR\"  style=\"color: #fff;\" class=\"mega-uae-btn button--winona\" data-text=\"Ke\u015ffet!\"> \r\n\t\t\t\t\t<span>\u00dcr\u00fcnlere Git<\/span>\t\t\t\r\n\t\t\t\t<\/a>\r\n\t\t\t<\/div>\r\n\t\t\t<div style=\"clear: both;\"><\/div>\r\n\t\t\r\n\t\t\r\n\t\t\r\n\t\t<style>\r\n\t\t\t.mega-uae-btn-section-106 .mega-uae-btn:hover {\r\n\t\t\t\tcolor: rgb(242, 41, 91) !important;\r\n\t\t\t}\r\n\t\t\t.mega-uae-btn-section-106 .button--winona::after {\r\n\t\t\t\tcolor: rgb(242, 41, 91) !important;\r\n\t\t\t}\r\n\t\t\t.mega-uae-btn-section-106 .button--dualshade {\r\n\t\t\t\tbackground-image: linear-gradient(41deg, rgb(242, 41, 91) 0%,#fff 100%) !important;\r\n\t\t\t\tbackground: none;\r\n\t\t\t}\r\n\t\t\t.mega-uae-btn-section-106 .button--dualshade:hover {\r\n\t\t\t\tcolor: #fff !important;\r\n\t\t\t}\r\n\t\t<\/style>\r\n\r\n\t\t\t\t<\/div>\n\t\t\t\t<\/div>\n\t\t\t\t\t<\/div>\n\t\t<\/div>\n\t\t\t\t\t<\/div>\n\t\t<\/section>\n\t\t\t\t<section class=\"elementor-section elementor-top-section elementor-element elementor-element-4e07822a elementor-section-boxed elementor-section-height-default elementor-section-height-default wd-section-disabled\" data-id=\"4e07822a\" data-element_type=\"section\">\n\t\t\t\t\t\t<div class=\"elementor-container elementor-column-gap-default\">\n\t\t\t\t\t<div class=\"elementor-column elementor-col-33 elementor-top-column elementor-element elementor-element-3bdae0f9\" data-id=\"3bdae0f9\" data-element_type=\"column\">\n\t\t\t<div class=\"elementor-widget-wrap elementor-element-populated\">\n\t\t\t\t\t\t<div class=\"elementor-element elementor-element-ada6d96 elementor-headline--style-highlight elementor-widget elementor-widget-animated-headline\" data-id=\"ada6d96\" data-element_type=\"widget\" data-settings=\"{&quot;marker&quot;:&quot;curly&quot;,&quot;highlighted_text&quot;:&quot;PCB Kontrol&quot;,&quot;headline_style&quot;:&quot;highlight&quot;,&quot;loop&quot;:&quot;yes&quot;,&quot;highlight_animation_duration&quot;:1200,&quot;highlight_iteration_delay&quot;:8000}\" data-widget_type=\"animated-headline.default\">\n\t\t\t\t<div class=\"elementor-widget-container\">\n\t\t\t\t\t<h3 class=\"elementor-headline\">\n\t\t\t\t<span class=\"elementor-headline-dynamic-wrapper elementor-headline-text-wrapper\">\n\t\t\t\t\t<span class=\"elementor-headline-dynamic-text elementor-headline-text-active\">PCB Control<\/span>\n\t\t\t\t<\/span>\n\t\t\t\t<\/h3>\n\t\t\t\t<\/div>\n\t\t\t\t<\/div>\n\t\t\t\t<div class=\"elementor-element elementor-element-2fb3e620 elementor-widget elementor-widget-Ihover\" data-id=\"2fb3e620\" data-element_type=\"widget\" data-widget_type=\"Ihover.default\">\n\t\t\t\t<div class=\"elementor-widget-container\">\n\t\t\t\r\n\t\t<!--====== HTML CODING START ========-->\r\n\r\n\t\t<div class=\"ih-item circle effect2 left_to_right\">\r\n\t\t\t\t\t\t\t<a href=\"https:\/\/o-em.com.tr\/en\/elektronik\/pcb-kontrol\/?wmc-currency=EUR\" >\r\n\t\t\t\t\t\t\t\t      <div class=\"img\">\r\n\t\t      <span style=\"box-shadow: inset 0 0 0 px , 0 1px 2px rgba(0, 0, 0, .3); opacity: 0.6;\"><\/span>\r\n\t\t      \t<img fetchpriority=\"high\" decoding=\"async\" width=\"1024\" height=\"1024\" src=\"https:\/\/o-em.com.tr\/wp-content\/uploads\/2021\/12\/U18-1-1024x1024.jpg\" class=\"attachment-large size-large wp-image-8214\" alt=\"\" srcset=\"https:\/\/o-em.com.tr\/wp-content\/uploads\/2021\/12\/U18-1-1024x1024.jpg 1024w, https:\/\/o-em.com.tr\/wp-content\/uploads\/2021\/12\/U18-1-150x150.jpg 150w, https:\/\/o-em.com.tr\/wp-content\/uploads\/2021\/12\/U18-1-300x300.jpg 300w, https:\/\/o-em.com.tr\/wp-content\/uploads\/2021\/12\/U18-1-768x768.jpg 768w, https:\/\/o-em.com.tr\/wp-content\/uploads\/2021\/12\/U18-1.jpg 1500w, https:\/\/o-em.com.tr\/wp-content\/uploads\/2021\/12\/U18-1-1000x1000.jpg 1000w, https:\/\/o-em.com.tr\/wp-content\/uploads\/2021\/12\/U18-1-500x500.jpg 500w, https:\/\/o-em.com.tr\/wp-content\/uploads\/2021\/12\/U18-1-700x700.jpg 700w\" sizes=\"(max-width: 1024px) 100vw, 1024px\" \/>\t\t      <\/div>\r\n\t\t      <div class=\"info\" style=\"background-color: #000;\">\r\n\t\t      \t<div style=\"display:table;width:100%;height:100%;\">\r\n\t\t\t    \t<div style=\"display: table-cell !important;vertical-align: middle !important;\">\r\n\t\t\t\t      \t<h3 style=\"color: #fff; text-align: center;\">\r\n\t\t\t\t      \t\tPCB Control\t\t\t\t      \t<\/h3>\r\n\t\t\t\t      \t<p style=\"color: #fff; text-align: center;\">\r\n\t\t\t\t      \t\t\t\t\t\t      \t<\/p>\r\n\t\t\t\t    <\/div>\r\n\t\t\t\t<\/div>\r\n\t\t      <\/div>\r\n\t\t    <\/a>\r\n\t\t<\/div>\t\r\n\t\t\t\t<\/div>\n\t\t\t\t<\/div>\n\t\t\t\t<div class=\"elementor-element elementor-element-219b45d6 color-scheme-inherit text-left elementor-widget elementor-widget-text-editor\" data-id=\"219b45d6\" data-element_type=\"widget\" data-widget_type=\"text-editor.default\">\n\t\t\t\t<div class=\"elementor-widget-container\">\n\t\t\t\t\t\t\t<p>You can use OEM-LXS series mini-line lasers for accurate scanning and placement of components in production and completed production.<\/p>\t\t\t\t\t\t<\/div>\n\t\t\t\t<\/div>\n\t\t\t\t<div class=\"elementor-element elementor-element-6e358831 elementor-widget elementor-widget-advanced-btn\" data-id=\"6e358831\" data-element_type=\"widget\" data-widget_type=\"advanced-btn.default\">\n\t\t\t\t<div class=\"elementor-widget-container\">\n\t\t\t\r\n\t\t<!--====== HTML CODING START ========-->\r\n\r\n\t\t\r\n\t\t\t\t\t<div class=\"mega-uae-btn-section mega-uae-btn-section-129\" style=\"justify-content: center; display: flex;\">\r\n\t\t\t\t<a href=\"https:\/\/o-em.com.tr\/en\/elektronik\/pcb-kontrol\/?wmc-currency=EUR\"  style=\"color: #fff;\" class=\"mega-uae-btn button--winona\" data-text=\"Ke\u015ffet!\"> \r\n\t\t\t\t\t<span>\u00dcr\u00fcnlere Git<\/span>\t\t\t\r\n\t\t\t\t<\/a>\r\n\t\t\t<\/div>\r\n\t\t\t<div style=\"clear: both;\"><\/div>\r\n\t\t\r\n\t\t\r\n\t\t\r\n\t\t<style>\r\n\t\t\t.mega-uae-btn-section-129 .mega-uae-btn:hover {\r\n\t\t\t\tcolor: rgb(242, 41, 91) !important;\r\n\t\t\t}\r\n\t\t\t.mega-uae-btn-section-129 .button--winona::after {\r\n\t\t\t\tcolor: rgb(242, 41, 91) !important;\r\n\t\t\t}\r\n\t\t\t.mega-uae-btn-section-129 .button--dualshade {\r\n\t\t\t\tbackground-image: linear-gradient(41deg, rgb(242, 41, 91) 0%,#fff 100%) !important;\r\n\t\t\t\tbackground: none;\r\n\t\t\t}\r\n\t\t\t.mega-uae-btn-section-129 .button--dualshade:hover {\r\n\t\t\t\tcolor: #fff !important;\r\n\t\t\t}\r\n\t\t<\/style>\r\n\r\n\t\t\t\t<\/div>\n\t\t\t\t<\/div>\n\t\t\t\t\t<\/div>\n\t\t<\/div>\n\t\t\t\t<div class=\"elementor-column elementor-col-33 elementor-top-column elementor-element elementor-element-a565bd8\" data-id=\"a565bd8\" data-element_type=\"column\">\n\t\t\t<div class=\"elementor-widget-wrap\">\n\t\t\t\t\t\t\t<\/div>\n\t\t<\/div>\n\t\t\t\t<div class=\"elementor-column elementor-col-33 elementor-top-column elementor-element elementor-element-4cc112e\" data-id=\"4cc112e\" data-element_type=\"column\">\n\t\t\t<div class=\"elementor-widget-wrap\">\n\t\t\t\t\t\t\t<\/div>\n\t\t<\/div>\n\t\t\t\t\t<\/div>\n\t\t<\/section>\n\t\t\t\t<section class=\"elementor-section elementor-top-section elementor-element elementor-element-6e7be11c elementor-section-boxed elementor-section-height-default elementor-section-height-default wd-section-disabled\" data-id=\"6e7be11c\" data-element_type=\"section\">\n\t\t\t\t\t\t<div class=\"elementor-container elementor-column-gap-default\">\n\t\t\t\t\t<div class=\"elementor-column elementor-col-100 elementor-top-column elementor-element elementor-element-3c5056b0\" data-id=\"3c5056b0\" data-element_type=\"column\">\n\t\t\t<div class=\"elementor-widget-wrap elementor-element-populated\">\n\t\t\t\t\t\t<div class=\"elementor-element elementor-element-2e3e89f6 elementor-widget-divider--view-line_icon elementor-view-default elementor-widget-divider--element-align-center elementor-widget elementor-widget-divider\" data-id=\"2e3e89f6\" data-element_type=\"widget\" data-widget_type=\"divider.default\">\n\t\t\t\t<div class=\"elementor-widget-container\">\n\t\t\t\t\t<div class=\"elementor-divider\">\n\t\t\t<span class=\"elementor-divider-separator\">\n\t\t\t\t\t\t\t<div class=\"elementor-icon elementor-divider__element\">\n\t\t\t\t\t<i aria-hidden=\"true\" class=\"fas fa-terminal\"><\/i><\/div>\n\t\t\t\t\t\t<\/span>\n\t\t<\/div>\n\t\t\t\t<\/div>\n\t\t\t\t<\/div>\n\t\t\t\t\t<\/div>\n\t\t<\/div>\n\t\t\t\t\t<\/div>\n\t\t<\/section>\n\t\t\t\t<\/div>","protected":false},"excerpt":{"rendered":"<p>Elektronik End\u00fcstrisi Elektronik komponentlerin PCB \u00fczerindeki do\u011fru konumland\u0131r\u0131lmas\u0131 i\u00e7in OEM lazer i\u015faretleyiciler kullan\u0131lmaktad\u0131r. \u00dcr\u00fcnlere Git PCB Kontrol PCB Kontrol &nbsp;<\/p>","protected":false},"author":1,"featured_media":0,"parent":7819,"menu_order":0,"comment_status":"closed","ping_status":"closed","template":"","meta":{"footnotes":""},"_links":{"self":[{"href":"https:\/\/o-em.com.tr\/en\/wp-json\/wp\/v2\/pages\/8211"}],"collection":[{"href":"https:\/\/o-em.com.tr\/en\/wp-json\/wp\/v2\/pages"}],"about":[{"href":"https:\/\/o-em.com.tr\/en\/wp-json\/wp\/v2\/types\/page"}],"author":[{"embeddable":true,"href":"https:\/\/o-em.com.tr\/en\/wp-json\/wp\/v2\/users\/1"}],"replies":[{"embeddable":true,"href":"https:\/\/o-em.com.tr\/en\/wp-json\/wp\/v2\/comments?post=8211"}],"version-history":[{"count":0,"href":"https:\/\/o-em.com.tr\/en\/wp-json\/wp\/v2\/pages\/8211\/revisions"}],"up":[{"embeddable":true,"href":"https:\/\/o-em.com.tr\/en\/wp-json\/wp\/v2\/pages\/7819"}],"wp:attachment":[{"href":"https:\/\/o-em.com.tr\/en\/wp-json\/wp\/v2\/media?parent=8211"}],"curies":[{"name":"wp","href":"https:\/\/api.w.org\/{rel}","templated":true}]}}