{"id":8234,"date":"2021-12-16T16:30:43","date_gmt":"2021-12-16T13:30:43","guid":{"rendered":"https:\/\/oem.proje99.com\/?page_id=8234"},"modified":"2021-12-16T16:36:01","modified_gmt":"2021-12-16T13:36:01","slug":"otomasyon","status":"publish","type":"page","link":"https:\/\/o-em.com.tr\/en\/uygulamalar\/otomasyon\/","title":{"rendered":"Automation"},"content":{"rendered":"<div data-elementor-type=\"wp-page\" data-elementor-id=\"8234\" class=\"elementor elementor-8234\" data-elementor-post-type=\"page\">\n\t\t\t\t\t\t<section class=\"elementor-section elementor-top-section elementor-element elementor-element-7947e997 elementor-section-content-middle elementor-section-boxed elementor-section-height-default elementor-section-height-default wd-section-disabled\" data-id=\"7947e997\" data-element_type=\"section\">\n\t\t\t\t\t\t<div class=\"elementor-container elementor-column-gap-default\">\n\t\t\t\t\t<div class=\"elementor-column elementor-col-50 elementor-top-column elementor-element elementor-element-53b61f48\" data-id=\"53b61f48\" data-element_type=\"column\">\n\t\t\t<div class=\"elementor-widget-wrap elementor-element-populated\">\n\t\t\t\t\t\t<div class=\"elementor-element elementor-element-498bf467 elementor-widget elementor-widget-image\" data-id=\"498bf467\" data-element_type=\"widget\" data-widget_type=\"image.default\">\n\t\t\t\t<div class=\"elementor-widget-container\">\n\t\t\t\t\t\t\t\t\t\t\t\t\t<img fetchpriority=\"high\" decoding=\"async\" width=\"1024\" height=\"1024\" src=\"https:\/\/o-em.com.tr\/wp-content\/uploads\/2021\/12\/G3_3-1-1024x1024.jpg\" class=\"attachment-large size-large wp-image-8237\" alt=\"\" srcset=\"https:\/\/o-em.com.tr\/wp-content\/uploads\/2021\/12\/G3_3-1-1024x1024.jpg 1024w, https:\/\/o-em.com.tr\/wp-content\/uploads\/2021\/12\/G3_3-1-150x150.jpg 150w, https:\/\/o-em.com.tr\/wp-content\/uploads\/2021\/12\/G3_3-1-300x300.jpg 300w, https:\/\/o-em.com.tr\/wp-content\/uploads\/2021\/12\/G3_3-1-768x768.jpg 768w, https:\/\/o-em.com.tr\/wp-content\/uploads\/2021\/12\/G3_3-1.jpg 1500w, https:\/\/o-em.com.tr\/wp-content\/uploads\/2021\/12\/G3_3-1-1000x1000.jpg 1000w, https:\/\/o-em.com.tr\/wp-content\/uploads\/2021\/12\/G3_3-1-500x500.jpg 500w, https:\/\/o-em.com.tr\/wp-content\/uploads\/2021\/12\/G3_3-1-700x700.jpg 700w\" sizes=\"(max-width: 1024px) 100vw, 1024px\" \/>\t\t\t\t\t\t\t\t\t\t\t\t\t<\/div>\n\t\t\t\t<\/div>\n\t\t\t\t\t<\/div>\n\t\t<\/div>\n\t\t\t\t<div class=\"elementor-column elementor-col-50 elementor-top-column elementor-element elementor-element-40c36a59\" data-id=\"40c36a59\" data-element_type=\"column\">\n\t\t\t<div class=\"elementor-widget-wrap elementor-element-populated\">\n\t\t\t\t\t\t<div class=\"elementor-element elementor-element-4bd33bc2 elementor-widget elementor-widget-wd_title\" data-id=\"4bd33bc2\" data-element_type=\"widget\" data-widget_type=\"wd_title.default\">\n\t\t\t\t<div class=\"elementor-widget-container\">\n\t\t\t\t\t<div class=\"title-wrapper set-mb-s reset-last-child wd-title-color-default wd-title-style-default wd-title-size-default text-center\">\n\n\t\t\t\n\t\t\t<div class=\"liner-continer\">\n\t\t\t\t<h4 class=\"woodmart-title-container title wd-fontsize-l\">Automation <strong>Industry<\/strong><\/h4> \n\t\t\t\t\t\t\t<\/div>\n\n\t\t\t\t\t\t\t<div class=\"title-after_title set-cont-mb-s reset-last-child wd-fontsize-xs\">\n\t\t\t\t\tOEM positionin lasers are used in different areas for process control in industrial automation applications.\t\t\t\t<\/div>\n\t\t\t\t\t<\/div>\n\t\t\t\t<\/div>\n\t\t\t\t<\/div>\n\t\t\t\t<div class=\"elementor-element elementor-element-463c6862 elementor-widget elementor-widget-advanced-btn\" data-id=\"463c6862\" data-element_type=\"widget\" data-widget_type=\"advanced-btn.default\">\n\t\t\t\t<div class=\"elementor-widget-container\">\n\t\t\t\r\n\t\t<!--====== HTML CODING START ========-->\r\n\r\n\t\t\r\n\t\t\t\t\t<div class=\"mega-uae-btn-section mega-uae-btn-section-68\" style=\"justify-content: center; display: flex;\">\r\n\t\t\t\t<a href=\"https:\/\/o-em.com.tr\/en\/uygulama\/otomasyon\/?wmc-currency=EUR\"  style=\"color: #fff;\" class=\"mega-uae-btn button--winona\" data-text=\"Ke\u015ffet!\"> \r\n\t\t\t\t\t<span>\u00dcr\u00fcnlere Git<\/span>\t\t\t\r\n\t\t\t\t<\/a>\r\n\t\t\t<\/div>\r\n\t\t\t<div style=\"clear: both;\"><\/div>\r\n\t\t\r\n\t\t\r\n\t\t\r\n\t\t<style>\r\n\t\t\t.mega-uae-btn-section-68 .mega-uae-btn:hover {\r\n\t\t\t\tcolor: rgb(242, 41, 91) !important;\r\n\t\t\t}\r\n\t\t\t.mega-uae-btn-section-68 .button--winona::after {\r\n\t\t\t\tcolor: rgb(242, 41, 91) !important;\r\n\t\t\t}\r\n\t\t\t.mega-uae-btn-section-68 .button--dualshade {\r\n\t\t\t\tbackground-image: linear-gradient(41deg, rgb(242, 41, 91) 0%,#fff 100%) !important;\r\n\t\t\t\tbackground: none;\r\n\t\t\t}\r\n\t\t\t.mega-uae-btn-section-68 .button--dualshade:hover {\r\n\t\t\t\tcolor: #fff !important;\r\n\t\t\t}\r\n\t\t<\/style>\r\n\r\n\t\t\t\t<\/div>\n\t\t\t\t<\/div>\n\t\t\t\t\t<\/div>\n\t\t<\/div>\n\t\t\t\t\t<\/div>\n\t\t<\/section>\n\t\t\t\t<section class=\"elementor-section elementor-top-section elementor-element elementor-element-6a2fef4a elementor-section-boxed elementor-section-height-default elementor-section-height-default wd-section-disabled\" data-id=\"6a2fef4a\" data-element_type=\"section\">\n\t\t\t\t\t\t<div class=\"elementor-container elementor-column-gap-default\">\n\t\t\t\t\t<div class=\"elementor-column elementor-col-33 elementor-top-column elementor-element elementor-element-6e8f4605\" data-id=\"6e8f4605\" data-element_type=\"column\">\n\t\t\t<div class=\"elementor-widget-wrap elementor-element-populated\">\n\t\t\t\t\t\t<div class=\"elementor-element elementor-element-30722bd3 elementor-headline--style-highlight elementor-widget elementor-widget-animated-headline\" data-id=\"30722bd3\" data-element_type=\"widget\" data-settings=\"{&quot;marker&quot;:&quot;curly&quot;,&quot;highlighted_text&quot;:&quot;Proses Kontrol&quot;,&quot;headline_style&quot;:&quot;highlight&quot;,&quot;loop&quot;:&quot;yes&quot;,&quot;highlight_animation_duration&quot;:1200,&quot;highlight_iteration_delay&quot;:8000}\" data-widget_type=\"animated-headline.default\">\n\t\t\t\t<div class=\"elementor-widget-container\">\n\t\t\t\t\t<h3 class=\"elementor-headline\">\n\t\t\t\t<span class=\"elementor-headline-dynamic-wrapper elementor-headline-text-wrapper\">\n\t\t\t\t\t<span class=\"elementor-headline-dynamic-text elementor-headline-text-active\">Process Control<\/span>\n\t\t\t\t<\/span>\n\t\t\t\t<\/h3>\n\t\t\t\t<\/div>\n\t\t\t\t<\/div>\n\t\t\t\t<div class=\"elementor-element elementor-element-14f45502 elementor-widget elementor-widget-Ihover\" data-id=\"14f45502\" data-element_type=\"widget\" data-widget_type=\"Ihover.default\">\n\t\t\t\t<div class=\"elementor-widget-container\">\n\t\t\t\r\n\t\t<!--====== HTML CODING START ========-->\r\n\r\n\t\t<div class=\"ih-item circle effect2 left_to_right\">\r\n\t\t\t\t\t\t\t<a href=\"https:\/\/o-em.com.tr\/en\/otomasyon\/proses-kontrol\/?wmc-currency=EUR\" >\r\n\t\t\t\t\t\t\t\t      <div class=\"img\">\r\n\t\t      <span style=\"box-shadow: inset 0 0 0 px , 0 1px 2px rgba(0, 0, 0, .3); opacity: 0.6;\"><\/span>\r\n\t\t      \t<img decoding=\"async\" width=\"1024\" height=\"1024\" src=\"https:\/\/o-em.com.tr\/wp-content\/uploads\/2021\/12\/foto-CS_8-1024x1024.jpg\" class=\"attachment-large size-large wp-image-8238\" alt=\"\" srcset=\"https:\/\/o-em.com.tr\/wp-content\/uploads\/2021\/12\/foto-CS_8-1024x1024.jpg 1024w, https:\/\/o-em.com.tr\/wp-content\/uploads\/2021\/12\/foto-CS_8-150x150.jpg 150w, https:\/\/o-em.com.tr\/wp-content\/uploads\/2021\/12\/foto-CS_8-300x300.jpg 300w, https:\/\/o-em.com.tr\/wp-content\/uploads\/2021\/12\/foto-CS_8-768x768.jpg 768w, https:\/\/o-em.com.tr\/wp-content\/uploads\/2021\/12\/foto-CS_8.jpg 1500w, https:\/\/o-em.com.tr\/wp-content\/uploads\/2021\/12\/foto-CS_8-1000x1000.jpg 1000w, https:\/\/o-em.com.tr\/wp-content\/uploads\/2021\/12\/foto-CS_8-500x500.jpg 500w, https:\/\/o-em.com.tr\/wp-content\/uploads\/2021\/12\/foto-CS_8-700x700.jpg 700w\" sizes=\"(max-width: 1024px) 100vw, 1024px\" \/>\t\t      <\/div>\r\n\t\t      <div class=\"info\" style=\"background-color: #000;\">\r\n\t\t      \t<div style=\"display:table;width:100%;height:100%;\">\r\n\t\t\t    \t<div style=\"display: table-cell !important;vertical-align: middle !important;\">\r\n\t\t\t\t      \t<h3 style=\"color: #fff; text-align: center;\">\r\n\t\t\t\t      \t\tProcess Control\t\t\t\t      \t<\/h3>\r\n\t\t\t\t      \t<p style=\"color: #fff; text-align: center;\">\r\n\t\t\t\t      \t\t\t\t\t\t      \t<\/p>\r\n\t\t\t\t    <\/div>\r\n\t\t\t\t<\/div>\r\n\t\t      <\/div>\r\n\t\t    <\/a>\r\n\t\t<\/div>\t\r\n\t\t\t\t<\/div>\n\t\t\t\t<\/div>\n\t\t\t\t<div class=\"elementor-element elementor-element-3fdc4c63 color-scheme-inherit text-left elementor-widget elementor-widget-text-editor\" data-id=\"3fdc4c63\" data-element_type=\"widget\" data-widget_type=\"text-editor.default\">\n\t\t\t\t<div class=\"elementor-widget-container\">\n\t\t\t\t\t\t\t<p>OEM Laser products are used for inspection of components in the production process.<\/p>\t\t\t\t\t\t<\/div>\n\t\t\t\t<\/div>\n\t\t\t\t<div class=\"elementor-element elementor-element-3742712 elementor-widget elementor-widget-advanced-btn\" data-id=\"3742712\" data-element_type=\"widget\" data-widget_type=\"advanced-btn.default\">\n\t\t\t\t<div class=\"elementor-widget-container\">\n\t\t\t\r\n\t\t<!--====== HTML CODING START ========-->\r\n\r\n\t\t\r\n\t\t\t\t\t<div class=\"mega-uae-btn-section mega-uae-btn-section-184\" style=\"justify-content: center; display: flex;\">\r\n\t\t\t\t<a href=\"https:\/\/o-em.com.tr\/en\/otomasyon\/proses-kontrol\/?wmc-currency=EUR\"  style=\"color: #fff;\" class=\"mega-uae-btn button--winona\" data-text=\"Ke\u015ffet!\"> \r\n\t\t\t\t\t<span>\u00dcr\u00fcnlere Git<\/span>\t\t\t\r\n\t\t\t\t<\/a>\r\n\t\t\t<\/div>\r\n\t\t\t<div style=\"clear: both;\"><\/div>\r\n\t\t\r\n\t\t\r\n\t\t\r\n\t\t<style>\r\n\t\t\t.mega-uae-btn-section-184 .mega-uae-btn:hover {\r\n\t\t\t\tcolor: rgb(242, 41, 91) !important;\r\n\t\t\t}\r\n\t\t\t.mega-uae-btn-section-184 .button--winona::after {\r\n\t\t\t\tcolor: rgb(242, 41, 91) !important;\r\n\t\t\t}\r\n\t\t\t.mega-uae-btn-section-184 .button--dualshade {\r\n\t\t\t\tbackground-image: linear-gradient(41deg, rgb(242, 41, 91) 0%,#fff 100%) !important;\r\n\t\t\t\tbackground: none;\r\n\t\t\t}\r\n\t\t\t.mega-uae-btn-section-184 .button--dualshade:hover {\r\n\t\t\t\tcolor: #fff !important;\r\n\t\t\t}\r\n\t\t<\/style>\r\n\r\n\t\t\t\t<\/div>\n\t\t\t\t<\/div>\n\t\t\t\t\t<\/div>\n\t\t<\/div>\n\t\t\t\t<div class=\"elementor-column elementor-col-33 elementor-top-column elementor-element elementor-element-caff09d\" data-id=\"caff09d\" data-element_type=\"column\">\n\t\t\t<div class=\"elementor-widget-wrap\">\n\t\t\t\t\t\t\t<\/div>\n\t\t<\/div>\n\t\t\t\t<div class=\"elementor-column elementor-col-33 elementor-top-column elementor-element elementor-element-67100af\" data-id=\"67100af\" data-element_type=\"column\">\n\t\t\t<div class=\"elementor-widget-wrap\">\n\t\t\t\t\t\t\t<\/div>\n\t\t<\/div>\n\t\t\t\t\t<\/div>\n\t\t<\/section>\n\t\t\t\t<section class=\"elementor-section elementor-top-section elementor-element elementor-element-610ce4e0 elementor-section-boxed elementor-section-height-default elementor-section-height-default wd-section-disabled\" data-id=\"610ce4e0\" data-element_type=\"section\">\n\t\t\t\t\t\t<div class=\"elementor-container elementor-column-gap-default\">\n\t\t\t\t\t<div class=\"elementor-column elementor-col-100 elementor-top-column elementor-element elementor-element-bb4beb\" data-id=\"bb4beb\" data-element_type=\"column\">\n\t\t\t<div class=\"elementor-widget-wrap elementor-element-populated\">\n\t\t\t\t\t\t<div class=\"elementor-element elementor-element-283ba9b2 elementor-widget-divider--view-line_icon elementor-view-default elementor-widget-divider--element-align-center elementor-widget elementor-widget-divider\" data-id=\"283ba9b2\" data-element_type=\"widget\" data-widget_type=\"divider.default\">\n\t\t\t\t<div class=\"elementor-widget-container\">\n\t\t\t\t\t<div class=\"elementor-divider\">\n\t\t\t<span class=\"elementor-divider-separator\">\n\t\t\t\t\t\t\t<div class=\"elementor-icon elementor-divider__element\">\n\t\t\t\t\t<i aria-hidden=\"true\" class=\"fas fa-terminal\"><\/i><\/div>\n\t\t\t\t\t\t<\/span>\n\t\t<\/div>\n\t\t\t\t<\/div>\n\t\t\t\t<\/div>\n\t\t\t\t\t<\/div>\n\t\t<\/div>\n\t\t\t\t\t<\/div>\n\t\t<\/section>\n\t\t\t\t<\/div>","protected":false},"excerpt":{"rendered":"<p>Otomasyon End\u00fcstrisi End\u00fcstriyel otomasyon uygulamalar\u0131nda s\u00fcre\u00e7 denetimi i\u00e7in OEM Lazer i\u015faretleyiciler farkl\u0131 alanlarda kullan\u0131lmaktad\u0131r. \u00dcr\u00fcnlere Git Proses Kontrol Proses Kontrol<\/p>","protected":false},"author":1,"featured_media":0,"parent":7819,"menu_order":0,"comment_status":"closed","ping_status":"closed","template":"","meta":{"footnotes":""},"_links":{"self":[{"href":"https:\/\/o-em.com.tr\/en\/wp-json\/wp\/v2\/pages\/8234"}],"collection":[{"href":"https:\/\/o-em.com.tr\/en\/wp-json\/wp\/v2\/pages"}],"about":[{"href":"https:\/\/o-em.com.tr\/en\/wp-json\/wp\/v2\/types\/page"}],"author":[{"embeddable":true,"href":"https:\/\/o-em.com.tr\/en\/wp-json\/wp\/v2\/users\/1"}],"replies":[{"embeddable":true,"href":"https:\/\/o-em.com.tr\/en\/wp-json\/wp\/v2\/comments?post=8234"}],"version-history":[{"count":0,"href":"https:\/\/o-em.com.tr\/en\/wp-json\/wp\/v2\/pages\/8234\/revisions"}],"up":[{"embeddable":true,"href":"https:\/\/o-em.com.tr\/en\/wp-json\/wp\/v2\/pages\/7819"}],"wp:attachment":[{"href":"https:\/\/o-em.com.tr\/en\/wp-json\/wp\/v2\/media?parent=8234"}],"curies":[{"name":"wp","href":"https:\/\/api.w.org\/{rel}","templated":true}]}}