{"id":524,"date":"2020-10-22T13:37:38","date_gmt":"2020-10-22T10:37:38","guid":{"rendered":"http:\/\/oem.proje99.com\/index.php\/urun\/oem63-15lm24vp\/"},"modified":"2022-01-06T13:13:51","modified_gmt":"2022-01-06T10:13:51","slug":"oem63-15lm24vp","status":"publish","type":"product","link":"https:\/\/o-em.com.tr\/en\/product\/oem63-15lm24vp\/","title":{"rendered":"OEM63-15LM24VP"},"content":{"rendered":"<p>OEM63-15LM24VP series line positioning laser produced with red color (635nm) option offers professional solutions in medium distance industrial alignment applications within its ergonomic \u00d826mm diameter designed housing with M12 universal connector and fixed focus feature. It has 30mW optical output power and supply voltage is 12-24VDC.<br \/>\n30 mW optik \u00e7\u0131k\u0131\u015f g\u00fcc\u00fcne sahip olup, \u00e7al\u0131\u015fma gerilimi +12-24 VDC\u2019dir. A\u011fa\u00e7, do\u011falta\u015f, metal, tekstil ve end\u00fcstriyel otomasyon ba\u015fta olmak \u00fczere bir\u00e7ok end\u00fcstriyel alanda hizalama \u00e7\u00f6z\u00fcmleri sunmaktad\u0131r.&#8221;<\/p>","protected":false},"excerpt":{"rendered":"<p><strong><\/p>\n<style>.elementor-6367 .elementor-element.elementor-element-e054993{--e-image-carousel-slides-to-show:3;}.elementor-6367 .elementor-element.elementor-element-e054993 .elementor-swiper-button.elementor-swiper-button-prev, .elementor-6367 .elementor-element.elementor-element-e054993 .elementor-swiper-button.elementor-swiper-button-next{font-size:50px;}<\/style>\n<div data-elementor-type=\"wp-post\" data-elementor-id=\"6367\" class=\"elementor elementor-6367\" data-elementor-post-type=\"cms_block\">\n<section class=\"elementor-section elementor-top-section elementor-element elementor-element-b0f20cf elementor-section-boxed elementor-section-height-default elementor-section-height-default wd-section-disabled\" data-id=\"b0f20cf\" data-element_type=\"section\">\n<div class=\"elementor-container elementor-column-gap-default\">\n<div class=\"elementor-column elementor-col-100 elementor-top-column elementor-element elementor-element-72ddd0a\" data-id=\"72ddd0a\" data-element_type=\"column\">\n<div class=\"elementor-widget-wrap elementor-element-populated\">\n<div class=\"elementor-element elementor-element-e054993 elementor-arrows-position-inside elementor-widget elementor-widget-image-carousel\" data-id=\"e054993\" data-element_type=\"widget\" data-settings=\"{&quot;slides_to_show&quot;:&quot;3&quot;,&quot;navigation&quot;:&quot;arrows&quot;,&quot;image_spacing_custom&quot;:{&quot;unit&quot;:&quot;px&quot;,&quot;size&quot;:10,&quot;sizes&quot;:[]},&quot;autoplay&quot;:&quot;yes&quot;,&quot;pause_on_hover&quot;:&quot;yes&quot;,&quot;pause_on_interaction&quot;:&quot;yes&quot;,&quot;autoplay_speed&quot;:5000,&quot;infinite&quot;:&quot;yes&quot;,&quot;speed&quot;:500,&quot;image_spacing_custom_tablet&quot;:{&quot;unit&quot;:&quot;px&quot;,&quot;size&quot;:&quot;&quot;,&quot;sizes&quot;:[]},&quot;image_spacing_custom_mobile&quot;:{&quot;unit&quot;:&quot;px&quot;,&quot;size&quot;:&quot;&quot;,&quot;sizes&quot;:[]}}\" data-widget_type=\"image-carousel.default\">\n<div class=\"elementor-widget-container\">\n<div class=\"elementor-image-carousel-wrapper swiper\" dir=\"ltr\">\n<div class=\"elementor-image-carousel swiper-wrapper\" aria-live=\"off\">\n<div class=\"swiper-slide\" role=\"group\" aria-roledescription=\"slide\" aria-label=\"1 of 5\">\n<figure class=\"swiper-slide-inner\"><img decoding=\"async\" class=\"swiper-slide-image\" src=\"https:\/\/o-em.com.tr\/wp-content\/uploads\/elementor\/thumbs\/G1_1-1-piiopv6v68o7cxqdkmm74zr1zgswe54nr4tvz1rav8.jpg\" alt=\"G1_1\" \/><\/figure>\n<\/div>\n<div class=\"swiper-slide\" role=\"group\" aria-roledescription=\"slide\" aria-label=\"2 of 5\">\n<figure class=\"swiper-slide-inner\"><img decoding=\"async\" class=\"swiper-slide-image\" src=\"https:\/\/o-em.com.tr\/wp-content\/uploads\/elementor\/thumbs\/G1_3-3-scaled-piioptb6sklmppt3vlsy0084sp25yqx72vix0hu37o.jpg\" alt=\"G1_3\" \/><\/figure>\n<\/div>\n<div class=\"swiper-slide\" role=\"group\" aria-roledescription=\"slide\" aria-label=\"3 of 5\">\n<figure class=\"swiper-slide-inner\"><img decoding=\"async\" class=\"swiper-slide-image\" src=\"https:\/\/o-em.com.tr\/wp-content\/uploads\/elementor\/thumbs\/G21_2-4-scaled-piiopsdclqkce3uh13ebfigo7b6sr1tgqqvfj7vhdw.jpg\" alt=\"G21_2\" \/><\/figure>\n<\/div>\n<div class=\"swiper-slide\" role=\"group\" aria-roledescription=\"slide\" aria-label=\"4 of 5\">\n<figure class=\"swiper-slide-inner\"><img decoding=\"async\" class=\"swiper-slide-image\" src=\"https:\/\/o-em.com.tr\/wp-content\/uploads\/elementor\/thumbs\/G23_1-1-scaled-piiopsdclqkce3uh13ebfigo7b6sr1tgqqvfj7vhdw.jpg\" alt=\"G23_1\" \/><\/figure>\n<\/div>\n<div class=\"swiper-slide\" role=\"group\" aria-roledescription=\"slide\" aria-label=\"5 of 5\">\n<figure class=\"swiper-slide-inner\"><img decoding=\"async\" class=\"swiper-slide-image\" src=\"https:\/\/o-em.com.tr\/wp-content\/uploads\/elementor\/thumbs\/G23_2-2-scaled-piiopmqbgqcmgg2ny0yk0jvwmzylgv72pyyink3uf8.jpg\" alt=\"G23_2\" \/><\/figure>\n<\/div><\/div>\n<div class=\"elementor-swiper-button elementor-swiper-button-prev\" role=\"button\" tabindex=\"0\">\n\t\t\t\t\t\t<i aria-hidden=\"true\" class=\"eicon-chevron-left\"><\/i>\t\t\t\t\t<\/div>\n<div class=\"elementor-swiper-button elementor-swiper-button-next\" role=\"button\" tabindex=\"0\">\n\t\t\t\t\t\t<i aria-hidden=\"true\" class=\"eicon-chevron-right\"><\/i>\t\t\t\t\t<\/div>\n<\/p><\/div>\n<\/p><\/div>\n<\/p><\/div>\n<\/p><\/div>\n<\/p><\/div>\n<\/p><\/div>\n<\/section><\/div>\n<p>\t\t<\/strong><\/p>","protected":false},"featured_media":8681,"template":"","meta":[],"product_cat":[24,25,33,85],"product_tag":[],"_links":{"self":[{"href":"https:\/\/o-em.com.tr\/en\/wp-json\/wp\/v2\/product\/524"}],"collection":[{"href":"https:\/\/o-em.com.tr\/en\/wp-json\/wp\/v2\/product"}],"about":[{"href":"https:\/\/o-em.com.tr\/en\/wp-json\/wp\/v2\/types\/product"}],"version-history":[{"count":1,"href":"https:\/\/o-em.com.tr\/en\/wp-json\/wp\/v2\/product\/524\/revisions"}],"predecessor-version":[{"id":8685,"href":"https:\/\/o-em.com.tr\/en\/wp-json\/wp\/v2\/product\/524\/revisions\/8685"}],"wp:featuredmedia":[{"embeddable":true,"href":"https:\/\/o-em.com.tr\/en\/wp-json\/wp\/v2\/media\/8681"}],"wp:attachment":[{"href":"https:\/\/o-em.com.tr\/en\/wp-json\/wp\/v2\/media?parent=524"}],"wp:term":[{"taxonomy":"product_cat","embeddable":true,"href":"https:\/\/o-em.com.tr\/en\/wp-json\/wp\/v2\/product_cat?post=524"},{"taxonomy":"product_tag","embeddable":true,"href":"https:\/\/o-em.com.tr\/en\/wp-json\/wp\/v2\/product_tag?post=524"}],"curies":[{"name":"wp","href":"https:\/\/api.w.org\/{rel}","templated":true}]}}