{"id":598,"date":"2020-10-22T13:38:36","date_gmt":"2020-10-22T10:38:36","guid":{"rendered":"http:\/\/oem.proje99.com\/index.php\/urun\/oem63-05dxs24vc-f\/"},"modified":"2024-01-11T14:57:08","modified_gmt":"2024-01-11T11:57:08","slug":"oem63-05dxs24vc-f","status":"publish","type":"product","link":"https:\/\/o-em.com.tr\/en\/product\/oem63-05dxs24vc-f\/","title":{"rendered":"OEM63-05DXS24VC-F"},"content":{"rendered":"<p>OEM63-05DXS24VC-F series dot positioning laser produced with red color (635nm) option offers professional solutions in industrial alignment applications within its \u00d811mm diameter designed housing and adjustable focus feature. It has 5mW optical output power and supply voltage is 12-24VDC. It is used in many industrial fields such as textile, natural stone, metal and industrial automation applications.<br \/>\n5 mW optik \u00e7\u0131k\u0131\u015f g\u00fcc\u00fcne sahip olup, \u00e7al\u0131\u015fma gerilimi 12-24 VDC\u2019dir. Tekstil, do\u011falta\u015f, metal, end\u00fcstriyel otomasyon ve savunma sanayi uygulamalar\u0131 ba\u015fta olmak \u00fczere bir\u00e7ok end\u00fcstriyel alanda hizalama \u00e7\u00f6z\u00fcmleri sunmaktad\u0131r.<\/p>","protected":false},"excerpt":{"rendered":"<style>.elementor-6340 .elementor-element.elementor-element-d98daa8{--e-image-carousel-slides-to-show:3;}.elementor-6340 .elementor-element.elementor-element-d98daa8 .elementor-swiper-button.elementor-swiper-button-prev, .elementor-6340 .elementor-element.elementor-element-d98daa8 .elementor-swiper-button.elementor-swiper-button-next{font-size:50px;}<\/style>\n<div data-elementor-type=\"wp-post\" data-elementor-id=\"6340\" class=\"elementor elementor-6340\" data-elementor-post-type=\"cms_block\">\n<section class=\"elementor-section elementor-top-section elementor-element elementor-element-89a7705 elementor-section-boxed elementor-section-height-default elementor-section-height-default wd-section-disabled\" data-id=\"89a7705\" data-element_type=\"section\">\n<div class=\"elementor-container elementor-column-gap-default\">\n<div class=\"elementor-column elementor-col-100 elementor-top-column elementor-element elementor-element-fb7121b\" data-id=\"fb7121b\" data-element_type=\"column\">\n<div class=\"elementor-widget-wrap elementor-element-populated\">\n<div class=\"elementor-element elementor-element-d98daa8 elementor-arrows-position-inside elementor-widget elementor-widget-image-carousel\" data-id=\"d98daa8\" data-element_type=\"widget\" data-settings=\"{&quot;slides_to_show&quot;:&quot;3&quot;,&quot;navigation&quot;:&quot;arrows&quot;,&quot;image_spacing_custom&quot;:{&quot;unit&quot;:&quot;px&quot;,&quot;size&quot;:10,&quot;sizes&quot;:[]},&quot;autoplay&quot;:&quot;yes&quot;,&quot;pause_on_hover&quot;:&quot;yes&quot;,&quot;pause_on_interaction&quot;:&quot;yes&quot;,&quot;autoplay_speed&quot;:5000,&quot;infinite&quot;:&quot;yes&quot;,&quot;speed&quot;:500,&quot;image_spacing_custom_tablet&quot;:{&quot;unit&quot;:&quot;px&quot;,&quot;size&quot;:&quot;&quot;,&quot;sizes&quot;:[]},&quot;image_spacing_custom_mobile&quot;:{&quot;unit&quot;:&quot;px&quot;,&quot;size&quot;:&quot;&quot;,&quot;sizes&quot;:[]}}\" data-widget_type=\"image-carousel.default\">\n<div class=\"elementor-widget-container\">\n<div class=\"elementor-image-carousel-wrapper swiper\" dir=\"ltr\">\n<div class=\"elementor-image-carousel swiper-wrapper\" aria-live=\"off\">\n<div class=\"swiper-slide\" role=\"group\" aria-roledescription=\"slide\" aria-label=\"1 of 3\">\n<figure class=\"swiper-slide-inner\"><img decoding=\"async\" class=\"swiper-slide-image\" src=\"https:\/\/o-em.com.tr\/wp-content\/uploads\/elementor\/thumbs\/G7_3-pe2xe4xgarxtnm40w3w1xrlb0gpgshzu00qtmhho04.jpg\" alt=\"G7_3\" \/><\/figure>\n<\/div>\n<div class=\"swiper-slide\" role=\"group\" aria-roledescription=\"slide\" aria-label=\"2 of 3\">\n<figure class=\"swiper-slide-inner\"><img decoding=\"async\" class=\"swiper-slide-image\" src=\"https:\/\/o-em.com.tr\/wp-content\/uploads\/elementor\/thumbs\/G7_1-pe2xdyckyxotecdkyj1nyb92urlwam9pn46f9jrf7o.jpg\" alt=\"G7_1\" \/><\/figure>\n<\/div>\n<div class=\"swiper-slide\" role=\"group\" aria-roledescription=\"slide\" aria-label=\"3 of 3\">\n<figure class=\"swiper-slide-inner\"><img decoding=\"async\" class=\"swiper-slide-image\" src=\"https:\/\/o-em.com.tr\/wp-content\/uploads\/elementor\/thumbs\/G3_2-pe2xdqtvg9eitgoi6fsned5e3omyl1fuy2yjfc2klg.jpg\" alt=\"G3_2\" \/><\/figure>\n<\/div><\/div>\n<div class=\"elementor-swiper-button elementor-swiper-button-prev\" role=\"button\" tabindex=\"0\">\n\t\t\t\t\t\t<i aria-hidden=\"true\" class=\"eicon-chevron-left\"><\/i>\t\t\t\t\t<\/div>\n<div class=\"elementor-swiper-button elementor-swiper-button-next\" role=\"button\" tabindex=\"0\">\n\t\t\t\t\t\t<i aria-hidden=\"true\" class=\"eicon-chevron-right\"><\/i>\t\t\t\t\t<\/div>\n<\/p><\/div>\n<\/p><\/div>\n<\/p><\/div>\n<\/p><\/div>\n<\/p><\/div>\n<\/p><\/div>\n<\/section><\/div>","protected":false},"featured_media":6334,"template":"","meta":[],"product_cat":[24,25,98,99],"product_tag":[],"_links":{"self":[{"href":"https:\/\/o-em.com.tr\/en\/wp-json\/wp\/v2\/product\/598"}],"collection":[{"href":"https:\/\/o-em.com.tr\/en\/wp-json\/wp\/v2\/product"}],"about":[{"href":"https:\/\/o-em.com.tr\/en\/wp-json\/wp\/v2\/types\/product"}],"version-history":[{"count":2,"href":"https:\/\/o-em.com.tr\/en\/wp-json\/wp\/v2\/product\/598\/revisions"}],"predecessor-version":[{"id":8854,"href":"https:\/\/o-em.com.tr\/en\/wp-json\/wp\/v2\/product\/598\/revisions\/8854"}],"wp:featuredmedia":[{"embeddable":true,"href":"https:\/\/o-em.com.tr\/en\/wp-json\/wp\/v2\/media\/6334"}],"wp:attachment":[{"href":"https:\/\/o-em.com.tr\/en\/wp-json\/wp\/v2\/media?parent=598"}],"wp:term":[{"taxonomy":"product_cat","embeddable":true,"href":"https:\/\/o-em.com.tr\/en\/wp-json\/wp\/v2\/product_cat?post=598"},{"taxonomy":"product_tag","embeddable":true,"href":"https:\/\/o-em.com.tr\/en\/wp-json\/wp\/v2\/product_tag?post=598"}],"curies":[{"name":"wp","href":"https:\/\/api.w.org\/{rel}","templated":true}]}}