{"id":616,"date":"2020-10-22T13:38:42","date_gmt":"2020-10-22T10:38:42","guid":{"rendered":"http:\/\/oem.proje99.com\/index.php\/urun\/oem65-01dxs5vc-f\/"},"modified":"2024-10-04T10:21:57","modified_gmt":"2024-10-04T07:21:57","slug":"oem65-01dxs5vc-f","status":"publish","type":"product","link":"https:\/\/o-em.com.tr\/en\/product\/oem65-01dxs5vc-f\/","title":{"rendered":"OEM65-01DXS5VC-F"},"content":{"rendered":"<p>K\u0131rm\u0131z\u0131 renk (650nm) se\u00e7ene\u011fi ile \u00fcretilen OEM-DXS serisi nokta lazer i\u015faretleyici \u00d88mm \u00e7ap\u0131nda minimal tasar\u0131m\u0131 ve ayarlanabilir fokus \u00f6zelli\u011fi ile end\u00fcstriyel hizalama uygulamalar\u0131nda profesyonel \u00e7\u00f6z\u00fcmler sunuyor.<br \/>\nIt has 1mW optical output power and supply voltage is +5VDC. It is used in many industrial fields such as textile, natural stone, metal and industrial automation applications.<\/p>","protected":false},"excerpt":{"rendered":"<style>.elementor-6340 .elementor-element.elementor-element-d98daa8{--e-image-carousel-slides-to-show:3;}.elementor-6340 .elementor-element.elementor-element-d98daa8 .elementor-swiper-button.elementor-swiper-button-prev, .elementor-6340 .elementor-element.elementor-element-d98daa8 .elementor-swiper-button.elementor-swiper-button-next{font-size:50px;}<\/style>\n<div data-elementor-type=\"wp-post\" data-elementor-id=\"6340\" class=\"elementor elementor-6340\" data-elementor-post-type=\"cms_block\">\n<section class=\"elementor-section elementor-top-section elementor-element elementor-element-89a7705 elementor-section-boxed elementor-section-height-default elementor-section-height-default wd-section-disabled\" data-id=\"89a7705\" data-element_type=\"section\">\n<div class=\"elementor-container elementor-column-gap-default\">\n<div class=\"elementor-column elementor-col-100 elementor-top-column elementor-element elementor-element-fb7121b\" data-id=\"fb7121b\" data-element_type=\"column\">\n<div class=\"elementor-widget-wrap elementor-element-populated\">\n<div class=\"elementor-element elementor-element-d98daa8 elementor-arrows-position-inside elementor-widget elementor-widget-image-carousel\" data-id=\"d98daa8\" data-element_type=\"widget\" data-settings=\"{&quot;slides_to_show&quot;:&quot;3&quot;,&quot;navigation&quot;:&quot;arrows&quot;,&quot;image_spacing_custom&quot;:{&quot;unit&quot;:&quot;px&quot;,&quot;size&quot;:10,&quot;sizes&quot;:[]},&quot;autoplay&quot;:&quot;yes&quot;,&quot;pause_on_hover&quot;:&quot;yes&quot;,&quot;pause_on_interaction&quot;:&quot;yes&quot;,&quot;autoplay_speed&quot;:5000,&quot;infinite&quot;:&quot;yes&quot;,&quot;speed&quot;:500,&quot;image_spacing_custom_tablet&quot;:{&quot;unit&quot;:&quot;px&quot;,&quot;size&quot;:&quot;&quot;,&quot;sizes&quot;:[]},&quot;image_spacing_custom_mobile&quot;:{&quot;unit&quot;:&quot;px&quot;,&quot;size&quot;:&quot;&quot;,&quot;sizes&quot;:[]}}\" data-widget_type=\"image-carousel.default\">\n<div class=\"elementor-widget-container\">\n<div class=\"elementor-image-carousel-wrapper swiper\" dir=\"ltr\">\n<div class=\"elementor-image-carousel swiper-wrapper\" aria-live=\"off\">\n<div class=\"swiper-slide\" role=\"group\" aria-roledescription=\"slide\" aria-label=\"1 of 3\">\n<figure class=\"swiper-slide-inner\"><img decoding=\"async\" class=\"swiper-slide-image\" src=\"https:\/\/o-em.com.tr\/wp-content\/uploads\/elementor\/thumbs\/G7_3-pe2xe4xgarxtnm40w3w1xrlb0gpgshzu00qtmhho04.jpg\" alt=\"G7_3\" \/><\/figure>\n<\/div>\n<div class=\"swiper-slide\" role=\"group\" aria-roledescription=\"slide\" aria-label=\"2 of 3\">\n<figure class=\"swiper-slide-inner\"><img decoding=\"async\" class=\"swiper-slide-image\" src=\"https:\/\/o-em.com.tr\/wp-content\/uploads\/elementor\/thumbs\/G7_1-pe2xdyckyxotecdkyj1nyb92urlwam9pn46f9jrf7o.jpg\" alt=\"G7_1\" \/><\/figure>\n<\/div>\n<div class=\"swiper-slide\" role=\"group\" aria-roledescription=\"slide\" aria-label=\"3 of 3\">\n<figure class=\"swiper-slide-inner\"><img decoding=\"async\" class=\"swiper-slide-image\" src=\"https:\/\/o-em.com.tr\/wp-content\/uploads\/elementor\/thumbs\/G3_2-pe2xdqtvg9eitgoi6fsned5e3omyl1fuy2yjfc2klg.jpg\" alt=\"G3_2\" \/><\/figure>\n<\/div><\/div>\n<div class=\"elementor-swiper-button elementor-swiper-button-prev\" role=\"button\" tabindex=\"0\">\n\t\t\t\t\t\t<i aria-hidden=\"true\" class=\"eicon-chevron-left\"><\/i>\t\t\t\t\t<\/div>\n<div class=\"elementor-swiper-button elementor-swiper-button-next\" role=\"button\" tabindex=\"0\">\n\t\t\t\t\t\t<i aria-hidden=\"true\" class=\"eicon-chevron-right\"><\/i>\t\t\t\t\t<\/div>\n<\/p><\/div>\n<\/p><\/div>\n<\/p><\/div>\n<\/p><\/div>\n<\/p><\/div>\n<\/p><\/div>\n<\/section><\/div>","protected":false},"featured_media":6345,"template":"","meta":[],"product_cat":[24,25,98,99,116],"product_tag":[],"_links":{"self":[{"href":"https:\/\/o-em.com.tr\/en\/wp-json\/wp\/v2\/product\/616"}],"collection":[{"href":"https:\/\/o-em.com.tr\/en\/wp-json\/wp\/v2\/product"}],"about":[{"href":"https:\/\/o-em.com.tr\/en\/wp-json\/wp\/v2\/types\/product"}],"version-history":[{"count":1,"href":"https:\/\/o-em.com.tr\/en\/wp-json\/wp\/v2\/product\/616\/revisions"}],"predecessor-version":[{"id":8886,"href":"https:\/\/o-em.com.tr\/en\/wp-json\/wp\/v2\/product\/616\/revisions\/8886"}],"wp:featuredmedia":[{"embeddable":true,"href":"https:\/\/o-em.com.tr\/en\/wp-json\/wp\/v2\/media\/6345"}],"wp:attachment":[{"href":"https:\/\/o-em.com.tr\/en\/wp-json\/wp\/v2\/media?parent=616"}],"wp:term":[{"taxonomy":"product_cat","embeddable":true,"href":"https:\/\/o-em.com.tr\/en\/wp-json\/wp\/v2\/product_cat?post=616"},{"taxonomy":"product_tag","embeddable":true,"href":"https:\/\/o-em.com.tr\/en\/wp-json\/wp\/v2\/product_tag?post=616"}],"curies":[{"name":"wp","href":"https:\/\/api.w.org\/{rel}","templated":true}]}}