{"id":622,"date":"2020-10-22T13:39:15","date_gmt":"2020-10-22T10:39:15","guid":{"rendered":"http:\/\/oem.proje99.com\/index.php\/urun\/oem65-50rs3vc-f\/"},"modified":"2021-12-30T17:19:00","modified_gmt":"2021-12-30T14:19:00","slug":"oem65-50rs3vc-f","status":"publish","type":"product","link":"https:\/\/o-em.com.tr\/en\/product\/oem65-50rs3vc-f\/","title":{"rendered":"OEM65-50RS3VC-F"},"content":{"rendered":"<p>&#8220;K\u0131rm\u0131z\u0131 renk (650nm) se\u00e7ene\u011fi ile \u00fcretilen OEM65-50RS3VC-F\u00a0 serisi \u00e7ember lazer i\u015faretleyici \u00d816mm \u00e7ap\u0131nda ergonomik tasar\u0131m\u0131, ayarlanabilir fokus \u00f6zelli\u011fi ile orta ve uzun mesafeli end\u00fcstriyel hizalama uygulamalar\u0131nda profesyonel \u00e7\u00f6z\u00fcmler sunuyor.<br \/>\nIt is used in many industrial fields such as wood, textile and industrial automation.<\/p>","protected":false},"excerpt":{"rendered":"<style>.elementor-6920 .elementor-element.elementor-element-0a1ddf5{--e-image-carousel-slides-to-show:3;}.elementor-6920 .elementor-element.elementor-element-0a1ddf5 .elementor-swiper-button.elementor-swiper-button-prev, .elementor-6920 .elementor-element.elementor-element-0a1ddf5 .elementor-swiper-button.elementor-swiper-button-next{font-size:50px;}<\/style>\n<div data-elementor-type=\"wp-post\" data-elementor-id=\"6920\" class=\"elementor elementor-6920\" data-elementor-post-type=\"cms_block\">\n<section class=\"elementor-section elementor-top-section elementor-element elementor-element-9007831 elementor-section-boxed elementor-section-height-default elementor-section-height-default wd-section-disabled\" data-id=\"9007831\" data-element_type=\"section\">\n<div class=\"elementor-container elementor-column-gap-default\">\n<div class=\"elementor-column elementor-col-100 elementor-top-column elementor-element elementor-element-5e81a61\" data-id=\"5e81a61\" data-element_type=\"column\">\n<div class=\"elementor-widget-wrap elementor-element-populated\">\n<div class=\"elementor-element elementor-element-0a1ddf5 elementor-arrows-position-inside elementor-widget elementor-widget-image-carousel\" data-id=\"0a1ddf5\" data-element_type=\"widget\" data-settings=\"{&quot;slides_to_show&quot;:&quot;3&quot;,&quot;navigation&quot;:&quot;arrows&quot;,&quot;image_spacing_custom&quot;:{&quot;unit&quot;:&quot;px&quot;,&quot;size&quot;:10,&quot;sizes&quot;:[]},&quot;autoplay&quot;:&quot;yes&quot;,&quot;pause_on_hover&quot;:&quot;yes&quot;,&quot;pause_on_interaction&quot;:&quot;yes&quot;,&quot;autoplay_speed&quot;:5000,&quot;infinite&quot;:&quot;yes&quot;,&quot;speed&quot;:500,&quot;image_spacing_custom_tablet&quot;:{&quot;unit&quot;:&quot;px&quot;,&quot;size&quot;:&quot;&quot;,&quot;sizes&quot;:[]},&quot;image_spacing_custom_mobile&quot;:{&quot;unit&quot;:&quot;px&quot;,&quot;size&quot;:&quot;&quot;,&quot;sizes&quot;:[]}}\" data-widget_type=\"image-carousel.default\">\n<div class=\"elementor-widget-container\">\n<div class=\"elementor-image-carousel-wrapper swiper\" dir=\"ltr\">\n<div class=\"elementor-image-carousel swiper-wrapper\" aria-live=\"off\">\n<div class=\"swiper-slide\" role=\"group\" aria-roledescription=\"slide\" aria-label=\"1 of 3\">\n<figure class=\"swiper-slide-inner\"><img decoding=\"async\" class=\"swiper-slide-image\" src=\"https:\/\/o-em.com.tr\/wp-content\/uploads\/elementor\/thumbs\/RS-UYGULAMA-01-pm8mbl1kb5hdqseum1v7srdnnwbnrbmzh2lswicfr8.jpg\" alt=\"RS-UYGULAMA-01\" \/><\/figure>\n<\/div>\n<div class=\"swiper-slide\" role=\"group\" aria-roledescription=\"slide\" aria-label=\"2 of 3\">\n<figure class=\"swiper-slide-inner\"><img decoding=\"async\" class=\"swiper-slide-image\" src=\"https:\/\/o-em.com.tr\/wp-content\/uploads\/elementor\/thumbs\/RS-UYGULAMA-02-pm8mbqolg5p3og6np4az7pyf87jv1i9dhuips642pw.jpg\" alt=\"RS-UYGULAMA-02\" \/><\/figure>\n<\/div>\n<div class=\"swiper-slide\" role=\"group\" aria-roledescription=\"slide\" aria-label=\"3 of 3\">\n<figure class=\"swiper-slide-inner\"><img decoding=\"async\" class=\"swiper-slide-image\" src=\"https:\/\/o-em.com.tr\/wp-content\/uploads\/elementor\/thumbs\/RS-UYGULAMA-03-pm8mbl1kb5hdqseum1v7srdnnwbnrbmzh2lswicfr8.jpg\" alt=\"RS-UYGULAMA-03\" \/><\/figure>\n<\/div><\/div>\n<div class=\"elementor-swiper-button elementor-swiper-button-prev\" role=\"button\" tabindex=\"0\">\n\t\t\t\t\t\t<i aria-hidden=\"true\" class=\"eicon-chevron-left\"><\/i>\t\t\t\t\t<\/div>\n<div class=\"elementor-swiper-button elementor-swiper-button-next\" role=\"button\" tabindex=\"0\">\n\t\t\t\t\t\t<i aria-hidden=\"true\" class=\"eicon-chevron-right\"><\/i>\t\t\t\t\t<\/div>\n<\/p><\/div>\n<\/p><\/div>\n<\/p><\/div>\n<\/p><\/div>\n<\/p><\/div>\n<\/p><\/div>\n<\/section><\/div>","protected":false},"featured_media":623,"template":"","meta":[],"product_cat":[24,25,111,112],"product_tag":[],"_links":{"self":[{"href":"https:\/\/o-em.com.tr\/en\/wp-json\/wp\/v2\/product\/622"}],"collection":[{"href":"https:\/\/o-em.com.tr\/en\/wp-json\/wp\/v2\/product"}],"about":[{"href":"https:\/\/o-em.com.tr\/en\/wp-json\/wp\/v2\/types\/product"}],"version-history":[{"count":0,"href":"https:\/\/o-em.com.tr\/en\/wp-json\/wp\/v2\/product\/622\/revisions"}],"wp:featuredmedia":[{"embeddable":true,"href":"https:\/\/o-em.com.tr\/en\/wp-json\/wp\/v2\/media\/623"}],"wp:attachment":[{"href":"https:\/\/o-em.com.tr\/en\/wp-json\/wp\/v2\/media?parent=622"}],"wp:term":[{"taxonomy":"product_cat","embeddable":true,"href":"https:\/\/o-em.com.tr\/en\/wp-json\/wp\/v2\/product_cat?post=622"},{"taxonomy":"product_tag","embeddable":true,"href":"https:\/\/o-em.com.tr\/en\/wp-json\/wp\/v2\/product_tag?post=622"}],"curies":[{"name":"wp","href":"https:\/\/api.w.org\/{rel}","templated":true}]}}