{"id":638,"date":"2020-10-22T13:39:21","date_gmt":"2020-10-22T10:39:21","guid":{"rendered":"http:\/\/oem.proje99.com\/index.php\/urun\/oem-h12-12\/"},"modified":"2021-12-28T19:49:59","modified_gmt":"2021-12-28T16:49:59","slug":"oem-h12-12","status":"publish","type":"product","link":"https:\/\/o-em.com.tr\/en\/product\/oem-h12-12\/","title":{"rendered":"OEM-H12-12"},"content":{"rendered":"<p>Line can move horizontally and vertically.  Mountable on \u00d812mm laser devices and \u00d812mm shaft.<\/p>\n<p><strong>Compatible Devices<\/strong> OEM-DXS, OEM-CXS, OEM-LXS<\/p>","protected":false},"excerpt":{"rendered":"<p>Yatay ve dikey eksende \u00e7izgi ayarlanabilir. \u00d812mm \u00e7ap\u0131ndaki lazerler i\u00e7in uygundur. Montaj mili \u00e7ap\u0131: \u00d812mm. Uyumlu Cihazlar: OEM-DXS, OEM-CXS, OEM-LXS<\/p>","protected":false},"featured_media":6980,"template":"","meta":[],"product_cat":[24,25,116,117],"product_tag":[],"_links":{"self":[{"href":"https:\/\/o-em.com.tr\/en\/wp-json\/wp\/v2\/product\/638"}],"collection":[{"href":"https:\/\/o-em.com.tr\/en\/wp-json\/wp\/v2\/product"}],"about":[{"href":"https:\/\/o-em.com.tr\/en\/wp-json\/wp\/v2\/types\/product"}],"version-history":[{"count":0,"href":"https:\/\/o-em.com.tr\/en\/wp-json\/wp\/v2\/product\/638\/revisions"}],"wp:featuredmedia":[{"embeddable":true,"href":"https:\/\/o-em.com.tr\/en\/wp-json\/wp\/v2\/media\/6980"}],"wp:attachment":[{"href":"https:\/\/o-em.com.tr\/en\/wp-json\/wp\/v2\/media?parent=638"}],"wp:term":[{"taxonomy":"product_cat","embeddable":true,"href":"https:\/\/o-em.com.tr\/en\/wp-json\/wp\/v2\/product_cat?post=638"},{"taxonomy":"product_tag","embeddable":true,"href":"https:\/\/o-em.com.tr\/en\/wp-json\/wp\/v2\/product_tag?post=638"}],"curies":[{"name":"wp","href":"https:\/\/api.w.org\/{rel}","templated":true}]}}