{"id":640,"date":"2020-10-22T13:39:22","date_gmt":"2020-10-22T10:39:22","guid":{"rendered":"http:\/\/oem.proje99.com\/index.php\/urun\/oem-t12\/"},"modified":"2021-12-28T21:57:51","modified_gmt":"2021-12-28T18:57:51","slug":"oem-t12","status":"publish","type":"product","link":"https:\/\/o-em.com.tr\/en\/product\/oem-t12\/","title":{"rendered":"OEM-T12"},"content":{"rendered":"<p>Line can move horizontally and vertically. Magnetic based housing. Mountable on \u00d812mm laser devices<\/p>\n<p><strong>Compatible Devices<\/strong> OEM-DXS, OEM-CXS, OEM-LXS<\/p>","protected":false},"excerpt":{"rendered":"<p>Yatay ve dikey eksende \u00e7izgi ayarlanabilir. M\u0131knat\u0131s tabanl\u0131d\u0131r. \u00d812mm \u00e7ap\u0131ndaki lazerler i\u00e7in uygundur. Uyumlu Cihazlar: OEM-DXS, OEM-CXS, OEM-LXS<\/p>","protected":false},"featured_media":7001,"template":"","meta":[],"product_cat":[24,25,116,117],"product_tag":[],"_links":{"self":[{"href":"https:\/\/o-em.com.tr\/en\/wp-json\/wp\/v2\/product\/640"}],"collection":[{"href":"https:\/\/o-em.com.tr\/en\/wp-json\/wp\/v2\/product"}],"about":[{"href":"https:\/\/o-em.com.tr\/en\/wp-json\/wp\/v2\/types\/product"}],"version-history":[{"count":0,"href":"https:\/\/o-em.com.tr\/en\/wp-json\/wp\/v2\/product\/640\/revisions"}],"wp:featuredmedia":[{"embeddable":true,"href":"https:\/\/o-em.com.tr\/en\/wp-json\/wp\/v2\/media\/7001"}],"wp:attachment":[{"href":"https:\/\/o-em.com.tr\/en\/wp-json\/wp\/v2\/media?parent=640"}],"wp:term":[{"taxonomy":"product_cat","embeddable":true,"href":"https:\/\/o-em.com.tr\/en\/wp-json\/wp\/v2\/product_cat?post=640"},{"taxonomy":"product_tag","embeddable":true,"href":"https:\/\/o-em.com.tr\/en\/wp-json\/wp\/v2\/product_tag?post=640"}],"curies":[{"name":"wp","href":"https:\/\/api.w.org\/{rel}","templated":true}]}}