{"id":6477,"date":"2021-11-08T18:31:13","date_gmt":"2021-11-08T15:31:13","guid":{"rendered":"http:\/\/oem.proje99.com\/?post_type=product&#038;p=6477"},"modified":"2021-12-31T00:53:27","modified_gmt":"2021-12-30T21:53:27","slug":"oem52-50lxm24vc-f","status":"publish","type":"product","link":"https:\/\/o-em.com.tr\/en\/product\/oem52-50lxm24vc-f\/","title":{"rendered":"OEM52-50LXM24VC-F"},"content":{"rendered":"<p>Ye\u015fil renk (520nm) se\u00e7ene\u011fi ile \u00fcretilen OEM-LXM serisi \u00e7izgi lazer i\u015faretleyici \u00d820mm \u00e7ap\u0131nda ergonomik tasar\u0131m\u0131, ayarlanabilir fokus \u00f6zelli\u011fi ile uzun mesafeli end\u00fcstriyel hizalama uygulamalar\u0131nda profesyonel \u00e7\u00f6z\u00fcmler sunuyor.<br \/>\n50 mW optik \u00e7\u0131k\u0131\u015f g\u00fcc\u00fcne sahip olup, \u00e7al\u0131\u015fma gerilimi 12-24 VDC\u2019dir. A\u011fa\u00e7, do\u011falta\u015f, metal, tekstil ve end\u00fcstriyel otomasyon ba\u015fta olmak \u00fczere bir\u00e7ok end\u00fcstriyel alanda hizalama \u00e7\u00f6z\u00fcmleri sunmaktad\u0131r.<\/p>","protected":false},"excerpt":{"rendered":"<style>.elementor-6407 .elementor-element.elementor-element-e054993{--e-image-carousel-slides-to-show:3;}.elementor-6407 .elementor-element.elementor-element-e054993 .elementor-swiper-button.elementor-swiper-button-prev, .elementor-6407 .elementor-element.elementor-element-e054993 .elementor-swiper-button.elementor-swiper-button-next{font-size:50px;}<\/style>\n<div data-elementor-type=\"wp-post\" data-elementor-id=\"6407\" class=\"elementor elementor-6407\" data-elementor-post-type=\"cms_block\">\n<section class=\"elementor-section elementor-top-section elementor-element elementor-element-b0f20cf elementor-section-boxed elementor-section-height-default elementor-section-height-default wd-section-disabled\" data-id=\"b0f20cf\" data-element_type=\"section\">\n<div class=\"elementor-container elementor-column-gap-default\">\n<div class=\"elementor-column elementor-col-100 elementor-top-column elementor-element elementor-element-72ddd0a\" data-id=\"72ddd0a\" data-element_type=\"column\">\n<div class=\"elementor-widget-wrap elementor-element-populated\">\n<div class=\"elementor-element elementor-element-e054993 elementor-arrows-position-inside elementor-widget elementor-widget-image-carousel\" data-id=\"e054993\" data-element_type=\"widget\" data-settings=\"{&quot;slides_to_show&quot;:&quot;3&quot;,&quot;navigation&quot;:&quot;arrows&quot;,&quot;image_spacing_custom&quot;:{&quot;unit&quot;:&quot;px&quot;,&quot;size&quot;:10,&quot;sizes&quot;:[]},&quot;autoplay&quot;:&quot;yes&quot;,&quot;pause_on_hover&quot;:&quot;yes&quot;,&quot;pause_on_interaction&quot;:&quot;yes&quot;,&quot;autoplay_speed&quot;:5000,&quot;infinite&quot;:&quot;yes&quot;,&quot;speed&quot;:500,&quot;image_spacing_custom_tablet&quot;:{&quot;unit&quot;:&quot;px&quot;,&quot;size&quot;:&quot;&quot;,&quot;sizes&quot;:[]},&quot;image_spacing_custom_mobile&quot;:{&quot;unit&quot;:&quot;px&quot;,&quot;size&quot;:&quot;&quot;,&quot;sizes&quot;:[]}}\" data-widget_type=\"image-carousel.default\">\n<div class=\"elementor-widget-container\">\n<div class=\"elementor-image-carousel-wrapper swiper\" dir=\"ltr\">\n<div class=\"elementor-image-carousel swiper-wrapper\" aria-live=\"off\">\n<div class=\"swiper-slide\" role=\"group\" aria-roledescription=\"slide\" aria-label=\"1 of 4\">\n<figure class=\"swiper-slide-inner\"><img decoding=\"async\" class=\"swiper-slide-image\" src=\"https:\/\/o-em.com.tr\/wp-content\/uploads\/elementor\/thumbs\/G9_1-1-pl1dkz68eldlzjfd2tr2if0v4d7azxddbx3c17a0n8.jpg\" alt=\"G9_1\" \/><\/figure>\n<\/div>\n<div class=\"swiper-slide\" role=\"group\" aria-roledescription=\"slide\" aria-label=\"2 of 4\">\n<figure class=\"swiper-slide-inner\"><img decoding=\"async\" class=\"swiper-slide-image\" src=\"https:\/\/o-em.com.tr\/wp-content\/uploads\/elementor\/thumbs\/G9_2-1-pl1dkz68eldlzjfd2tr2if0v4d7azxddbx3c17a0n8.jpeg\" alt=\"G9_2\" \/><\/figure>\n<\/div>\n<div class=\"swiper-slide\" role=\"group\" aria-roledescription=\"slide\" aria-label=\"3 of 4\">\n<figure class=\"swiper-slide-inner\"><img decoding=\"async\" class=\"swiper-slide-image\" src=\"https:\/\/o-em.com.tr\/wp-content\/uploads\/elementor\/thumbs\/G13_1-1-pl1dkvevn98gp3ktos4k8fz0qtpu54yfzehe43flc4.jpg\" alt=\"G13_1\" \/><\/figure>\n<\/div>\n<div class=\"swiper-slide\" role=\"group\" aria-roledescription=\"slide\" aria-label=\"4 of 4\">\n<figure class=\"swiper-slide-inner\"><img decoding=\"async\" class=\"swiper-slide-image\" src=\"https:\/\/o-em.com.tr\/wp-content\/uploads\/elementor\/thumbs\/G17_1-1-pl1dksld2r4lq9ox58woiyomyo3qi1n8z0ixo9jrus.jpg\" alt=\"G17_1\" \/><\/figure>\n<\/div><\/div>\n<div class=\"elementor-swiper-button elementor-swiper-button-prev\" role=\"button\" tabindex=\"0\">\n\t\t\t\t\t\t<i aria-hidden=\"true\" class=\"eicon-chevron-left\"><\/i>\t\t\t\t\t<\/div>\n<div class=\"elementor-swiper-button elementor-swiper-button-next\" role=\"button\" tabindex=\"0\">\n\t\t\t\t\t\t<i aria-hidden=\"true\" class=\"eicon-chevron-right\"><\/i>\t\t\t\t\t<\/div>\n<\/p><\/div>\n<\/p><\/div>\n<\/p><\/div>\n<\/p><\/div>\n<\/p><\/div>\n<\/p><\/div>\n<\/section><\/div>","protected":false},"featured_media":7041,"template":"","meta":[],"product_cat":[24,25,33,75],"product_tag":[],"_links":{"self":[{"href":"https:\/\/o-em.com.tr\/en\/wp-json\/wp\/v2\/product\/6477"}],"collection":[{"href":"https:\/\/o-em.com.tr\/en\/wp-json\/wp\/v2\/product"}],"about":[{"href":"https:\/\/o-em.com.tr\/en\/wp-json\/wp\/v2\/types\/product"}],"version-history":[{"count":0,"href":"https:\/\/o-em.com.tr\/en\/wp-json\/wp\/v2\/product\/6477\/revisions"}],"wp:featuredmedia":[{"embeddable":true,"href":"https:\/\/o-em.com.tr\/en\/wp-json\/wp\/v2\/media\/7041"}],"wp:attachment":[{"href":"https:\/\/o-em.com.tr\/en\/wp-json\/wp\/v2\/media?parent=6477"}],"wp:term":[{"taxonomy":"product_cat","embeddable":true,"href":"https:\/\/o-em.com.tr\/en\/wp-json\/wp\/v2\/product_cat?post=6477"},{"taxonomy":"product_tag","embeddable":true,"href":"https:\/\/o-em.com.tr\/en\/wp-json\/wp\/v2\/product_tag?post=6477"}],"curies":[{"name":"wp","href":"https:\/\/api.w.org\/{rel}","templated":true}]}}