{"id":6551,"date":"2021-11-09T10:29:06","date_gmt":"2021-11-09T07:29:06","guid":{"rendered":"http:\/\/oem.proje99.com\/?post_type=product&#038;p=6551"},"modified":"2021-12-30T17:40:45","modified_gmt":"2021-12-30T14:40:45","slug":"oem-1l-3o-1","status":"publish","type":"product","link":"https:\/\/o-em.com.tr\/en\/product\/oem-1l-3o-1\/","title":{"rendered":"OEM-1l-3O"},"content":{"rendered":"<p>Teksas konnekt\u00f6rl\u00fc DC Soketli, 1 giri\u015f (erkek) ve 3 \u00e7\u0131k\u0131\u015fl\u0131 (di\u015fi) \u00e7oklay\u0131c\u0131 kablo. 3x30cm kablo uzunlu\u011fu.<\/p>","protected":false},"excerpt":{"rendered":"<p>Teksas konnekt\u00f6rl\u00fc DC Soketli, 1 giri\u015f (erkek) ve 3 \u00e7\u0131k\u0131\u015fl\u0131 (di\u015fi) \u00e7oklay\u0131c\u0131 kablo. 3x30cm kablo uzunlu\u011fu.<\/p>","protected":false},"featured_media":6586,"template":"","meta":[],"product_cat":[116,130],"product_tag":[],"_links":{"self":[{"href":"https:\/\/o-em.com.tr\/en\/wp-json\/wp\/v2\/product\/6551"}],"collection":[{"href":"https:\/\/o-em.com.tr\/en\/wp-json\/wp\/v2\/product"}],"about":[{"href":"https:\/\/o-em.com.tr\/en\/wp-json\/wp\/v2\/types\/product"}],"version-history":[{"count":0,"href":"https:\/\/o-em.com.tr\/en\/wp-json\/wp\/v2\/product\/6551\/revisions"}],"wp:featuredmedia":[{"embeddable":true,"href":"https:\/\/o-em.com.tr\/en\/wp-json\/wp\/v2\/media\/6586"}],"wp:attachment":[{"href":"https:\/\/o-em.com.tr\/en\/wp-json\/wp\/v2\/media?parent=6551"}],"wp:term":[{"taxonomy":"product_cat","embeddable":true,"href":"https:\/\/o-em.com.tr\/en\/wp-json\/wp\/v2\/product_cat?post=6551"},{"taxonomy":"product_tag","embeddable":true,"href":"https:\/\/o-em.com.tr\/en\/wp-json\/wp\/v2\/product_tag?post=6551"}],"curies":[{"name":"wp","href":"https:\/\/api.w.org\/{rel}","templated":true}]}}