{"id":6609,"date":"2021-11-09T12:44:50","date_gmt":"2021-11-09T09:44:50","guid":{"rendered":"http:\/\/oem.proje99.com\/?post_type=product&#038;p=6609"},"modified":"2021-12-28T21:53:44","modified_gmt":"2021-12-28T18:53:44","slug":"oem-k8","status":"publish","type":"product","link":"https:\/\/o-em.com.tr\/en\/product\/oem-k8\/","title":{"rendered":"OEM-K8"},"content":{"rendered":"<p>Line can move horizontally and vertically. Mountable on \u00d88mm laser devices.<\/p>\n<p><strong>Compatible Devices<\/strong> OEM-DXS, OEM-LXS<\/p>","protected":false},"excerpt":{"rendered":"<p>Yatay ve dikey eksende \u00e7izgi ayarlanabilir. \u00d88mm \u00e7ap\u0131ndaki lazerler i\u00e7in uygundur. Uyumlu Cihazlar: OEM-DXS, OEM-LXS<\/p>","protected":false},"featured_media":7019,"template":"","meta":[],"product_cat":[116,117],"product_tag":[],"_links":{"self":[{"href":"https:\/\/o-em.com.tr\/en\/wp-json\/wp\/v2\/product\/6609"}],"collection":[{"href":"https:\/\/o-em.com.tr\/en\/wp-json\/wp\/v2\/product"}],"about":[{"href":"https:\/\/o-em.com.tr\/en\/wp-json\/wp\/v2\/types\/product"}],"version-history":[{"count":0,"href":"https:\/\/o-em.com.tr\/en\/wp-json\/wp\/v2\/product\/6609\/revisions"}],"wp:featuredmedia":[{"embeddable":true,"href":"https:\/\/o-em.com.tr\/en\/wp-json\/wp\/v2\/media\/7019"}],"wp:attachment":[{"href":"https:\/\/o-em.com.tr\/en\/wp-json\/wp\/v2\/media?parent=6609"}],"wp:term":[{"taxonomy":"product_cat","embeddable":true,"href":"https:\/\/o-em.com.tr\/en\/wp-json\/wp\/v2\/product_cat?post=6609"},{"taxonomy":"product_tag","embeddable":true,"href":"https:\/\/o-em.com.tr\/en\/wp-json\/wp\/v2\/product_tag?post=6609"}],"curies":[{"name":"wp","href":"https:\/\/api.w.org\/{rel}","templated":true}]}}