{"id":6624,"date":"2021-11-09T12:48:13","date_gmt":"2021-11-09T09:48:13","guid":{"rendered":"http:\/\/oem.proje99.com\/?post_type=product&#038;p=6624"},"modified":"2021-12-28T21:47:27","modified_gmt":"2021-12-28T18:47:27","slug":"oem-h20-20","status":"publish","type":"product","link":"https:\/\/o-em.com.tr\/en\/product\/oem-h20-20\/","title":{"rendered":"OEM-H20-20"},"content":{"rendered":"<p>Line can move horizontally and vertically.  Mountable on \u00d820mm laser devices and \u00d820mm shaft. The mechanism that the laser is mounted can have axial movement as 360\u00b0.<\/p>\n<p><strong>Compatible Devices<\/strong> OEM-CS, OEM-LXM.<\/p>","protected":false},"excerpt":{"rendered":"<p>Yatay ve dikey eksende \u00e7izgi ayarlanabilir. Lazerin monte edildi\u011fi mekanizma yatay eksende 360\u00b0 d\u00f6nd\u00fcr\u00fclebilir. \u00d820mm \u00e7ap\u0131ndaki lazerler i\u00e7in uygundur. Montaj<\/p>","protected":false},"featured_media":7020,"template":"","meta":[],"product_cat":[116,117],"product_tag":[],"_links":{"self":[{"href":"https:\/\/o-em.com.tr\/en\/wp-json\/wp\/v2\/product\/6624"}],"collection":[{"href":"https:\/\/o-em.com.tr\/en\/wp-json\/wp\/v2\/product"}],"about":[{"href":"https:\/\/o-em.com.tr\/en\/wp-json\/wp\/v2\/types\/product"}],"version-history":[{"count":0,"href":"https:\/\/o-em.com.tr\/en\/wp-json\/wp\/v2\/product\/6624\/revisions"}],"wp:featuredmedia":[{"embeddable":true,"href":"https:\/\/o-em.com.tr\/en\/wp-json\/wp\/v2\/media\/7020"}],"wp:attachment":[{"href":"https:\/\/o-em.com.tr\/en\/wp-json\/wp\/v2\/media?parent=6624"}],"wp:term":[{"taxonomy":"product_cat","embeddable":true,"href":"https:\/\/o-em.com.tr\/en\/wp-json\/wp\/v2\/product_cat?post=6624"},{"taxonomy":"product_tag","embeddable":true,"href":"https:\/\/o-em.com.tr\/en\/wp-json\/wp\/v2\/product_tag?post=6624"}],"curies":[{"name":"wp","href":"https:\/\/api.w.org\/{rel}","templated":true}]}}