{"id":6710,"date":"2021-11-09T15:26:30","date_gmt":"2021-11-09T12:26:30","guid":{"rendered":"http:\/\/oem.proje99.com\/?post_type=product&#038;p=6710"},"modified":"2021-12-09T00:17:56","modified_gmt":"2021-12-08T21:17:56","slug":"bl12_1","status":"publish","type":"product","link":"https:\/\/o-em.com.tr\/en\/product\/bl12_1\/","title":{"rendered":"OEM-BL12"},"content":{"rendered":"<p>Line limiter tab compatible with \u00d812mm laser devices. PVC housing.<\/p>\n<p><strong>Material<\/strong> PVC<\/p>","protected":false},"excerpt":{"rendered":"<p>\u00d812mm \u00e7ap\u0131ndaki lazerlere uyumlu \u00e7izgi s\u0131n\u0131rlay\u0131c\u0131 ba\u015fl\u0131k. Malzeme: PVC<\/p>","protected":false},"featured_media":6711,"template":"","meta":[],"product_cat":[378,116],"product_tag":[],"_links":{"self":[{"href":"https:\/\/o-em.com.tr\/en\/wp-json\/wp\/v2\/product\/6710"}],"collection":[{"href":"https:\/\/o-em.com.tr\/en\/wp-json\/wp\/v2\/product"}],"about":[{"href":"https:\/\/o-em.com.tr\/en\/wp-json\/wp\/v2\/types\/product"}],"version-history":[{"count":0,"href":"https:\/\/o-em.com.tr\/en\/wp-json\/wp\/v2\/product\/6710\/revisions"}],"wp:featuredmedia":[{"embeddable":true,"href":"https:\/\/o-em.com.tr\/en\/wp-json\/wp\/v2\/media\/6711"}],"wp:attachment":[{"href":"https:\/\/o-em.com.tr\/en\/wp-json\/wp\/v2\/media?parent=6710"}],"wp:term":[{"taxonomy":"product_cat","embeddable":true,"href":"https:\/\/o-em.com.tr\/en\/wp-json\/wp\/v2\/product_cat?post=6710"},{"taxonomy":"product_tag","embeddable":true,"href":"https:\/\/o-em.com.tr\/en\/wp-json\/wp\/v2\/product_tag?post=6710"}],"curies":[{"name":"wp","href":"https:\/\/api.w.org\/{rel}","templated":true}]}}