{"id":6723,"date":"2021-11-09T15:33:55","date_gmt":"2021-11-09T12:33:55","guid":{"rendered":"http:\/\/oem.proje99.com\/?post_type=product&#038;p=6723"},"modified":"2021-12-09T00:18:09","modified_gmt":"2021-12-08T21:18:09","slug":"bl16_1","status":"publish","type":"product","link":"https:\/\/o-em.com.tr\/en\/product\/bl16_1\/","title":{"rendered":"OEM-BL16"},"content":{"rendered":"<p>Line limiter tab compatible with \u00d816mm laser devices. PVC housing.<\/p>\n<p><strong>Material<\/strong> PVC<\/p>","protected":false},"excerpt":{"rendered":"<p>\u00d816mm \u00e7ap\u0131ndaki lazerlere uyumlu \u00e7izgi s\u0131n\u0131rlay\u0131c\u0131 ba\u015fl\u0131k. Malzeme: PVC<\/p>","protected":false},"featured_media":6724,"template":"","meta":[],"product_cat":[378,116],"product_tag":[],"_links":{"self":[{"href":"https:\/\/o-em.com.tr\/en\/wp-json\/wp\/v2\/product\/6723"}],"collection":[{"href":"https:\/\/o-em.com.tr\/en\/wp-json\/wp\/v2\/product"}],"about":[{"href":"https:\/\/o-em.com.tr\/en\/wp-json\/wp\/v2\/types\/product"}],"version-history":[{"count":0,"href":"https:\/\/o-em.com.tr\/en\/wp-json\/wp\/v2\/product\/6723\/revisions"}],"wp:featuredmedia":[{"embeddable":true,"href":"https:\/\/o-em.com.tr\/en\/wp-json\/wp\/v2\/media\/6724"}],"wp:attachment":[{"href":"https:\/\/o-em.com.tr\/en\/wp-json\/wp\/v2\/media?parent=6723"}],"wp:term":[{"taxonomy":"product_cat","embeddable":true,"href":"https:\/\/o-em.com.tr\/en\/wp-json\/wp\/v2\/product_cat?post=6723"},{"taxonomy":"product_tag","embeddable":true,"href":"https:\/\/o-em.com.tr\/en\/wp-json\/wp\/v2\/product_tag?post=6723"}],"curies":[{"name":"wp","href":"https:\/\/api.w.org\/{rel}","templated":true}]}}