{"id":6727,"date":"2021-11-09T15:35:24","date_gmt":"2021-11-09T12:35:24","guid":{"rendered":"http:\/\/oem.proje99.com\/?post_type=product&#038;p=6727"},"modified":"2021-12-09T00:18:42","modified_gmt":"2021-12-08T21:18:42","slug":"bl20_1","status":"publish","type":"product","link":"https:\/\/o-em.com.tr\/en\/product\/bl20_1\/","title":{"rendered":"OEM-BL20"},"content":{"rendered":"<p>Line limiter tab compatible with \u00d820mm laser devices. PVC housing.<\/p>\n<p><strong>Material<\/strong> PVC<\/p>","protected":false},"excerpt":{"rendered":"<p>\u00d820mm \u00e7ap\u0131ndaki lazerlere uyumlu \u00e7izgi s\u0131n\u0131rlay\u0131c\u0131 ba\u015fl\u0131k. Malzeme: PVC<\/p>","protected":false},"featured_media":6729,"template":"","meta":[],"product_cat":[378,116],"product_tag":[],"_links":{"self":[{"href":"https:\/\/o-em.com.tr\/en\/wp-json\/wp\/v2\/product\/6727"}],"collection":[{"href":"https:\/\/o-em.com.tr\/en\/wp-json\/wp\/v2\/product"}],"about":[{"href":"https:\/\/o-em.com.tr\/en\/wp-json\/wp\/v2\/types\/product"}],"version-history":[{"count":0,"href":"https:\/\/o-em.com.tr\/en\/wp-json\/wp\/v2\/product\/6727\/revisions"}],"wp:featuredmedia":[{"embeddable":true,"href":"https:\/\/o-em.com.tr\/en\/wp-json\/wp\/v2\/media\/6729"}],"wp:attachment":[{"href":"https:\/\/o-em.com.tr\/en\/wp-json\/wp\/v2\/media?parent=6727"}],"wp:term":[{"taxonomy":"product_cat","embeddable":true,"href":"https:\/\/o-em.com.tr\/en\/wp-json\/wp\/v2\/product_cat?post=6727"},{"taxonomy":"product_tag","embeddable":true,"href":"https:\/\/o-em.com.tr\/en\/wp-json\/wp\/v2\/product_tag?post=6727"}],"curies":[{"name":"wp","href":"https:\/\/api.w.org\/{rel}","templated":true}]}}