{"id":6732,"date":"2021-11-09T15:36:36","date_gmt":"2021-11-09T12:36:36","guid":{"rendered":"http:\/\/oem.proje99.com\/?post_type=product&#038;p=6732"},"modified":"2021-12-09T00:18:26","modified_gmt":"2021-12-08T21:18:26","slug":"bl26_1","status":"publish","type":"product","link":"https:\/\/o-em.com.tr\/en\/product\/bl26_1\/","title":{"rendered":"OEM-BL26"},"content":{"rendered":"<p>Line limiter tab compatible with \u00d826mm laser devices. PVC housing.<\/p>\n<p><strong>Material<\/strong> PVC<\/p>","protected":false},"excerpt":{"rendered":"<p>\u00d826mm \u00e7ap\u0131ndaki lazerlere uyumlu \u00e7izgi s\u0131n\u0131rlay\u0131c\u0131 ba\u015fl\u0131k. Malzeme: PVC<\/p>","protected":false},"featured_media":6733,"template":"","meta":[],"product_cat":[378,116],"product_tag":[],"_links":{"self":[{"href":"https:\/\/o-em.com.tr\/en\/wp-json\/wp\/v2\/product\/6732"}],"collection":[{"href":"https:\/\/o-em.com.tr\/en\/wp-json\/wp\/v2\/product"}],"about":[{"href":"https:\/\/o-em.com.tr\/en\/wp-json\/wp\/v2\/types\/product"}],"version-history":[{"count":0,"href":"https:\/\/o-em.com.tr\/en\/wp-json\/wp\/v2\/product\/6732\/revisions"}],"wp:featuredmedia":[{"embeddable":true,"href":"https:\/\/o-em.com.tr\/en\/wp-json\/wp\/v2\/media\/6733"}],"wp:attachment":[{"href":"https:\/\/o-em.com.tr\/en\/wp-json\/wp\/v2\/media?parent=6732"}],"wp:term":[{"taxonomy":"product_cat","embeddable":true,"href":"https:\/\/o-em.com.tr\/en\/wp-json\/wp\/v2\/product_cat?post=6732"},{"taxonomy":"product_tag","embeddable":true,"href":"https:\/\/o-em.com.tr\/en\/wp-json\/wp\/v2\/product_tag?post=6732"}],"curies":[{"name":"wp","href":"https:\/\/api.w.org\/{rel}","templated":true}]}}