{"id":6908,"date":"2021-11-10T14:55:52","date_gmt":"2021-11-10T11:55:52","guid":{"rendered":"http:\/\/oem.proje99.com\/?post_type=product&#038;p=6908"},"modified":"2024-01-11T15:04:10","modified_gmt":"2024-01-11T12:04:10","slug":"oem52-10cs5vc-f","status":"publish","type":"product","link":"https:\/\/o-em.com.tr\/en\/product\/oem52-10cs5vc-f\/","title":{"rendered":"OEM52-10CS5VC-F"},"content":{"rendered":"<p>OEM52-10CS5VC-F series cross positioning laser produced with green color (520nm) option offers professional solutions in medium distance industrial alignment applications within its ergonomic \u00d820mm diameter designed housing and adjustable focus feature. It has 10mW optical output power and supply voltage is +5VDC.<br \/>\nIt is used in many industrial fields such as textile and leather, stone, industrial automation, welding and medical applications.<\/p>","protected":false},"excerpt":{"rendered":"<p>&#8220;Ye\u015fil renk (520nm) se\u00e7ene\u011fi ile \u00fcretilen OEM-CS serisi art\u0131 lazer i\u015faretleyici \u00d820mm \u00e7ap\u0131nda ergonomik tasar\u0131m\u0131 ve ayarlanabilir fokus \u00f6zelli\u011fi ile<\/p>","protected":false},"featured_media":6909,"template":"","meta":[],"product_cat":[24,92,93],"product_tag":[],"_links":{"self":[{"href":"https:\/\/o-em.com.tr\/en\/wp-json\/wp\/v2\/product\/6908"}],"collection":[{"href":"https:\/\/o-em.com.tr\/en\/wp-json\/wp\/v2\/product"}],"about":[{"href":"https:\/\/o-em.com.tr\/en\/wp-json\/wp\/v2\/types\/product"}],"version-history":[{"count":1,"href":"https:\/\/o-em.com.tr\/en\/wp-json\/wp\/v2\/product\/6908\/revisions"}],"predecessor-version":[{"id":8864,"href":"https:\/\/o-em.com.tr\/en\/wp-json\/wp\/v2\/product\/6908\/revisions\/8864"}],"wp:featuredmedia":[{"embeddable":true,"href":"https:\/\/o-em.com.tr\/en\/wp-json\/wp\/v2\/media\/6909"}],"wp:attachment":[{"href":"https:\/\/o-em.com.tr\/en\/wp-json\/wp\/v2\/media?parent=6908"}],"wp:term":[{"taxonomy":"product_cat","embeddable":true,"href":"https:\/\/o-em.com.tr\/en\/wp-json\/wp\/v2\/product_cat?post=6908"},{"taxonomy":"product_tag","embeddable":true,"href":"https:\/\/o-em.com.tr\/en\/wp-json\/wp\/v2\/product_tag?post=6908"}],"curies":[{"name":"wp","href":"https:\/\/api.w.org\/{rel}","templated":true}]}}