{"id":6912,"date":"2021-11-10T15:02:34","date_gmt":"2021-11-10T12:02:34","guid":{"rendered":"http:\/\/oem.proje99.com\/?post_type=product&#038;p=6912"},"modified":"2021-12-30T16:47:16","modified_gmt":"2021-12-30T13:47:16","slug":"oem65-05cxs5vc-f","status":"publish","type":"product","link":"https:\/\/o-em.com.tr\/en\/product\/oem65-05cxs5vc-f\/","title":{"rendered":"OEM65-05CXS5VC-F"},"content":{"rendered":"<p>&#8220;K\u0131rm\u0131z\u0131 renk (650nm) se\u00e7ene\u011fi ile \u00fcretilen OEM-CXS serisi art\u0131 lazer i\u015faretleyici \u00d812mm \u00e7ap\u0131nda minimal tasar\u0131m\u0131 ve ayarlanabilir fokus \u00f6zelli\u011fi ile k\u0131sa mesafeli end\u00fcstriyel hizalama uygulamalar\u0131nda profesyonel \u00e7\u00f6z\u00fcmler sunuyor.<br \/>\n5 mW optik \u00e7\u0131k\u0131\u015f g\u00fcc\u00fcne sahip olup, \u00e7al\u0131\u015fma gerilimi +5 VDC\u2019dir. Tekstil ve deri end\u00fcstrisi, end\u00fcstriyel otomasyon, kaynak uygulamalar\u0131 ve medikal uygulamalar\u0131 ba\u015fta olmak \u00fczere bir\u00e7ok end\u00fcstriyel alanda hizalama \u00e7\u00f6z\u00fcmleri sunmaktad\u0131r. &#8220;<\/p>","protected":false},"excerpt":{"rendered":"<style>.elementor-6927 .elementor-element.elementor-element-e054993{--e-image-carousel-slides-to-show:3;}.elementor-6927 .elementor-element.elementor-element-e054993 .elementor-swiper-button.elementor-swiper-button-prev, .elementor-6927 .elementor-element.elementor-element-e054993 .elementor-swiper-button.elementor-swiper-button-next{font-size:50px;}<\/style>\n<div data-elementor-type=\"wp-post\" data-elementor-id=\"6927\" class=\"elementor elementor-6927\" data-elementor-post-type=\"cms_block\">\n<section class=\"elementor-section elementor-top-section elementor-element elementor-element-b0f20cf elementor-section-boxed elementor-section-height-default elementor-section-height-default wd-section-disabled\" data-id=\"b0f20cf\" data-element_type=\"section\">\n<div class=\"elementor-container elementor-column-gap-default\">\n<div class=\"elementor-column elementor-col-100 elementor-top-column elementor-element elementor-element-72ddd0a\" data-id=\"72ddd0a\" data-element_type=\"column\">\n<div class=\"elementor-widget-wrap elementor-element-populated\">\n<div class=\"elementor-element elementor-element-e054993 elementor-arrows-position-inside elementor-widget elementor-widget-image-carousel\" data-id=\"e054993\" data-element_type=\"widget\" data-settings=\"{&quot;slides_to_show&quot;:&quot;3&quot;,&quot;navigation&quot;:&quot;arrows&quot;,&quot;image_spacing_custom&quot;:{&quot;unit&quot;:&quot;px&quot;,&quot;size&quot;:10,&quot;sizes&quot;:[]},&quot;autoplay&quot;:&quot;yes&quot;,&quot;pause_on_hover&quot;:&quot;yes&quot;,&quot;pause_on_interaction&quot;:&quot;yes&quot;,&quot;autoplay_speed&quot;:5000,&quot;infinite&quot;:&quot;yes&quot;,&quot;speed&quot;:500,&quot;image_spacing_custom_tablet&quot;:{&quot;unit&quot;:&quot;px&quot;,&quot;size&quot;:&quot;&quot;,&quot;sizes&quot;:[]},&quot;image_spacing_custom_mobile&quot;:{&quot;unit&quot;:&quot;px&quot;,&quot;size&quot;:&quot;&quot;,&quot;sizes&quot;:[]}}\" data-widget_type=\"image-carousel.default\">\n<div class=\"elementor-widget-container\">\n<div class=\"elementor-image-carousel-wrapper swiper\" dir=\"ltr\">\n<div class=\"elementor-image-carousel swiper-wrapper\" aria-live=\"off\">\n<div class=\"swiper-slide\" role=\"group\" aria-roledescription=\"slide\" aria-label=\"1 of 5\">\n<figure class=\"swiper-slide-inner\"><img decoding=\"async\" class=\"swiper-slide-image\" src=\"https:\/\/o-em.com.tr\/wp-content\/uploads\/elementor\/thumbs\/CXS_1-pm8mbj5vxhet3khkx11ynruqh4kxbxfistatxyf83o.jpg\" alt=\"CXS_1\" \/><\/figure>\n<\/div>\n<div class=\"swiper-slide\" role=\"group\" aria-roledescription=\"slide\" aria-label=\"2 of 5\">\n<figure class=\"swiper-slide-inner\"><img decoding=\"async\" class=\"swiper-slide-image\" src=\"https:\/\/o-em.com.tr\/wp-content\/uploads\/elementor\/thumbs\/CXS_2-pm8mbj5vxhet3khkx11ynruqh4kxbxfistatxyf83o.jpg\" alt=\"CXS_2\" \/><\/figure>\n<\/div>\n<div class=\"swiper-slide\" role=\"group\" aria-roledescription=\"slide\" aria-label=\"3 of 5\">\n<figure class=\"swiper-slide-inner\"><img decoding=\"async\" class=\"swiper-slide-image\" src=\"https:\/\/o-em.com.tr\/wp-content\/uploads\/elementor\/thumbs\/CXS_3-pm8mbha7jtc8gckb808pisbtacu6wj824jzuzei0g4.jpg\" alt=\"CXS_3\" \/><\/figure>\n<\/div>\n<div class=\"swiper-slide\" role=\"group\" aria-roledescription=\"slide\" aria-label=\"4 of 5\">\n<figure class=\"swiper-slide-inner\"><img decoding=\"async\" class=\"swiper-slide-image\" src=\"https:\/\/o-em.com.tr\/wp-content\/uploads\/elementor\/thumbs\/CXS_4-pm8mbfej659nt4n1izfgdssw3l3gh50lgaow0ukssk.jpg\" alt=\"CXS_4\" \/><\/figure>\n<\/div>\n<div class=\"swiper-slide\" role=\"group\" aria-roledescription=\"slide\" aria-label=\"5 of 5\">\n<figure class=\"swiper-slide-inner\"><img decoding=\"async\" class=\"swiper-slide-image\" src=\"https:\/\/o-em.com.tr\/wp-content\/uploads\/elementor\/thumbs\/CXS_5-pm8mbfej659nt4n1izfgdssw3l3gh50lgaow0ukssk.jpg\" alt=\"CXS_5\" \/><\/figure>\n<\/div><\/div>\n<div class=\"elementor-swiper-button elementor-swiper-button-prev\" role=\"button\" tabindex=\"0\">\n\t\t\t\t\t\t<i aria-hidden=\"true\" class=\"eicon-chevron-left\"><\/i>\t\t\t\t\t<\/div>\n<div class=\"elementor-swiper-button elementor-swiper-button-next\" role=\"button\" tabindex=\"0\">\n\t\t\t\t\t\t<i aria-hidden=\"true\" class=\"eicon-chevron-right\"><\/i>\t\t\t\t\t<\/div>\n<\/p><\/div>\n<\/p><\/div>\n<\/p><\/div>\n<\/p><\/div>\n<\/p><\/div>\n<\/p><\/div>\n<\/section><\/div>","protected":false},"featured_media":6913,"template":"","meta":[],"product_cat":[377,24,25],"product_tag":[],"_links":{"self":[{"href":"https:\/\/o-em.com.tr\/en\/wp-json\/wp\/v2\/product\/6912"}],"collection":[{"href":"https:\/\/o-em.com.tr\/en\/wp-json\/wp\/v2\/product"}],"about":[{"href":"https:\/\/o-em.com.tr\/en\/wp-json\/wp\/v2\/types\/product"}],"version-history":[{"count":0,"href":"https:\/\/o-em.com.tr\/en\/wp-json\/wp\/v2\/product\/6912\/revisions"}],"wp:featuredmedia":[{"embeddable":true,"href":"https:\/\/o-em.com.tr\/en\/wp-json\/wp\/v2\/media\/6913"}],"wp:attachment":[{"href":"https:\/\/o-em.com.tr\/en\/wp-json\/wp\/v2\/media?parent=6912"}],"wp:term":[{"taxonomy":"product_cat","embeddable":true,"href":"https:\/\/o-em.com.tr\/en\/wp-json\/wp\/v2\/product_cat?post=6912"},{"taxonomy":"product_tag","embeddable":true,"href":"https:\/\/o-em.com.tr\/en\/wp-json\/wp\/v2\/product_tag?post=6912"}],"curies":[{"name":"wp","href":"https:\/\/api.w.org\/{rel}","templated":true}]}}