{"id":7369,"date":"2021-11-23T10:22:00","date_gmt":"2021-11-23T07:22:00","guid":{"rendered":"https:\/\/oem.proje99.com\/?post_type=product&#038;p=7369"},"modified":"2021-12-30T17:02:34","modified_gmt":"2021-12-30T14:02:34","slug":"oem63-90lmxl24vp-f","status":"publish","type":"product","link":"https:\/\/o-em.com.tr\/en\/product\/oem63-90lmxl24vp-f\/","title":{"rendered":"OEM63-90LMXL24VP-F"},"content":{"rendered":"<p>OEM63-90LMXL24VP-F series line positioning laser produced with red color (635nm) option offers professional solutions in medium distance industrial alignment applications within its impact-resistant rectangated prism shaped housing and adjustable axis feature with limited homogeneous line. It has 180mW optical output power and supply voltage is 12-24VDC. It is used in many industrial fields such as industrial automation.<\/p>","protected":false},"excerpt":{"rendered":"<p>K\u0131rm\u0131z\u0131 renk (635nm) se\u00e7ene\u011fi ile \u00fcretilen OEM-LMXL serisi \u00e7izgi lazer i\u015faretleyici d\u00f6rtgen prizma g\u00f6r\u00fcn\u00fcm\u00fcyle darbeye dayan\u0131kl\u0131 g\u00f6vde tasar\u0131m\u0131, ayarlanabilir eksen<\/p>","protected":false},"featured_media":7380,"template":"","meta":[],"product_cat":[454,24,25,33],"product_tag":[],"_links":{"self":[{"href":"https:\/\/o-em.com.tr\/en\/wp-json\/wp\/v2\/product\/7369"}],"collection":[{"href":"https:\/\/o-em.com.tr\/en\/wp-json\/wp\/v2\/product"}],"about":[{"href":"https:\/\/o-em.com.tr\/en\/wp-json\/wp\/v2\/types\/product"}],"version-history":[{"count":0,"href":"https:\/\/o-em.com.tr\/en\/wp-json\/wp\/v2\/product\/7369\/revisions"}],"wp:featuredmedia":[{"embeddable":true,"href":"https:\/\/o-em.com.tr\/en\/wp-json\/wp\/v2\/media\/7380"}],"wp:attachment":[{"href":"https:\/\/o-em.com.tr\/en\/wp-json\/wp\/v2\/media?parent=7369"}],"wp:term":[{"taxonomy":"product_cat","embeddable":true,"href":"https:\/\/o-em.com.tr\/en\/wp-json\/wp\/v2\/product_cat?post=7369"},{"taxonomy":"product_tag","embeddable":true,"href":"https:\/\/o-em.com.tr\/en\/wp-json\/wp\/v2\/product_tag?post=7369"}],"curies":[{"name":"wp","href":"https:\/\/api.w.org\/{rel}","templated":true}]}}